{"id":2830,"date":"2024-07-27T17:15:54","date_gmt":"2024-07-27T15:15:54","guid":{"rendered":"https:\/\/www.soval.fr\/?page_id=2830"},"modified":"2024-09-23T10:10:48","modified_gmt":"2024-09-23T08:10:48","slug":"irrigation-arrosage","status":"publish","type":"page","link":"https:\/\/www.soval.fr\/fr\/irrigation-arrosage\/","title":{"rendered":"Irrigation \/ Arrosage"},"content":{"rendered":"\n<div class=\"wp-block-columns is-layout-flex wp-container-core-columns-is-layout-51c8ee58 wp-block-columns-is-layout-flex\" style=\"padding-top:var(--wp--preset--spacing--70);padding-bottom:var(--wp--preset--spacing--70)\">\n<div class=\"wp-block-column is-layout-flow wp-block-column-is-layout-flow\">\n<p>D\u2019apr\u00e8s le site de l\u2019Inrae, l\u2019eau pr\u00e9lev\u00e9e annuellement pour les activit\u00e9s humaines est de l&#8217;ordre de\u00a033\u00a0milliards de m<sup>3<\/sup>. L\u2019agriculture consommerait 3\u00a0milliards de m<sup>3<\/sup>, dont 80 % pour les besoins en irrigation sous diff\u00e9rentes formes : irrigation de surface, aspersion, goutte \u00e0 goutte. Par ailleurs, pour de nombreuses collectivit\u00e9s et grandes agglom\u00e9rations, l\u2019arrosage des parcs, jardins et des espaces verts peut repr\u00e9senter des d\u00e9penses significatives en facture d\u2019eau potable.<\/p>\n<\/div>\n\n\n\n<div class=\"wp-block-column is-layout-flow wp-block-column-is-layout-flow\">\n<p>Enfin, l\u2019arrosage des terrains de sport, de golf, centres \u00e9questres et am\u00e9nagements paysagers reste n\u00e9cessaire pour nos usages personnels.<br><br>Avec un constat ces derni\u00e8res ann\u00e9es d\u2019une hausse moyenne des temp\u00e9ratures, d\u2019une irr\u00e9gularit\u00e9 des pluies et face \u00e0 un stress hydrique pour les cultures et les plantes, SOVAL dispose de solutions adapt\u00e9es afin de r\u00e9pondre \u00e0 vos enjeux d\u2019arrosage et d\u2019irrigation.<\/p>\n<\/div>\n<\/div>\n\n\n\n<div class=\"wp-block-group alignfull has-beige-background-color has-background is-layout-constrained wp-block-group-is-layout-constrained\" style=\"padding-top:var(--wp--preset--spacing--70);padding-bottom:var(--wp--preset--spacing--70)\">\n<h2 class=\"wp-block-heading has-bleu-roi-color has-text-color has-link-color wp-elements-fe0922a6ad20f4dcdf25a3cac73286d1\"><strong>Exploitant\/producteur agricole, n\u00e9goce en agriculture, petites et grande collectivit\u00e9s, SOVAL vous accompagne de la source \u00e0 l\u2019irrigation de vos plantes<\/strong>.<\/h2>\n\n\n\n<div class=\"wp-block-columns is-layout-flex wp-container-core-columns-is-layout-fe77f8b0 wp-block-columns-is-layout-flex\" style=\"padding-right:var(--wp--preset--spacing--60);padding-left:var(--wp--preset--spacing--60)\">\n<div class=\"wp-block-column is-layout-flow wp-block-column-is-layout-flow\">\n<div class=\"wp-block-group colonne_max is-vertical is-layout-flex wp-container-core-group-is-layout-fed7e1b2 wp-block-group-is-layout-flex\">\n<ul class=\"wp-block-list wp-container-content-f9bd05ee\">\n<li style=\"font-size:1.2em\"><strong>Stockage des eaux de pluie<\/strong><span style=\"font-size: medium; white-space-collapse: collapse;\"><\/span><\/li>\n<\/ul>\n\n\n\n<p class=\"has-bleu-roi-color has-text-color has-bleu-roi-color has-text-color\">Stockage \u00e0 la parcelle, r\u00e9tention : il est devenu indispensable de collecter, stocker et r\u00e9guler l\u2019eau \u00e0 la parcelle.<\/p>\n\n\n\n<hr class=\"wp-block-separator has-alpha-channel-opacity\" style=\"margin-top:var(--wp--preset--spacing--20);margin-bottom:var(--wp--preset--spacing--20)\"\/>\n\n\n\n<p>Ainsi, particuliers ou professionnels, gr\u00e2ce \u00e0 des syst\u00e8mes de stockage et de r\u00e9cup\u00e9ration d\u2019eau de pluie, nous vous accompagnons dans vos projets de construction (maison individuelle, hall, exploitation\u2026), r\u00e9serve incendie, usage industriel, de la phase de dimensionnement \u00e0 la livraison sur site. <br>Profitez de syst\u00e8mes enterr\u00e9s (citerne, cageots, etc.) ou de cuves a\u00e9riennes adapt\u00e9es selon vos besoins afin de ne pas manquer d\u2019eau sur la saison estivale.<\/p>\n\n\n\n<div style=\"height:32px\" aria-hidden=\"true\" class=\"wp-block-spacer wp-container-content-4dd21e30\"><\/div>\n\n\n\n<figure class=\"wp-block-image size-large mobile-img_full element-bottom wp-container-content-e0b89f81\"><img decoding=\"async\" width=\"1024\" height=\"576\" src=\"https:\/\/www.soval.fr\/wp-content\/uploads\/2024\/08\/stockage-des-eaux-de-pluie-1024x576.jpeg\" alt=\"\" class=\"wp-image-5113\" style=\"aspect-ratio:16\/9;object-fit:cover\" srcset=\"https:\/\/www.soval.fr\/wp-content\/uploads\/2024\/08\/stockage-des-eaux-de-pluie-1024x576.jpeg 1024w, https:\/\/www.soval.fr\/wp-content\/uploads\/2024\/08\/stockage-des-eaux-de-pluie-300x169.jpeg 300w, https:\/\/www.soval.fr\/wp-content\/uploads\/2024\/08\/stockage-des-eaux-de-pluie-768x432.jpeg 768w, https:\/\/www.soval.fr\/wp-content\/uploads\/2024\/08\/stockage-des-eaux-de-pluie-1536x864.jpeg 1536w, https:\/\/www.soval.fr\/wp-content\/uploads\/2024\/08\/stockage-des-eaux-de-pluie-2048x1152.jpeg 2048w, https:\/\/www.soval.fr\/wp-content\/uploads\/2024\/08\/stockage-des-eaux-de-pluie-600x338.jpeg 600w\" sizes=\"(max-width: 1024px) 100vw, 1024px\" \/><\/figure>\n<\/div>\n<\/div>\n\n\n\n<div class=\"wp-block-column is-layout-flow wp-block-column-is-layout-flow\">\n<div class=\"wp-block-group colonne_max is-vertical is-layout-flex wp-container-core-group-is-layout-fed7e1b2 wp-block-group-is-layout-flex\">\n<ul class=\"wp-block-list wp-container-content-f9bd05ee\">\n<li style=\"font-size:1.2em\"><strong>Raccords fonte JA SOVAL pour emboitements PE &amp; PVC<\/strong><span style=\"font-size: medium; white-space-collapse: collapse;\"><\/span><\/li>\n<\/ul>\n\n\n\n<p class=\"has-bleu-roi-color has-text-color has-bleu-roi-color has-text-color\">Fabricant Made in France de pi\u00e8ces de raccords en fonte, nous sommes en mesure de vous livrer rapidement diff\u00e9rents raccords en fonte permettant l\u2019emboitement rapide de vos tuyaux en PVC &amp; PE (coudes, t\u00e9, c\u00f4ne de r\u00e9duction, be\u2026).<\/p>\n\n\n\n<hr class=\"wp-block-separator has-alpha-channel-opacity\" style=\"margin-top:var(--wp--preset--spacing--20);margin-bottom:var(--wp--preset--spacing--20)\"\/>\n\n\n\n<p>Notre statut de n\u00e9goce nous permet \u00e9galement de fournir \u00e0 des prix comp\u00e9titifs des raccords la marque Huot ou Bayard (R5, SR5, R6, SR6, Major Stop, etc.) Enfin, notre expertise est \u00e9galement l\u00e0 pour vous accompagner \u00e0 travers une offre compl\u00e8te et p\u00e9renne de raccords \u00e9lectrosoudables ou de solutions par soudure au miroir lors de vos projets en PEHD.\u00a0<\/p>\n\n\n\n<div style=\"height:0px\" aria-hidden=\"true\" class=\"wp-block-spacer wp-container-content-4dd21e30\"><\/div>\n\n\n\n<figure class=\"wp-block-image size-large mobile-img_full element-bottom wp-container-content-e0b89f81\"><img decoding=\"async\" width=\"1024\" height=\"576\" src=\"https:\/\/www.soval.fr\/wp-content\/uploads\/2024\/08\/ja-1024x576.jpg\" alt=\"\" class=\"wp-image-5119\" style=\"aspect-ratio:16\/9;object-fit:cover\" srcset=\"https:\/\/www.soval.fr\/wp-content\/uploads\/2024\/08\/ja-1024x576.jpg 1024w, https:\/\/www.soval.fr\/wp-content\/uploads\/2024\/08\/ja-300x169.jpg 300w, https:\/\/www.soval.fr\/wp-content\/uploads\/2024\/08\/ja-768x432.jpg 768w, https:\/\/www.soval.fr\/wp-content\/uploads\/2024\/08\/ja-1536x864.jpg 1536w, https:\/\/www.soval.fr\/wp-content\/uploads\/2024\/08\/ja-2048x1152.jpg 2048w, https:\/\/www.soval.fr\/wp-content\/uploads\/2024\/08\/ja-600x338.jpg 600w\" sizes=\"(max-width: 1024px) 100vw, 1024px\" \/><\/figure>\n<\/div>\n<\/div>\n<\/div>\n\n\n\n<div style=\"height:4em\" aria-hidden=\"true\" class=\"wp-block-spacer\"><\/div>\n\n\n\n<div class=\"wp-block-columns is-layout-flex wp-container-core-columns-is-layout-e5c6600c wp-block-columns-is-layout-flex\" style=\"margin-top:0;margin-bottom:0;padding-right:var(--wp--preset--spacing--60);padding-left:var(--wp--preset--spacing--60)\">\n<div class=\"wp-block-column is-layout-flow wp-block-column-is-layout-flow\">\n<div class=\"wp-block-group colonne_max is-vertical is-layout-flex wp-container-core-group-is-layout-fe9cc265 wp-block-group-is-layout-flex\">\n<ul class=\"wp-block-list\">\n<li style=\"font-size:1.2em\"><strong>Station de pompage<\/strong><span style=\"font-size: medium; white-space-collapse: collapse;\"><\/span><span id=\"docs-internal-guid-e5467699-7fff-54a4-33d4-9d4727094f07\"><div><span style=\"font-size: 11pt; font-family: Calibri, sans-serif; background-color: transparent; font-variant-numeric: normal; font-variant-east-asian: normal; font-variant-alternates: normal; font-variant-position: normal; vertical-align: baseline;\"><\/span><\/div><\/span><\/li>\n<\/ul>\n\n\n\n<p class=\"has-bleu-roi-color has-text-color has-link-color has-bleu-roi-color has-text-color\">Un syst\u00e8me d\u2019irrigation simple ou complexe ? La premi\u00e8re \u00e9tape consiste \u00e0 mettre en place une station de pompage bien dimensionn\u00e9e, \u00e9quip\u00e9e et prot\u00e9g\u00e9e, pour avoir un syst\u00e8me d\u2019arrosage s\u00fbr et p\u00e9renne.<\/p>\n\n\n\n<hr class=\"wp-block-separator has-alpha-channel-opacity\" style=\"margin-top:var(--wp--preset--spacing--20);margin-bottom:var(--wp--preset--spacing--20)\"\/>\n\n\n\n<p>Que vous pompiez des eaux de surface et\/ou des eaux de nappes, SOVAL vous oriente vers le bon choix pour votre station en\u00a0:<\/p>\n\n\n\n<ul class=\"wp-block-list\">\n<li>Clapet cr\u00e9pine ou de non-retour pour protection de vos ensembles de pompes et r\u00e9seaux<\/li>\n\n\n\n<li>Vanne papillon, vanne de sectionnement courte \u00e0 volant pour isoler vos diff\u00e9rents d\u00e9parts vers vos parcelles et mise en hivernage des r\u00e9seaux<\/li>\n\n\n\n<li>Equipement de protection hydraulique avec r\u00e9gulation de pression vers votre r\u00e9seau<\/li>\n<\/ul>\n\n\n\n<figure class=\"wp-block-image size-large mobile-img_full element-bottom wp-container-content-e0b89f81\"><img decoding=\"async\" width=\"1024\" height=\"685\" src=\"https:\/\/www.soval.fr\/wp-content\/uploads\/2024\/08\/dsc_0264-1024x685.jpg\" alt=\"\" class=\"wp-image-6237\" style=\"aspect-ratio:16\/9;object-fit:cover\" srcset=\"https:\/\/www.soval.fr\/wp-content\/uploads\/2024\/08\/dsc_0264-1024x685.jpg 1024w, https:\/\/www.soval.fr\/wp-content\/uploads\/2024\/08\/dsc_0264-300x201.jpg 300w, https:\/\/www.soval.fr\/wp-content\/uploads\/2024\/08\/dsc_0264-768x514.jpg 768w, https:\/\/www.soval.fr\/wp-content\/uploads\/2024\/08\/dsc_0264-1536x1028.jpg 1536w, https:\/\/www.soval.fr\/wp-content\/uploads\/2024\/08\/dsc_0264-2048x1371.jpg 2048w, https:\/\/www.soval.fr\/wp-content\/uploads\/2024\/08\/dsc_0264-600x402.jpg 600w\" sizes=\"(max-width: 1024px) 100vw, 1024px\" \/><\/figure>\n<\/div>\n<\/div>\n\n\n\n<div class=\"wp-block-column is-layout-flow wp-block-column-is-layout-flow\">\n<div class=\"wp-block-group colonne_max is-vertical is-layout-flex wp-container-core-group-is-layout-fe9cc265 wp-block-group-is-layout-flex\">\n<ul class=\"wp-block-list\">\n<li style=\"font-size:1.2em\"><strong>Tubes fonte, PVC &amp; PEHD pour l\u2019arrosage et l\u2019irrigation<\/strong><span style=\"font-size: medium; white-space-collapse: collapse;\"><\/span><span id=\"docs-internal-guid-f32dc1d1-7fff-c2ba-bf4a-48461c52f609\"><div><span style=\"font-size: 11pt; font-family: Calibri, sans-serif; background-color: transparent; font-variant-numeric: normal; font-variant-east-asian: normal; font-variant-alternates: normal; font-variant-position: normal; vertical-align: baseline;\"><\/span><\/div><\/span><\/li>\n<\/ul>\n\n\n\n<p class=\"has-bleu-roi-color has-text-color has-link-color has-bleu-roi-color has-text-color\">Vous souhaitez \u00e9tendre vos r\u00e9seaux et canalisations jusqu\u2019\u00e0 leur point de distribution&nbsp;?<\/p>\n\n\n\n<hr class=\"wp-block-separator has-alpha-channel-opacity\" style=\"margin-top:var(--wp--preset--spacing--20);margin-bottom:var(--wp--preset--spacing--20)\"\/>\n\n\n\n<p>Gr\u00e2ce \u00e0 des solutions vari\u00e9es, SOVAL dispose de canalisations appropri\u00e9es afin de r\u00e9pondre \u00e0 vos enjeux hydrauliques tout en r\u00e9pondant \u00e0 vos contraintes de d\u00e9bit et de pression\u00a0:<\/p>\n\n\n\n<ul class=\"wp-block-list\">\n<li>Tubes en fonte &#8211; DN 60 \u00e0 800 standard et haute pression<\/li>\n\n\n\n<li>Tubes en PEHD &#8211; DN 20 \u00e0 800 PN 10 \u00e0 25 bars (couronne 50 et 100 ml, barre de 6 \u00e0 13,4 m, touret)<\/li>\n\n\n\n<li>Tuyau en PVC gris et bi-orient\u00e9 &#8211; DN 50 \u00e0 250 PN 16 et 25 bars<\/li>\n\n\n\n<li>Tuyau en polym\u00e8re \u00ab&nbsp;verrouill\u00e9&nbsp;\u00bb derni\u00e8re g\u00e9n\u00e9ration &#8211; DN 90 \u00e0 630 PN 10 et 20 bars<\/li>\n<\/ul>\n\n\n\n<figure class=\"wp-block-image size-large mobile-img_full element-bottom wp-container-content-e0b89f81\"><img decoding=\"async\" width=\"1024\" height=\"682\" src=\"https:\/\/www.soval.fr\/wp-content\/uploads\/2024\/08\/conduite-1024x682.jpg\" alt=\"\" class=\"wp-image-5130\" style=\"aspect-ratio:16\/9;object-fit:cover\" srcset=\"https:\/\/www.soval.fr\/wp-content\/uploads\/2024\/08\/conduite-1024x682.jpg 1024w, https:\/\/www.soval.fr\/wp-content\/uploads\/2024\/08\/conduite-300x200.jpg 300w, https:\/\/www.soval.fr\/wp-content\/uploads\/2024\/08\/conduite-768x512.jpg 768w, https:\/\/www.soval.fr\/wp-content\/uploads\/2024\/08\/conduite-1536x1024.jpg 1536w, https:\/\/www.soval.fr\/wp-content\/uploads\/2024\/08\/conduite-600x400.jpg 600w, https:\/\/www.soval.fr\/wp-content\/uploads\/2024\/08\/conduite.jpg 1772w\" sizes=\"(max-width: 1024px) 100vw, 1024px\" \/><\/figure>\n<\/div>\n<\/div>\n<\/div>\n<\/div>\n\n\n\n<div class=\"wp-block-group is-layout-constrained wp-block-group-is-layout-constrained\" style=\"padding-top:var(--wp--preset--spacing--70);padding-bottom:var(--wp--preset--spacing--70)\">\n<h2 class=\"wp-block-heading has-bleu-roi-color has-text-color has-link-color wp-elements-e0a9b3d0c6c4fa91e2a0ca59150576ac\">Les points fort de Soval<\/h2>\n\n\n\n<div class=\"wp-block-group is-layout-constrained wp-container-core-group-is-layout-2704560f wp-block-group-is-layout-constrained\">\n<div class=\"wp-block-columns is-layout-flex wp-container-core-columns-is-layout-14cf5ab5 wp-block-columns-is-layout-flex\">\n<div class=\"wp-block-column is-layout-flow wp-block-column-is-layout-flow\">\n<div class=\"wp-block-group is-layout-constrained wp-block-group-is-layout-constrained\">\n<figure class=\"wp-block-image size-full is-resized\"><img decoding=\"async\" src=\"https:\/\/www.soval.fr\/wp-content\/uploads\/2024\/08\/1_production.svg\" alt=\"\" class=\"wp-image-4942\" style=\"width:75px\"\/><\/figure>\n\n\n\n<h3 class=\"wp-block-heading\" style=\"margin-top:var(--wp--preset--spacing--30);margin-bottom:var(--wp--preset--spacing--30)\"><strong>Production int\u00e9gr\u00e9e<\/strong><\/h3>\n\n\n\n<p>Les gammes fontes Soval sont con\u00e7ues et fabriqu\u00e9es dans notre fonderie haut-marnaise centenaire pour une exigence et un savoir-faire de proximit\u00e9.<\/p>\n<\/div>\n<\/div>\n\n\n\n<div class=\"wp-block-column is-layout-flow wp-block-column-is-layout-flow\">\n<div class=\"wp-block-group is-layout-constrained wp-block-group-is-layout-constrained\">\n<figure class=\"wp-block-image size-full is-resized\"><img decoding=\"async\" src=\"https:\/\/www.soval.fr\/wp-content\/uploads\/2024\/08\/2_urgences.svg\" alt=\"\" class=\"wp-image-4944\" style=\"width:75px\"\/><\/figure>\n\n\n\n<h3 class=\"wp-block-heading\" style=\"margin-top:var(--wp--preset--spacing--30);margin-bottom:var(--wp--preset--spacing--30)\"><strong>Gestion des urgences<\/strong><\/h3>\n\n\n\n<p>Vos probl\u00e8mes sont nos urgences. Experts et professionnels, nos \u00e9quipes sont d\u2019abord l\u00e0 pour vous orienter et vous conseiller dans vos choix techniques.<\/p>\n<\/div>\n<\/div>\n\n\n\n<div class=\"wp-block-column is-layout-flow wp-block-column-is-layout-flow\">\n<div class=\"wp-block-group is-layout-constrained wp-block-group-is-layout-constrained\">\n<figure class=\"wp-block-image size-full is-resized\"><img decoding=\"async\" src=\"https:\/\/www.soval.fr\/wp-content\/uploads\/2024\/08\/3_fabricant.svg\" alt=\"\" class=\"wp-image-4946\" style=\"width:75px\"\/><\/figure>\n\n\n\n<h3 class=\"wp-block-heading\" style=\"margin-top:var(--wp--preset--spacing--30);margin-bottom:var(--wp--preset--spacing--30)\"><strong>Fabricant \u2013 Distributeu<\/strong>r<\/h3>\n\n\n\n<p>Un maillage national et international. Nos agences sont toutes dot\u00e9es d\u2019un stock et de conseillers experts de vos r\u00e9seaux et nourris de notre longue exp\u00e9rience.<\/p>\n<\/div>\n<\/div>\n<\/div>\n<\/div>\n<\/div>\n\n\n\n<div class=\"wp-block-group has-beige-background-color has-background is-layout-constrained wp-block-group-is-layout-constrained\" style=\"padding-top:var(--wp--preset--spacing--70);padding-bottom:var(--wp--preset--spacing--70)\">\n<h2 class=\"wp-block-heading has-bleu-roi-color has-text-color has-link-color wp-elements-a0fc2c3e4940d8ac0cf5360417e20fb2\">Nos derniers chantiers<\/h2>\n\n\n<div class=\"block-relationnel overflow-hidden align wp-block-acf-relationnel\">\n    <div class=\"swiper swiper-relationnel\">\n        <div class=\"swiper-wrapper \">\n\t\t\t<div class=\"pb-10 swiper-slide\"><a href=\"https:\/\/www.soval.fr\/fr\/realisations\/chantier-assainissement-cuba\/\" class=\"templates-relationnel soval-link\" title=\"Lire la suite de Chantier Assainissement : Rhumerie Cuba\"><article class=\"flex h-full flex-col m-5\">\n    <div class=\"relative\">\n\t\t<img decoding=\"async\" width=\"1368\" height=\"1824\" src=\"https:\/\/www.soval.fr\/wp-content\/uploads\/2024\/09\/img-20211116-wa0015.jpg\" class=\"object-cover w-full h-64 wp-post-image\" alt=\"\" srcset=\"https:\/\/www.soval.fr\/wp-content\/uploads\/2024\/09\/img-20211116-wa0015.jpg 1368w, https:\/\/www.soval.fr\/wp-content\/uploads\/2024\/09\/img-20211116-wa0015-225x300.jpg 225w, https:\/\/www.soval.fr\/wp-content\/uploads\/2024\/09\/img-20211116-wa0015-768x1024.jpg 768w, https:\/\/www.soval.fr\/wp-content\/uploads\/2024\/09\/img-20211116-wa0015-1152x1536.jpg 1152w, https:\/\/www.soval.fr\/wp-content\/uploads\/2024\/09\/img-20211116-wa0015-600x800.jpg 600w\" sizes=\"(max-width: 1368px) 100vw, 1368px\" \/>    <\/div>\n    <div class=\"flex basis-full flex-col bg-white p-5\">\n        <div class=\"mb-5 text-2xl font-semibold\">\n\t\t\tChantier Assainissement : Rhumerie Cuba        <\/div>\n        <div class=\"mt-auto mb-3 line-clamp-4\">\n\t\t\t<p>R\u00e9seaux &#8211; Distillerie Havana Club (Cuba) Dans le cadre de son expansion, la distillerie \/ rhumerie Havana Club bas\u00e9e \u00e0 Cuba a lanc\u00e9 la construction de nouveaux b\u00e2timents. La collaboration entre Soval Export et Vonroll Hydro a permis la fourniture et la pose de canalisations et de raccords en fonte ductile disposant du label \u00ab&nbsp;FM [&hellip;]<\/p>\n        <\/div>\n        <div class=\"mt-auto text-right underline\">\n\t\t\tLire la suite        <\/div>\n    <\/div>\n<\/article>\n<\/a><\/div><div class=\"pb-10 swiper-slide\"><a href=\"https:\/\/www.soval.fr\/fr\/realisations\/chantier-assainissement-strasbourg-67\/\" class=\"templates-relationnel soval-link\" title=\"Lire la suite de Chantier Assainissement : Strasbourg (67)\"><article class=\"flex h-full flex-col m-5\">\n    <div class=\"relative\">\n\t\t<img decoding=\"async\" width=\"2560\" height=\"1440\" src=\"https:\/\/www.soval.fr\/wp-content\/uploads\/2024\/09\/20210609-20210609_082454-scaled.jpg\" class=\"object-cover w-full h-64 wp-post-image\" alt=\"\" srcset=\"https:\/\/www.soval.fr\/wp-content\/uploads\/2024\/09\/20210609-20210609_082454-scaled.jpg 2560w, https:\/\/www.soval.fr\/wp-content\/uploads\/2024\/09\/20210609-20210609_082454-300x169.jpg 300w, https:\/\/www.soval.fr\/wp-content\/uploads\/2024\/09\/20210609-20210609_082454-1024x576.jpg 1024w, https:\/\/www.soval.fr\/wp-content\/uploads\/2024\/09\/20210609-20210609_082454-768x432.jpg 768w, https:\/\/www.soval.fr\/wp-content\/uploads\/2024\/09\/20210609-20210609_082454-1536x864.jpg 1536w, https:\/\/www.soval.fr\/wp-content\/uploads\/2024\/09\/20210609-20210609_082454-2048x1152.jpg 2048w, https:\/\/www.soval.fr\/wp-content\/uploads\/2024\/09\/20210609-20210609_082454-600x338.jpg 600w\" sizes=\"(max-width: 2560px) 100vw, 2560px\" \/>    <\/div>\n    <div class=\"flex basis-full flex-col bg-white p-5\">\n        <div class=\"mb-5 text-2xl font-semibold\">\n\t\t\tChantier Assainissement : Strasbourg (67)        <\/div>\n        <div class=\"mt-auto mb-3 line-clamp-4\">\n\t\t\t<p>Cr\u00e9ation d&#8217;un poste de pompage &#8211; Strasbourg (67) Dans le cadre de la cr\u00e9ation d\u2019un nouveau poste de pompage assainissement, l\u2019Eurom\u00e9tropole de Strasbourg (67) a renouvel\u00e9e une conduite suspendue en DN 500, situ\u00e9e \u00e0 proximit\u00e9 de l\u2019Ecluse Sud le long de la Darse du Rhin. L\u2019agence SOVAL Strasbourg a pu accompagner ce chantier en hauteur [&hellip;]<\/p>\n        <\/div>\n        <div class=\"mt-auto text-right underline\">\n\t\t\tLire la suite        <\/div>\n    <\/div>\n<\/article>\n<\/a><\/div><div class=\"pb-10 swiper-slide\"><a href=\"https:\/\/www.soval.fr\/fr\/realisations\/realisations-de-plusieurs-noeuds-de-vannes\/\" class=\"templates-relationnel soval-link\" title=\"Lire la suite de Chantier Eau potable : Saint-Mayeux (22)\"><article class=\"flex h-full flex-col m-5\">\n    <div class=\"relative\">\n\t\t<img decoding=\"async\" width=\"2560\" height=\"1440\" src=\"https:\/\/www.soval.fr\/wp-content\/uploads\/2024\/08\/20231017_114625-scaled.jpg\" class=\"object-cover w-full h-64 wp-post-image\" alt=\"\" srcset=\"https:\/\/www.soval.fr\/wp-content\/uploads\/2024\/08\/20231017_114625-scaled.jpg 2560w, https:\/\/www.soval.fr\/wp-content\/uploads\/2024\/08\/20231017_114625-300x169.jpg 300w, https:\/\/www.soval.fr\/wp-content\/uploads\/2024\/08\/20231017_114625-1024x576.jpg 1024w, https:\/\/www.soval.fr\/wp-content\/uploads\/2024\/08\/20231017_114625-768x432.jpg 768w, https:\/\/www.soval.fr\/wp-content\/uploads\/2024\/08\/20231017_114625-1536x864.jpg 1536w, https:\/\/www.soval.fr\/wp-content\/uploads\/2024\/08\/20231017_114625-2048x1152.jpg 2048w, https:\/\/www.soval.fr\/wp-content\/uploads\/2024\/08\/20231017_114625-600x338.jpg 600w\" sizes=\"(max-width: 2560px) 100vw, 2560px\" \/>    <\/div>\n    <div class=\"flex basis-full flex-col bg-white p-5\">\n        <div class=\"mb-5 text-2xl font-semibold\">\n\t\t\tChantier Eau potable : Saint-Mayeux (22)        <\/div>\n        <div class=\"mt-auto mb-3 line-clamp-4\">\n\t\t\t<p>Noeuds de vannes &#8211; Saint-Mayeux (22) R\u00e9alisations de plusieurs n\u0153uds de vannes sur le feeder existant du Syndicat Mixte de Kerne Uhel sur la commune de Saint-Mayeux (22). L\u2019objectif de ces n\u0153uds est de pouvoir sectoriser la conduite en cas de casse ou de vidange. La cr\u00e9ation de ces n\u0153uds a n\u00e9cessit\u00e9 des raccords Souplessur [&hellip;]<\/p>\n        <\/div>\n        <div class=\"mt-auto text-right underline\">\n\t\t\tLire la suite        <\/div>\n    <\/div>\n<\/article>\n<\/a><\/div>        <\/div>\n        <div class=\"swiper-pagination\"><\/div>\n    <\/div>\n<\/div>\n\n\n\n<div style=\"height:4em\" aria-hidden=\"true\" class=\"wp-block-spacer\"><\/div>\n<\/div>\n","protected":false},"excerpt":{"rendered":"<p>D\u2019apr\u00e8s le site de l\u2019Inrae, l\u2019eau pr\u00e9lev\u00e9e annuellement pour les activit\u00e9s humaines est de l&#8217;ordre de\u00a033\u00a0milliards de m3. L\u2019agriculture consommerait 3\u00a0milliards de m3, dont 80 % pour les besoins en irrigation sous diff\u00e9rentes formes : irrigation de surface, aspersion, goutte \u00e0 goutte. Par ailleurs, pour de nombreuses collectivit\u00e9s et grandes agglom\u00e9rations, l\u2019arrosage des parcs, jardins [&hellip;]<\/p>\n","protected":false},"author":2,"featured_media":5109,"parent":0,"menu_order":0,"comment_status":"closed","ping_status":"closed","template":"","meta":{"_acf_changed":false,"footnotes":""},"class_list":["post-2830","page","type-page","status-publish","has-post-thumbnail","hentry"],"acf":[],"_links":{"self":[{"href":"https:\/\/www.soval.fr\/fr\/wp-json\/wp\/v2\/pages\/2830","targetHints":{"allow":["GET"]}}],"collection":[{"href":"https:\/\/www.soval.fr\/fr\/wp-json\/wp\/v2\/pages"}],"about":[{"href":"https:\/\/www.soval.fr\/fr\/wp-json\/wp\/v2\/types\/page"}],"author":[{"embeddable":true,"href":"https:\/\/www.soval.fr\/fr\/wp-json\/wp\/v2\/users\/2"}],"replies":[{"embeddable":true,"href":"https:\/\/www.soval.fr\/fr\/wp-json\/wp\/v2\/comments?post=2830"}],"version-history":[{"count":1,"href":"https:\/\/www.soval.fr\/fr\/wp-json\/wp\/v2\/pages\/2830\/revisions"}],"predecessor-version":[{"id":7382,"href":"https:\/\/www.soval.fr\/fr\/wp-json\/wp\/v2\/pages\/2830\/revisions\/7382"}],"wp:featuredmedia":[{"embeddable":true,"href":"https:\/\/www.soval.fr\/fr\/wp-json\/wp\/v2\/media\/5109"}],"wp:attachment":[{"href":"https:\/\/www.soval.fr\/fr\/wp-json\/wp\/v2\/media?parent=2830"}],"curies":[{"name":"wp","href":"https:\/\/api.w.org\/{rel}","templated":true}]}}