{"id":2832,"date":"2024-07-27T17:16:03","date_gmt":"2024-07-27T15:16:03","guid":{"rendered":"https:\/\/www.soval.fr\/?page_id=2832"},"modified":"2024-09-25T17:20:57","modified_gmt":"2024-09-25T15:20:57","slug":"accompagnement","status":"publish","type":"page","link":"https:\/\/www.soval.fr\/fr\/accompagnement\/","title":{"rendered":"Accompagnement"},"content":{"rendered":"\n<div class=\"wp-block-columns is-layout-flex wp-container-core-columns-is-layout-51c8ee58 wp-block-columns-is-layout-flex\" style=\"padding-top:var(--wp--preset--spacing--70);padding-bottom:var(--wp--preset--spacing--70)\">\n<div class=\"wp-block-column is-layout-flow wp-block-column-is-layout-flow\">\n<p>Avec sa longue exp\u00e9rience et son expertise, Soval se positionne comme le partenaire privil\u00e9gi\u00e9 pour accompagner les ma\u00eetrises d\u2019\u0153uvre, les ma\u00eetrises d\u2019ouvrage, ainsi que les entreprises de Travaux Publics dans la r\u00e9alisation de leurs projets. Notre savoir-faire unique nous permet d\u2019offrir des solutions sur mesure, adapt\u00e9es aux besoins sp\u00e9cifiques de chaque chantier.<\/p>\n<\/div>\n\n\n\n<div class=\"wp-block-column is-layout-flow wp-block-column-is-layout-flow\">\n<p>Nous sommes engag\u00e9s \u00e0 fournir un suivi de qualit\u00e9, en mettant \u00e0 disposition notre expertise technique et notre connaissance approfondie dans les m\u00e9tiers de l\u2019eau, de la voirie et de l\u2019assainissement. Que ce soit pour la gestion de projet, le conseil ou l\u2019assistance technique, Soval est votre alli\u00e9 pour mener \u00e0 bien vos projets, avec efficacit\u00e9 et professionnalisme.<\/p>\n<\/div>\n<\/div>\n\n\n\n<div class=\"wp-block-group alignfull mobile-no_padding has-beige-background-color has-background is-layout-constrained wp-block-group-is-layout-constrained\" style=\"padding-top:var(--wp--preset--spacing--70);padding-bottom:var(--wp--preset--spacing--70)\">\n<h2 class=\"wp-block-heading has-bleu-roi-color has-text-color has-link-color wp-elements-59d9a739b439bc6982492662f5ffec3c\">Soval, un r\u00e9seau d&#8217;experts pour une proximit\u00e9 in\u00e9gal\u00e9e<\/h2>\n\n\n\n<div class=\"wp-block-columns is-layout-flex wp-container-core-columns-is-layout-fe77f8b0 wp-block-columns-is-layout-flex\" style=\"padding-right:var(--wp--preset--spacing--60);padding-left:var(--wp--preset--spacing--60)\">\n<div class=\"wp-block-column is-layout-flow wp-block-column-is-layout-flow\">\n<div class=\"wp-block-group colonne_max is-vertical is-layout-flex wp-container-core-group-is-layout-fed7e1b2 wp-block-group-is-layout-flex\">\n<ul class=\"wp-block-list wp-container-content-f9bd05ee\">\n<li style=\"font-size:1.2em\"><strong>Une agence de proximit\u00e9<\/strong><\/li>\n<\/ul>\n\n\n\n<p>Soval tire parti de son maillage g\u00e9ographique pour instaurer et entretenir une relation de qualit\u00e9 avec ses clients qui repose sur le contact, la proximit\u00e9, et une prise en charge personnalis\u00e9e. Nos \u00e9quipes, r\u00e9parties au travers de 18 agences commerciales, sont toujours pr\u00eates \u00e0 r\u00e9pondre en temps r\u00e9el aux sollicitations de nos clients. Gr\u00e2ce \u00e0 cette organisation, nous pouvons faire preuve d&#8217;une r\u00e9activit\u00e9 exemplaire et assurer un accompagnement sur mesure avec nos services support : gestion des commandes, conception design, formation, SAV\u2026<\/p>\n\n\n\n<div style=\"height:0px\" aria-hidden=\"true\" class=\"wp-block-spacer wp-container-content-4dd21e30\"><\/div>\n\n\n\n<figure class=\"wp-block-image size-large mobile-img_full element-bottom wp-container-content-e0b89f81\"><img decoding=\"async\" width=\"1024\" height=\"576\" src=\"https:\/\/www.soval.fr\/wp-content\/uploads\/2024\/08\/1_agence_de_proximite-1024x576.jpg\" alt=\"\" class=\"wp-image-5245\" style=\"aspect-ratio:16\/9;object-fit:cover\" srcset=\"https:\/\/www.soval.fr\/wp-content\/uploads\/2024\/08\/1_agence_de_proximite-1024x576.jpg 1024w, https:\/\/www.soval.fr\/wp-content\/uploads\/2024\/08\/1_agence_de_proximite-300x169.jpg 300w, https:\/\/www.soval.fr\/wp-content\/uploads\/2024\/08\/1_agence_de_proximite-768x432.jpg 768w, https:\/\/www.soval.fr\/wp-content\/uploads\/2024\/08\/1_agence_de_proximite-1536x864.jpg 1536w, https:\/\/www.soval.fr\/wp-content\/uploads\/2024\/08\/1_agence_de_proximite-2048x1152.jpg 2048w, https:\/\/www.soval.fr\/wp-content\/uploads\/2024\/08\/1_agence_de_proximite-600x338.jpg 600w\" sizes=\"(max-width: 1024px) 100vw, 1024px\" \/><\/figure>\n<\/div>\n<\/div>\n\n\n\n<div class=\"wp-block-column is-layout-flow wp-block-column-is-layout-flow\">\n<div class=\"wp-block-group colonne_max is-vertical is-layout-flex wp-container-core-group-is-layout-fed7e1b2 wp-block-group-is-layout-flex\">\n<ul class=\"wp-block-list wp-container-content-f9bd05ee\">\n<li style=\"font-size:1.2em\"><strong>Un interlocuteur unique<\/strong><\/li>\n<\/ul>\n\n\n\n<p>Chaque client b\u00e9n\u00e9ficie d\u2019un interlocuteur unique pour un suivi optimal. Nos technico-commerciaux, form\u00e9s aux m\u00e9tiers de l\u2019adduction d\u2019eau, de la voirie et de l\u2019assainissement, sont \u00e0 votre disposition pour vous conseiller et vous fournir des solutions techniques adapt\u00e9es \u00e0 chaque \u00e9tape de votre projet. <\/p>\n\n\n\n<hr class=\"wp-block-separator has-alpha-channel-opacity\" style=\"margin-top:var(--wp--preset--spacing--20);margin-bottom:var(--wp--preset--spacing--20)\"\/>\n\n\n\n<p>Nous avons l&#8217;expertise n\u00e9cessaire pour produire des solutions qui r\u00e9pondent efficacement aux besoins et aux enjeux de vos projets.<\/p>\n\n\n\n<div style=\"height:0px\" aria-hidden=\"true\" class=\"wp-block-spacer wp-container-content-4dd21e30\"><\/div>\n\n\n\n<figure class=\"wp-block-image size-large mobile-img_full element-bottom wp-container-content-e0b89f81\"><img decoding=\"async\" width=\"1024\" height=\"439\" src=\"https:\/\/www.soval.fr\/wp-content\/uploads\/2024\/08\/2_un_interlocuteur_unique-1024x439.jpg\" alt=\"\" class=\"wp-image-5247\" style=\"aspect-ratio:16\/9;object-fit:cover\" srcset=\"https:\/\/www.soval.fr\/wp-content\/uploads\/2024\/08\/2_un_interlocuteur_unique-1024x439.jpg 1024w, https:\/\/www.soval.fr\/wp-content\/uploads\/2024\/08\/2_un_interlocuteur_unique-300x129.jpg 300w, https:\/\/www.soval.fr\/wp-content\/uploads\/2024\/08\/2_un_interlocuteur_unique-768x329.jpg 768w, https:\/\/www.soval.fr\/wp-content\/uploads\/2024\/08\/2_un_interlocuteur_unique-1536x658.jpg 1536w, https:\/\/www.soval.fr\/wp-content\/uploads\/2024\/08\/2_un_interlocuteur_unique-600x257.jpg 600w, https:\/\/www.soval.fr\/wp-content\/uploads\/2024\/08\/2_un_interlocuteur_unique.jpg 1920w\" sizes=\"(max-width: 1024px) 100vw, 1024px\" \/><\/figure>\n<\/div>\n<\/div>\n<\/div>\n\n\n\n<div style=\"height:4em\" aria-hidden=\"true\" class=\"wp-block-spacer\"><\/div>\n\n\n\n<div class=\"wp-block-columns is-layout-flex wp-container-core-columns-is-layout-e5c6600c wp-block-columns-is-layout-flex\" style=\"margin-top:0;margin-bottom:0;padding-right:var(--wp--preset--spacing--60);padding-left:var(--wp--preset--spacing--60)\">\n<div class=\"wp-block-column is-layout-flow wp-block-column-is-layout-flow\">\n<div class=\"wp-block-group colonne_max is-vertical is-layout-flex wp-container-core-group-is-layout-fe9cc265 wp-block-group-is-layout-flex\">\n<ul class=\"wp-block-list\">\n<li style=\"font-size:1.2em\"><strong>Une assistance \u00e0 la mise en \u0153uvre des produits<\/strong><span id=\"docs-internal-guid-e5467699-7fff-54a4-33d4-9d4727094f07\"><div><span style=\"font-size: 11pt; font-family: Calibri, sans-serif; background-color: transparent; font-variant-numeric: normal; font-variant-east-asian: normal; font-variant-alternates: normal; font-variant-position: normal; vertical-align: baseline;\"><\/span><\/div><\/span><\/li>\n<\/ul>\n\n\n\n<p>Notre \u00e9quipe commerciale, riche d\u2019une solide exp\u00e9rience et soutenue par notre bureau d\u2019\u00e9tudes, est pr\u00eate \u00e0 vous offrir toute l\u2019assistance n\u00e9cessaire ainsi qu\u2019une formation approfondie sur nos produits. Nous sommes \u00e9galement en mesure d\u2019organiser des s\u00e9ances de pr\u00e9sentation et de formation gratuites directement au sein de vos locaux, ou sur notre site de production \u00e0 Brousseval disposant d\u2019un show- room et d\u2019une plateforme technique d\u00e9di\u00e9e.<\/p>\n\n\n\n<div style=\"height:0px\" aria-hidden=\"true\" class=\"wp-block-spacer wp-container-content-4dd21e30\"><\/div>\n\n\n\n<figure class=\"wp-block-image size-large mobile-img_full element-bottom wp-container-content-e0b89f81\"><img decoding=\"async\" width=\"1024\" height=\"768\" src=\"https:\/\/www.soval.fr\/wp-content\/uploads\/2024\/08\/3_assistance_produits-1024x768.jpg\" alt=\"\" class=\"wp-image-5249\" style=\"aspect-ratio:16\/9;object-fit:cover\" srcset=\"https:\/\/www.soval.fr\/wp-content\/uploads\/2024\/08\/3_assistance_produits-1024x768.jpg 1024w, https:\/\/www.soval.fr\/wp-content\/uploads\/2024\/08\/3_assistance_produits-300x225.jpg 300w, https:\/\/www.soval.fr\/wp-content\/uploads\/2024\/08\/3_assistance_produits-768x576.jpg 768w, https:\/\/www.soval.fr\/wp-content\/uploads\/2024\/08\/3_assistance_produits-1536x1152.jpg 1536w, https:\/\/www.soval.fr\/wp-content\/uploads\/2024\/08\/3_assistance_produits-2048x1536.jpg 2048w, https:\/\/www.soval.fr\/wp-content\/uploads\/2024\/08\/3_assistance_produits-600x450.jpg 600w\" sizes=\"(max-width: 1024px) 100vw, 1024px\" \/><\/figure>\n<\/div>\n<\/div>\n\n\n\n<div class=\"wp-block-column is-layout-flow wp-block-column-is-layout-flow\">\n<div class=\"wp-block-group colonne_max is-vertical is-layout-flex wp-container-core-group-is-layout-fe9cc265 wp-block-group-is-layout-flex\">\n<ul class=\"wp-block-list\">\n<li style=\"font-size:1.2em\"><strong>Un suivi de A \u00e0 Z<\/strong><span id=\"docs-internal-guid-e5467699-7fff-54a4-33d4-9d4727094f07\"><div><span style=\"font-size: 11pt; font-family: Calibri, sans-serif; background-color: transparent; font-variant-numeric: normal; font-variant-east-asian: normal; font-variant-alternates: normal; font-variant-position: normal; vertical-align: baseline;\"><\/span><\/div><\/span><\/li>\n<\/ul>\n\n\n\n<p>De votre premier chiffrage en phase \u00e9tude, au calepinage des pi\u00e8ces en phase de d\u00e9marrage des travaux, nos \u00e9quipes sont l\u00e0 pour vous accompagner lors de la r\u00e9alisation de vos chantiers. Nous aurons plaisir \u00e0 vous conseiller sur le choix du mat\u00e9riel \u00e0 mettre en \u0153uvre, tout en vous assistant lors de vos travaux (lancement de chantier, livraison compl\u00e9mentaire durant la vie du chantier, situation d\u2019urgence\u2026).<\/p>\n\n\n\n<div style=\"height:0px\" aria-hidden=\"true\" class=\"wp-block-spacer wp-container-content-4dd21e30\"><\/div>\n\n\n\n<figure class=\"wp-block-image size-large mobile-img_full element-bottom wp-container-content-e0b89f81\"><img decoding=\"async\" width=\"1024\" height=\"576\" src=\"https:\/\/www.soval.fr\/wp-content\/uploads\/2024\/08\/img_0269-1024x576.jpg\" alt=\"\" class=\"wp-image-5761\" style=\"aspect-ratio:16\/9;object-fit:cover\" srcset=\"https:\/\/www.soval.fr\/wp-content\/uploads\/2024\/08\/img_0269-1024x576.jpg 1024w, https:\/\/www.soval.fr\/wp-content\/uploads\/2024\/08\/img_0269-300x169.jpg 300w, https:\/\/www.soval.fr\/wp-content\/uploads\/2024\/08\/img_0269-768x432.jpg 768w, https:\/\/www.soval.fr\/wp-content\/uploads\/2024\/08\/img_0269-1536x864.jpg 1536w, https:\/\/www.soval.fr\/wp-content\/uploads\/2024\/08\/img_0269-600x338.jpg 600w, https:\/\/www.soval.fr\/wp-content\/uploads\/2024\/08\/img_0269.jpg 2048w\" sizes=\"(max-width: 1024px) 100vw, 1024px\" \/><\/figure>\n<\/div>\n<\/div>\n<\/div>\n<\/div>\n\n\n\n<div class=\"wp-block-group is-layout-constrained wp-block-group-is-layout-constrained\" style=\"padding-top:var(--wp--preset--spacing--70);padding-bottom:var(--wp--preset--spacing--70)\">\n<h2 class=\"wp-block-heading has-bleu-roi-color has-text-color has-link-color wp-elements-891891ed97342aefdf1ef4188bdcfaf4\">3 points essentiels de l&#8217;accompagnement<\/h2>\n\n\n\n<div class=\"wp-block-group is-layout-constrained wp-container-core-group-is-layout-2704560f wp-block-group-is-layout-constrained\">\n<div class=\"wp-block-columns is-layout-flex wp-container-core-columns-is-layout-14cf5ab5 wp-block-columns-is-layout-flex\">\n<div class=\"wp-block-column is-layout-flow wp-block-column-is-layout-flow\">\n<div class=\"wp-block-group is-layout-constrained wp-block-group-is-layout-constrained\">\n<figure class=\"wp-block-image size-full is-resized\"><img decoding=\"async\" src=\"https:\/\/www.soval.fr\/wp-content\/uploads\/2024\/08\/1_administratif.svg\" alt=\"\" class=\"wp-image-5252\" style=\"width:75px\"\/><\/figure>\n\n\n\n<h3 class=\"wp-block-heading\" style=\"margin-top:var(--wp--preset--spacing--30);margin-bottom:var(--wp--preset--spacing--30)\"><strong>Administratif<\/strong><span style=\"font-size: medium; font-weight: 400; white-space-collapse: collapse;\"><\/span><\/h3>\n\n\n\n<p>Gestion des commandes et suivi administratif des chantier (AR, BL, facturation)<\/p>\n<\/div>\n<\/div>\n\n\n\n<div class=\"wp-block-column is-layout-flow wp-block-column-is-layout-flow\">\n<div class=\"wp-block-group is-layout-constrained wp-block-group-is-layout-constrained\">\n<figure class=\"wp-block-image size-full is-resized\"><img decoding=\"async\" src=\"https:\/\/www.soval.fr\/wp-content\/uploads\/2024\/08\/2_logistique.svg\" alt=\"\" class=\"wp-image-5254\" style=\"width:75px\"\/><\/figure>\n\n\n\n<h3 class=\"wp-block-heading\" style=\"margin-top:var(--wp--preset--spacing--30);margin-bottom:var(--wp--preset--spacing--30)\"><strong>Logistique<\/strong><\/h3>\n\n\n\n<p>Pr\u00e9paration de commande, tra\u00e7abilit\u00e9 des exp\u00e9ditions &amp; des transports<\/p>\n<\/div>\n<\/div>\n\n\n\n<div class=\"wp-block-column is-layout-flow wp-block-column-is-layout-flow\">\n<div class=\"wp-block-group is-layout-constrained wp-block-group-is-layout-constrained\">\n<figure class=\"wp-block-image size-full is-resized\"><img decoding=\"async\" src=\"https:\/\/www.soval.fr\/wp-content\/uploads\/2024\/08\/3_technique.svg\" alt=\"\" class=\"wp-image-5257\" style=\"width:75px\"\/><\/figure>\n\n\n\n<h3 class=\"wp-block-heading\" style=\"margin-top:var(--wp--preset--spacing--30);margin-bottom:var(--wp--preset--spacing--30)\">Technique<\/h3>\n\n\n\n<p>Conseil, suivi des chantiers, assistance sur terrain et t\u00e9l\u00e9phonique, formation des agents<\/p>\n<\/div>\n<\/div>\n<\/div>\n<\/div>\n<\/div>\n\n\n\n<div class=\"wp-block-group alignfull has-beige-background-color has-background is-layout-constrained wp-block-group-is-layout-constrained\" style=\"padding-top:var(--wp--preset--spacing--70);padding-bottom:10rem\">\n<div class=\"wp-block-columns mobile-column_reverse is-layout-flex wp-container-core-columns-is-layout-14cf5ab5 wp-block-columns-is-layout-flex\">\n<div class=\"wp-block-column is-layout-flow wp-block-column-is-layout-flow\" style=\"flex-basis:40%\">\n<div class=\"wp-block-group is-layout-constrained wp-block-group-is-layout-constrained has-background\" style=\"min-height:300px;margin-bottom:var(--wp--preset--spacing--60);background-image:url(&apos;https:\/\/www.soval.fr\/wp-content\/uploads\/2024\/08\/1_photo_agence-edited-scaled.jpg&apos;);background-position:100% 50%;background-size:cover;\"><\/div>\n\n\n\n<p>Pour toute demande, conseil ou solution technique, contacter votre agence Soval et discuter de votre projet.<\/p>\n<\/div>\n\n\n\n<div class=\"wp-block-column is-layout-flow wp-block-column-is-layout-flow\" style=\"flex-basis:60%\">\n<div style=\"height:300px; margin-bottom:var(--wp--preset--spacing--60); min-height:300px;\" class=\"block-agence-map w-full h-full relative overflow-hidden relative z-0 align wp-block-acf-agence-map\">\n\t<div id=\"map_soval\" data-id=\"368\"><\/div><\/div>\n\n\n\n<p style=\"margin-bottom:var(--wp--preset--spacing--40)\">Retrouvez votre agence privil\u00e9gi\u00e9e en cliquant sur la carte ou sur le bouton Trouver mon agence.<\/p>\n\n\n\n<div class=\"wp-block-buttons is-layout-flex wp-block-buttons-is-layout-flex\">\n<div class=\"wp-block-button is-style-fill\"><a class=\"wp-block-button__link wp-element-button\" href=\"https:\/\/www.soval.fr\/fr\/trouvez-votre-agence\/\">Trouver mon agence<\/a><\/div>\n<\/div>\n<\/div>\n<\/div>\n<\/div>\n","protected":false},"excerpt":{"rendered":"<p>Avec sa longue exp\u00e9rience et son expertise, Soval se positionne comme le partenaire privil\u00e9gi\u00e9 pour accompagner les ma\u00eetrises d\u2019\u0153uvre, les ma\u00eetrises d\u2019ouvrage, ainsi que les entreprises de Travaux Publics dans la r\u00e9alisation de leurs projets. Notre savoir-faire unique nous permet d\u2019offrir des solutions sur mesure, adapt\u00e9es aux besoins sp\u00e9cifiques de chaque chantier. Nous sommes engag\u00e9s [&hellip;]<\/p>\n","protected":false},"author":2,"featured_media":5243,"parent":0,"menu_order":0,"comment_status":"closed","ping_status":"closed","template":"","meta":{"_acf_changed":false,"footnotes":""},"class_list":["post-2832","page","type-page","status-publish","has-post-thumbnail","hentry"],"acf":[],"_links":{"self":[{"href":"https:\/\/www.soval.fr\/fr\/wp-json\/wp\/v2\/pages\/2832","targetHints":{"allow":["GET"]}}],"collection":[{"href":"https:\/\/www.soval.fr\/fr\/wp-json\/wp\/v2\/pages"}],"about":[{"href":"https:\/\/www.soval.fr\/fr\/wp-json\/wp\/v2\/types\/page"}],"author":[{"embeddable":true,"href":"https:\/\/www.soval.fr\/fr\/wp-json\/wp\/v2\/users\/2"}],"replies":[{"embeddable":true,"href":"https:\/\/www.soval.fr\/fr\/wp-json\/wp\/v2\/comments?post=2832"}],"version-history":[{"count":1,"href":"https:\/\/www.soval.fr\/fr\/wp-json\/wp\/v2\/pages\/2832\/revisions"}],"predecessor-version":[{"id":7479,"href":"https:\/\/www.soval.fr\/fr\/wp-json\/wp\/v2\/pages\/2832\/revisions\/7479"}],"wp:featuredmedia":[{"embeddable":true,"href":"https:\/\/www.soval.fr\/fr\/wp-json\/wp\/v2\/media\/5243"}],"wp:attachment":[{"href":"https:\/\/www.soval.fr\/fr\/wp-json\/wp\/v2\/media?parent=2832"}],"curies":[{"name":"wp","href":"https:\/\/api.w.org\/{rel}","templated":true}]}}