{"id":2833,"date":"2024-07-27T17:16:08","date_gmt":"2024-07-27T15:16:08","guid":{"rendered":"https:\/\/www.soval.fr\/?page_id=2833"},"modified":"2024-09-13T01:27:21","modified_gmt":"2024-09-12T23:27:21","slug":"eve-ecoute-et-veille-de-leau","status":"publish","type":"page","link":"https:\/\/www.soval.fr\/fr\/eve-ecoute-et-veille-de-leau\/","title":{"rendered":"EVE, \u00e9coute et veille de l&#8217;eau"},"content":{"rendered":"\n<div class=\"wp-block-columns is-layout-flex wp-container-core-columns-is-layout-51c8ee58 wp-block-columns-is-layout-flex\" style=\"padding-top:var(--wp--preset--spacing--70);padding-bottom:var(--wp--preset--spacing--70)\">\n<div class=\"wp-block-column is-layout-flow wp-block-column-is-layout-flow\">\n<p>EVE distributeur de solutions technologiques, est une marque de SOVAL de support et d\u2019assistance \u00e0 la d\u00e9cision pour la gestion patrimoniale des r\u00e9seaux d\u2019eau. Con\u00e7ue pour guider les professionnels du secteur, EVE fournit une expertise pour naviguer parmi les solutions technologiques les plus adapt\u00e9es en mati\u00e8re de d\u00e9tection de fuite, de g\u00e9olocalisation et d\u2019\u00e9tude de vieillissement des r\u00e9seaux.<\/p>\n<\/div>\n\n\n\n<div class=\"wp-block-column is-layout-flow wp-block-column-is-layout-flow\">\n<p>En compl\u00e9ment, EVE propose un service de calepinage qui convertit les plans techniques en listes de pi\u00e8ces pr\u00e9cises. Cette fonctionnalit\u00e9 assure une transition fluide de la planification \u00e0 l\u2019ex\u00e9cution, facilitant ainsi le travail des acteurs de l\u2019eau dans leurs missions.<\/p>\n<\/div>\n<\/div>\n\n\n\n<div class=\"wp-block-group alignfull has-beige-background-color has-background is-layout-constrained wp-block-group-is-layout-constrained\" style=\"padding-top:var(--wp--preset--spacing--70);padding-bottom:var(--wp--preset--spacing--70)\">\n<h2 class=\"wp-block-heading has-bleu-roi-color has-text-color has-link-color wp-elements-d034a8dd1e10c3697d35ff73925496c6\">EVE Conseil : Accompagner les acteurs de l\u2019eau dans leurs choix de solutions technologiques<\/h2>\n\n\n\n<div class=\"wp-block-columns is-layout-flex wp-container-core-columns-is-layout-fe77f8b0 wp-block-columns-is-layout-flex\" style=\"padding-right:var(--wp--preset--spacing--60);padding-left:var(--wp--preset--spacing--60)\">\n<div class=\"wp-block-column is-layout-flow wp-block-column-is-layout-flow\">\n<div class=\"wp-block-group colonne_max is-vertical is-layout-flex wp-container-core-group-is-layout-fed7e1b2 wp-block-group-is-layout-flex\">\n<ul class=\"wp-block-list wp-container-content-f9bd05ee\">\n<li style=\"font-size:1.2em\"><strong>La d\u00e9tection de fuites<\/strong><\/li>\n<\/ul>\n\n\n\n<p>Chaque r\u00e9seau est unique. EVE vous aide dans le choix technique pour la surveillance de vos r\u00e9seaux :<\/p>\n\n\n\n<ul style=\"font-size:0.9em\" class=\"wp-block-list\">\n<li>L\u2019imagerie satellite : utilisation de l\u2019imagerie satellite pour \u00e9tudier en instantan\u00e9 de vastes zones g\u00e9ographiques et pouvoir ainsi d\u00e9tecter rapidement les zones potentiellement fuyardes dans les r\u00e9seaux d\u2019eau.<\/li>\n\n\n\n<li>Le pr\u00e9-localisateur : surveillance continue du r\u00e9seau par la mise en place d\u2019un appareil sur la canalisation. La d\u00e9tection de fuites se fait en mesurant la propagation d\u2019une vibration dans la mati\u00e8re ou dans le fluide. Utilis\u00e9 pour tous types de canalisations (fonte, acier, PVC, PE).<\/li>\n\n\n\n<li>L\u2019hydrophone dynamique : inspection de tron\u00e7ons de r\u00e9seaux pour la d\u00e9tection de fuites ou poches d\u2019air. R\u00e9f\u00e9rencement en trois dimensions (X, Y, Z) sur des r\u00e9seaux inaccessibles ou subissant d\u2019importantes pollutions sonores.<\/li>\n<\/ul>\n\n\n\n<figure class=\"wp-block-image size-full mobile-img_full element-bottom wp-container-content-e0b89f81\"><img decoding=\"async\" width=\"1000\" height=\"1000\" src=\"https:\/\/www.soval.fr\/wp-content\/uploads\/2024\/08\/1_detection_de_fuite.jpg\" alt=\"\" class=\"wp-image-5290\" style=\"aspect-ratio:16\/9;object-fit:cover\" srcset=\"https:\/\/www.soval.fr\/wp-content\/uploads\/2024\/08\/1_detection_de_fuite.jpg 1000w, https:\/\/www.soval.fr\/wp-content\/uploads\/2024\/08\/1_detection_de_fuite-300x300.jpg 300w, https:\/\/www.soval.fr\/wp-content\/uploads\/2024\/08\/1_detection_de_fuite-150x150.jpg 150w, https:\/\/www.soval.fr\/wp-content\/uploads\/2024\/08\/1_detection_de_fuite-768x768.jpg 768w, https:\/\/www.soval.fr\/wp-content\/uploads\/2024\/08\/1_detection_de_fuite-600x600.jpg 600w, https:\/\/www.soval.fr\/wp-content\/uploads\/2024\/08\/1_detection_de_fuite-100x100.jpg 100w\" sizes=\"(max-width: 1000px) 100vw, 1000px\" \/><\/figure>\n<\/div>\n<\/div>\n\n\n\n<div class=\"wp-block-column is-layout-flow wp-block-column-is-layout-flow\">\n<div class=\"wp-block-group colonne_max is-vertical is-layout-flex wp-container-core-group-is-layout-fed7e1b2 wp-block-group-is-layout-flex\">\n<ul class=\"wp-block-list wp-container-content-f9bd05ee\">\n<li style=\"font-size:1.2em\"><strong>La g\u00e9olocalisation des r\u00e9seaux d&#8217;eau<\/strong><\/li>\n<\/ul>\n\n\n\n<p>Quelle que soit la nature du r\u00e9seau, EVE sait vous orienter vers la solution de g\u00e9olocalisation adapt\u00e9e :<\/p>\n\n\n\n<hr class=\"wp-block-separator has-alpha-channel-opacity\" style=\"margin-top:var(--wp--preset--spacing--20);margin-bottom:var(--wp--preset--spacing--20)\"\/>\n\n\n\n<ul style=\"font-size:0.9em\" class=\"wp-block-list\">\n<li>Passiv-detect : marquage et localisation passive d\u2019un r\u00e9seau enterr\u00e9 et de ses points cl\u00e9s (raccordements, direction, profondeur) par la mise en place de marqueurs sur les canalisations.<\/li>\n<\/ul>\n\n\n\n<ul style=\"font-size:0.9em\" class=\"wp-block-list\">\n<li>Actic-detect : tra\u00e7age continu d\u2019un r\u00e9seau lors de sa recherche pour tout type de mat\u00e9riaux (canalisation fonte, acier, PVC, PE).<\/li>\n<\/ul>\n\n\n\n<ul style=\"font-size:0.9em\" class=\"wp-block-list\">\n<li>Geo-connect : G\u00e9olocalisation en X, Y, Z des canalisations et des points singuliers du r\u00e9seau.<\/li>\n<\/ul>\n\n\n\n<figure class=\"wp-block-image size-large mobile-img_full element-bottom wp-container-content-e0b89f81\"><img decoding=\"async\" width=\"1024\" height=\"520\" src=\"https:\/\/www.soval.fr\/wp-content\/uploads\/2024\/08\/2_geolocalisation_des_reseaux-scaled-e1725009095651-1024x520.jpeg\" alt=\"\" class=\"wp-image-5288\" style=\"aspect-ratio:16\/9;object-fit:cover\" srcset=\"https:\/\/www.soval.fr\/wp-content\/uploads\/2024\/08\/2_geolocalisation_des_reseaux-scaled-e1725009095651-1024x520.jpeg 1024w, https:\/\/www.soval.fr\/wp-content\/uploads\/2024\/08\/2_geolocalisation_des_reseaux-scaled-e1725009095651-300x152.jpeg 300w, https:\/\/www.soval.fr\/wp-content\/uploads\/2024\/08\/2_geolocalisation_des_reseaux-scaled-e1725009095651-768x390.jpeg 768w, https:\/\/www.soval.fr\/wp-content\/uploads\/2024\/08\/2_geolocalisation_des_reseaux-scaled-e1725009095651-1536x781.jpeg 1536w, https:\/\/www.soval.fr\/wp-content\/uploads\/2024\/08\/2_geolocalisation_des_reseaux-scaled-e1725009095651-2048x1041.jpeg 2048w, https:\/\/www.soval.fr\/wp-content\/uploads\/2024\/08\/2_geolocalisation_des_reseaux-scaled-e1725009095651-600x305.jpeg 600w\" sizes=\"(max-width: 1024px) 100vw, 1024px\" \/><\/figure>\n<\/div>\n<\/div>\n<\/div>\n\n\n\n<div style=\"height:4em\" aria-hidden=\"true\" class=\"wp-block-spacer\"><\/div>\n\n\n\n<div class=\"wp-block-columns is-layout-flex wp-container-core-columns-is-layout-e5c6600c wp-block-columns-is-layout-flex\" style=\"margin-top:0;margin-bottom:0;padding-right:var(--wp--preset--spacing--60);padding-left:var(--wp--preset--spacing--60)\">\n<div class=\"wp-block-column is-layout-flow wp-block-column-is-layout-flow\">\n<div class=\"wp-block-group colonne_max is-vertical is-layout-flex wp-container-core-group-is-layout-fe9cc265 wp-block-group-is-layout-flex\">\n<ul class=\"wp-block-list\">\n<li style=\"font-size:1.2em\"><strong>L&#8217;\u00e9tude de vieillissement des r\u00e9seaux<\/strong><span id=\"docs-internal-guid-e5467699-7fff-54a4-33d4-9d4727094f07\"><div><span style=\"font-size: 11pt; font-family: Calibri, sans-serif; background-color: transparent; font-variant-numeric: normal; font-variant-east-asian: normal; font-variant-alternates: normal; font-variant-position: normal; vertical-align: baseline;\"><\/span><\/div><\/span><\/li>\n<\/ul>\n\n\n\n<p>Poser un diagnostic sur l\u2019\u00e9tat des canalisations ainsi que sur leur dur\u00e9e de vie restante. Peut s\u2019op\u00e9rer par pr\u00e9l\u00e8vements lors de chantiers ou directement dans la tranch\u00e9e :<\/p>\n\n\n\n<hr class=\"wp-block-separator has-alpha-channel-opacity\" style=\"margin-top:var(--wp--preset--spacing--20);margin-bottom:var(--wp--preset--spacing--20)\"\/>\n\n\n\n<ul style=\"font-size:0.9em\" class=\"wp-block-list\">\n<li>A3DV-mobile : R\u00e9alisation d\u2019\u00e9tudes en laboratoire de la structure d\u2019un \u00e9chantillon de canalisations pr\u00e9lev\u00e9 lors de travaux de raccordement.<\/li>\n\n\n\n<li>A3DV : Analyse non destructive de l\u2019usure d\u2019une section de canalisation par num\u00e9risation et mod\u00e9lisation 3D.<\/li>\n\n\n\n<li>Scan-pass : Pour les canalisations d\u2019un diam\u00e8tre minimum de 700 mm en acier, fonte et b\u00e9ton arm\u00e9 t\u00f4le, install\u00e9es sur des r\u00e9seaux strat\u00e9giques et sensibles m\u00e9ritant une expertise de vieillissement approfondie.<\/li>\n<\/ul>\n\n\n\n<figure class=\"wp-block-image size-large mobile-img_full element-bottom wp-container-content-e0b89f81\"><img decoding=\"async\" width=\"1024\" height=\"576\" src=\"https:\/\/www.soval.fr\/wp-content\/uploads\/2024\/09\/20220428_114700-1024x576.jpg\" alt=\"\" class=\"wp-image-7139\" style=\"aspect-ratio:16\/9;object-fit:cover\" srcset=\"https:\/\/www.soval.fr\/wp-content\/uploads\/2024\/09\/20220428_114700-1024x576.jpg 1024w, https:\/\/www.soval.fr\/wp-content\/uploads\/2024\/09\/20220428_114700-300x169.jpg 300w, https:\/\/www.soval.fr\/wp-content\/uploads\/2024\/09\/20220428_114700-768x432.jpg 768w, https:\/\/www.soval.fr\/wp-content\/uploads\/2024\/09\/20220428_114700-1536x864.jpg 1536w, https:\/\/www.soval.fr\/wp-content\/uploads\/2024\/09\/20220428_114700-2048x1152.jpg 2048w, https:\/\/www.soval.fr\/wp-content\/uploads\/2024\/09\/20220428_114700-600x338.jpg 600w\" sizes=\"(max-width: 1024px) 100vw, 1024px\" \/><\/figure>\n<\/div>\n<\/div>\n\n\n\n<div class=\"wp-block-column is-layout-flow wp-block-column-is-layout-flow\"><\/div>\n<\/div>\n<\/div>\n\n\n\n<div class=\"wp-block-group is-layout-constrained wp-block-group-is-layout-constrained\" style=\"padding-top:var(--wp--preset--spacing--70);padding-bottom:var(--wp--preset--spacing--70)\">\n<p class=\"has-bleu-roi-color has-text-color has-link-color wp-elements-21483c6d18d170ff65776a4d7f4fe074\" style=\"margin-bottom:var(--wp--preset--spacing--20);font-size:1.88em\"><strong>EVE Ing\u00e9nierie : le calepinage des r\u00e9seaux<\/strong><\/p>\n\n\n\n<p>EVE Ing\u00e9nierie est un service de conversion de plans en listes de pi\u00e8ces s\u2019appuyant sur <\/p>\n\n\n\n<p style=\"margin-bottom:var(--wp--preset--spacing--60);font-size:0.9em\">des informations techniques connues et des prescriptions clients \u00e0 jour.<\/p>\n\n\n\n<div class=\"wp-block-group is-layout-constrained wp-container-core-group-is-layout-2704560f wp-block-group-is-layout-constrained\">\n<div class=\"wp-block-columns is-layout-flex wp-container-core-columns-is-layout-14cf5ab5 wp-block-columns-is-layout-flex\">\n<div class=\"wp-block-column is-layout-flow wp-block-column-is-layout-flow\">\n<div class=\"wp-block-group is-layout-constrained wp-block-group-is-layout-constrained\">\n<figure class=\"wp-block-image size-full is-resized\"><img decoding=\"async\" src=\"https:\/\/www.soval.fr\/wp-content\/uploads\/2024\/08\/1_etude.svg\" alt=\"\" class=\"wp-image-5299\" style=\"width:75px\"\/><\/figure>\n\n\n\n<h3 class=\"wp-block-heading\" style=\"margin-top:var(--wp--preset--spacing--30);margin-bottom:var(--wp--preset--spacing--30)\"><strong>\u00c9tude&nbsp;<\/strong><span style=\"font-size: medium; font-weight: 400; white-space-collapse: collapse;\"><\/span><\/h3>\n\n\n\n<p>Analyse du plan d\u2019ex\u00e9cution et \u00e9tude du futur r\u00e9seau<\/p>\n<\/div>\n<\/div>\n\n\n\n<div class=\"wp-block-column is-layout-flow wp-block-column-is-layout-flow\">\n<div class=\"wp-block-group is-layout-constrained wp-block-group-is-layout-constrained\">\n<figure class=\"wp-block-image size-full is-resized\"><img decoding=\"async\" src=\"https:\/\/www.soval.fr\/wp-content\/uploads\/2024\/08\/2_conception.svg\" alt=\"\" class=\"wp-image-5301\" style=\"width:75px\"\/><\/figure>\n\n\n\n<h3 class=\"wp-block-heading\" style=\"margin-top:var(--wp--preset--spacing--30);margin-bottom:var(--wp--preset--spacing--30)\"><strong>Conception&nbsp;<\/strong><span style=\"font-size: medium; font-weight: 400; white-space-collapse: collapse;\"><\/span><\/h3>\n\n\n\n<p>R\u00e9alisation du cahier d\u2019assemblage avec Geomensura<\/p>\n<\/div>\n<\/div>\n\n\n\n<div class=\"wp-block-column is-layout-flow wp-block-column-is-layout-flow\">\n<div class=\"wp-block-group is-layout-constrained wp-block-group-is-layout-constrained\">\n<figure class=\"wp-block-image size-full is-resized\"><img decoding=\"async\" src=\"https:\/\/www.soval.fr\/wp-content\/uploads\/2024\/08\/3_offre.svg\" alt=\"\" class=\"wp-image-5303\" style=\"width:75px\"\/><\/figure>\n\n\n\n<h3 class=\"wp-block-heading\" style=\"margin-top:var(--wp--preset--spacing--30);margin-bottom:var(--wp--preset--spacing--30)\">Offre&nbsp;<span style=\"font-size: medium; font-weight: 400; white-space-collapse: collapse;\"><\/span><\/h3>\n\n\n\n<p>R\u00e9daction d\u2019une offre commerciale pr\u00e9cise et d\u00e9taill\u00e9e<\/p>\n<\/div>\n<\/div>\n<\/div>\n<\/div>\n<\/div>\n\n\n\n<div class=\"wp-block-group has-beige-background-color has-background is-layout-constrained wp-block-group-is-layout-constrained\" style=\"padding-top:var(--wp--preset--spacing--70);padding-bottom:var(--wp--preset--spacing--70)\">\n<h2 class=\"wp-block-heading has-bleu-roi-color has-text-color has-link-color wp-elements-fbdb9aec0fb3af7391d8b1c1271b556a\"><strong>Nos derniers chantiers<\/strong><\/h2>\n\n\n<div class=\"block-relationnel overflow-hidden align wp-block-acf-relationnel\">\n    <div class=\"swiper swiper-relationnel\">\n        <div class=\"swiper-wrapper \">\n\t\t\t<div class=\"pb-10 swiper-slide\"><a href=\"https:\/\/www.soval.fr\/fr\/realisations\/chantier-assainissement-cuba\/\" class=\"templates-relationnel soval-link\" title=\"Lire la suite de Chantier Assainissement : Rhumerie Cuba\"><article class=\"flex h-full flex-col m-5\">\n    <div class=\"relative\">\n\t\t<img decoding=\"async\" width=\"1368\" height=\"1824\" src=\"https:\/\/www.soval.fr\/wp-content\/uploads\/2024\/09\/img-20211116-wa0015.jpg\" class=\"object-cover w-full h-64 wp-post-image\" alt=\"\" srcset=\"https:\/\/www.soval.fr\/wp-content\/uploads\/2024\/09\/img-20211116-wa0015.jpg 1368w, https:\/\/www.soval.fr\/wp-content\/uploads\/2024\/09\/img-20211116-wa0015-225x300.jpg 225w, https:\/\/www.soval.fr\/wp-content\/uploads\/2024\/09\/img-20211116-wa0015-768x1024.jpg 768w, https:\/\/www.soval.fr\/wp-content\/uploads\/2024\/09\/img-20211116-wa0015-1152x1536.jpg 1152w, https:\/\/www.soval.fr\/wp-content\/uploads\/2024\/09\/img-20211116-wa0015-600x800.jpg 600w\" sizes=\"(max-width: 1368px) 100vw, 1368px\" \/>    <\/div>\n    <div class=\"flex basis-full flex-col bg-white p-5\">\n        <div class=\"mb-5 text-2xl font-semibold\">\n\t\t\tChantier Assainissement : Rhumerie Cuba        <\/div>\n        <div class=\"mt-auto mb-3 line-clamp-4\">\n\t\t\t<p>R\u00e9seaux &#8211; Distillerie Havana Club (Cuba) Dans le cadre de son expansion, la distillerie \/ rhumerie Havana Club bas\u00e9e \u00e0 Cuba a lanc\u00e9 la construction de nouveaux b\u00e2timents. La collaboration entre Soval Export et Vonroll Hydro a permis la fourniture et la pose de canalisations et de raccords en fonte ductile disposant du label \u00ab&nbsp;FM [&hellip;]<\/p>\n        <\/div>\n        <div class=\"mt-auto text-right underline\">\n\t\t\tLire la suite        <\/div>\n    <\/div>\n<\/article>\n<\/a><\/div><div class=\"pb-10 swiper-slide\"><a href=\"https:\/\/www.soval.fr\/fr\/realisations\/chantier-assainissement-strasbourg-67\/\" class=\"templates-relationnel soval-link\" title=\"Lire la suite de Chantier Assainissement : Strasbourg (67)\"><article class=\"flex h-full flex-col m-5\">\n    <div class=\"relative\">\n\t\t<img decoding=\"async\" width=\"2560\" height=\"1440\" src=\"https:\/\/www.soval.fr\/wp-content\/uploads\/2024\/09\/20210609-20210609_082454-scaled.jpg\" class=\"object-cover w-full h-64 wp-post-image\" alt=\"\" srcset=\"https:\/\/www.soval.fr\/wp-content\/uploads\/2024\/09\/20210609-20210609_082454-scaled.jpg 2560w, https:\/\/www.soval.fr\/wp-content\/uploads\/2024\/09\/20210609-20210609_082454-300x169.jpg 300w, https:\/\/www.soval.fr\/wp-content\/uploads\/2024\/09\/20210609-20210609_082454-1024x576.jpg 1024w, https:\/\/www.soval.fr\/wp-content\/uploads\/2024\/09\/20210609-20210609_082454-768x432.jpg 768w, https:\/\/www.soval.fr\/wp-content\/uploads\/2024\/09\/20210609-20210609_082454-1536x864.jpg 1536w, https:\/\/www.soval.fr\/wp-content\/uploads\/2024\/09\/20210609-20210609_082454-2048x1152.jpg 2048w, https:\/\/www.soval.fr\/wp-content\/uploads\/2024\/09\/20210609-20210609_082454-600x338.jpg 600w\" sizes=\"(max-width: 2560px) 100vw, 2560px\" \/>    <\/div>\n    <div class=\"flex basis-full flex-col bg-white p-5\">\n        <div class=\"mb-5 text-2xl font-semibold\">\n\t\t\tChantier Assainissement : Strasbourg (67)        <\/div>\n        <div class=\"mt-auto mb-3 line-clamp-4\">\n\t\t\t<p>Cr\u00e9ation d&#8217;un poste de pompage &#8211; Strasbourg (67) Dans le cadre de la cr\u00e9ation d\u2019un nouveau poste de pompage assainissement, l\u2019Eurom\u00e9tropole de Strasbourg (67) a renouvel\u00e9e une conduite suspendue en DN 500, situ\u00e9e \u00e0 proximit\u00e9 de l\u2019Ecluse Sud le long de la Darse du Rhin. L\u2019agence SOVAL Strasbourg a pu accompagner ce chantier en hauteur [&hellip;]<\/p>\n        <\/div>\n        <div class=\"mt-auto text-right underline\">\n\t\t\tLire la suite        <\/div>\n    <\/div>\n<\/article>\n<\/a><\/div><div class=\"pb-10 swiper-slide\"><a href=\"https:\/\/www.soval.fr\/fr\/realisations\/realisations-de-plusieurs-noeuds-de-vannes\/\" class=\"templates-relationnel soval-link\" title=\"Lire la suite de Chantier Eau potable : Saint-Mayeux (22)\"><article class=\"flex h-full flex-col m-5\">\n    <div class=\"relative\">\n\t\t<img decoding=\"async\" width=\"2560\" height=\"1440\" src=\"https:\/\/www.soval.fr\/wp-content\/uploads\/2024\/08\/20231017_114625-scaled.jpg\" class=\"object-cover w-full h-64 wp-post-image\" alt=\"\" srcset=\"https:\/\/www.soval.fr\/wp-content\/uploads\/2024\/08\/20231017_114625-scaled.jpg 2560w, https:\/\/www.soval.fr\/wp-content\/uploads\/2024\/08\/20231017_114625-300x169.jpg 300w, https:\/\/www.soval.fr\/wp-content\/uploads\/2024\/08\/20231017_114625-1024x576.jpg 1024w, https:\/\/www.soval.fr\/wp-content\/uploads\/2024\/08\/20231017_114625-768x432.jpg 768w, https:\/\/www.soval.fr\/wp-content\/uploads\/2024\/08\/20231017_114625-1536x864.jpg 1536w, https:\/\/www.soval.fr\/wp-content\/uploads\/2024\/08\/20231017_114625-2048x1152.jpg 2048w, https:\/\/www.soval.fr\/wp-content\/uploads\/2024\/08\/20231017_114625-600x338.jpg 600w\" sizes=\"(max-width: 2560px) 100vw, 2560px\" \/>    <\/div>\n    <div class=\"flex basis-full flex-col bg-white p-5\">\n        <div class=\"mb-5 text-2xl font-semibold\">\n\t\t\tChantier Eau potable : Saint-Mayeux (22)        <\/div>\n        <div class=\"mt-auto mb-3 line-clamp-4\">\n\t\t\t<p>Noeuds de vannes &#8211; Saint-Mayeux (22) R\u00e9alisations de plusieurs n\u0153uds de vannes sur le feeder existant du Syndicat Mixte de Kerne Uhel sur la commune de Saint-Mayeux (22). L\u2019objectif de ces n\u0153uds est de pouvoir sectoriser la conduite en cas de casse ou de vidange. La cr\u00e9ation de ces n\u0153uds a n\u00e9cessit\u00e9 des raccords Souplessur [&hellip;]<\/p>\n        <\/div>\n        <div class=\"mt-auto text-right underline\">\n\t\t\tLire la suite        <\/div>\n    <\/div>\n<\/article>\n<\/a><\/div>        <\/div>\n        <div class=\"swiper-pagination\"><\/div>\n    <\/div>\n<\/div>\n\n\n\n<div style=\"height:4em\" aria-hidden=\"true\" class=\"wp-block-spacer\"><\/div>\n<\/div>\n","protected":false},"excerpt":{"rendered":"<p>EVE distributeur de solutions technologiques, est une marque de SOVAL de support et d\u2019assistance \u00e0 la d\u00e9cision pour la gestion patrimoniale des r\u00e9seaux d\u2019eau. Con\u00e7ue pour guider les professionnels du secteur, EVE fournit une expertise pour naviguer parmi les solutions technologiques les plus adapt\u00e9es en mati\u00e8re de d\u00e9tection de fuite, de g\u00e9olocalisation et d\u2019\u00e9tude de [&hellip;]<\/p>\n","protected":false},"author":2,"featured_media":5284,"parent":0,"menu_order":0,"comment_status":"closed","ping_status":"closed","template":"","meta":{"_acf_changed":false,"footnotes":""},"class_list":["post-2833","page","type-page","status-publish","has-post-thumbnail","hentry"],"acf":[],"_links":{"self":[{"href":"https:\/\/www.soval.fr\/fr\/wp-json\/wp\/v2\/pages\/2833","targetHints":{"allow":["GET"]}}],"collection":[{"href":"https:\/\/www.soval.fr\/fr\/wp-json\/wp\/v2\/pages"}],"about":[{"href":"https:\/\/www.soval.fr\/fr\/wp-json\/wp\/v2\/types\/page"}],"author":[{"embeddable":true,"href":"https:\/\/www.soval.fr\/fr\/wp-json\/wp\/v2\/users\/2"}],"replies":[{"embeddable":true,"href":"https:\/\/www.soval.fr\/fr\/wp-json\/wp\/v2\/comments?post=2833"}],"version-history":[{"count":0,"href":"https:\/\/www.soval.fr\/fr\/wp-json\/wp\/v2\/pages\/2833\/revisions"}],"wp:featuredmedia":[{"embeddable":true,"href":"https:\/\/www.soval.fr\/fr\/wp-json\/wp\/v2\/media\/5284"}],"wp:attachment":[{"href":"https:\/\/www.soval.fr\/fr\/wp-json\/wp\/v2\/media?parent=2833"}],"curies":[{"name":"wp","href":"https:\/\/api.w.org\/{rel}","templated":true}]}}