{"id":2834,"date":"2024-07-27T17:16:12","date_gmt":"2024-07-27T15:16:12","guid":{"rendered":"https:\/\/www.soval.fr\/?page_id=2834"},"modified":"2024-09-13T01:31:02","modified_gmt":"2024-09-12T23:31:02","slug":"stock-production","status":"publish","type":"page","link":"https:\/\/www.soval.fr\/fr\/stock-production\/","title":{"rendered":"Stock : Production globale, r\u00e9activit\u00e9 locale"},"content":{"rendered":"\n<div class=\"wp-block-columns is-layout-flex wp-container-core-columns-is-layout-51c8ee58 wp-block-columns-is-layout-flex\" style=\"padding-top:var(--wp--preset--spacing--70);padding-bottom:var(--wp--preset--spacing--70)\">\n<div class=\"wp-block-column is-layout-flow wp-block-column-is-layout-flow\">\n<p>SOVAL a une politique de stock g\u00e9n\u00e9reuse en raison de sa production unique en France, qui est soutenue par un important stock central situ\u00e9 \u00e0 Brousseval (52). Chaque agence Soval enrichit cette offre avec un stock important de<\/p>\n<\/div>\n\n\n\n<div class=\"wp-block-column is-layout-flow wp-block-column-is-layout-flow\">\n<p>pi\u00e8ces de voirie et d\u2019adduction d\u2019eau garantissant ainsi une disponibilit\u00e9 compl\u00e8te. Cette strat\u00e9gie nous permet de r\u00e9pondre avec rapidit\u00e9 et efficacit\u00e9 aux demandes de nos clients, partout en France et \u00e0 l&#8217;\u00e9tranger.<\/p>\n<\/div>\n<\/div>\n\n\n\n<div class=\"wp-block-group alignfull has-beige-background-color has-background is-layout-constrained wp-block-group-is-layout-constrained\" style=\"padding-top:var(--wp--preset--spacing--70);padding-bottom:var(--wp--preset--spacing--70)\">\n<h2 class=\"wp-block-heading has-bleu-roi-color has-text-color has-link-color wp-elements-ef6443b38ecd5516332aee0541bb8fb1\">Un r\u00e9seau de distribution national<\/h2>\n\n\n\n<div class=\"wp-block-columns is-layout-flex wp-container-core-columns-is-layout-fe77f8b0 wp-block-columns-is-layout-flex\" style=\"padding-right:var(--wp--preset--spacing--60);padding-left:var(--wp--preset--spacing--60)\">\n<div class=\"wp-block-column is-layout-flow wp-block-column-is-layout-flow\">\n<div class=\"wp-block-group colonne_max is-vertical is-layout-flex wp-container-core-group-is-layout-fed7e1b2 wp-block-group-is-layout-flex\">\n<ul class=\"wp-block-list wp-container-content-f9bd05ee\">\n<li style=\"font-size:1.2em\"><strong>Brousseval&nbsp;: la plateforme centrale<\/strong><\/li>\n<\/ul>\n\n\n\n<p>Exploitant la capacit\u00e9 de production puissante des fonderies de Brousseval et Montreuil (FBM), SOVAL dispose d&#8217;un imposant stock permanent qui se trouve au c\u0153ur de la plateforme centrale de Brousseval (52).<\/p>\n\n\n\n<hr class=\"wp-block-separator has-alpha-channel-opacity\" style=\"margin-top:var(--wp--preset--spacing--20);margin-bottom:var(--wp--preset--spacing--20)\"\/>\n\n\n\n<p>Avec plus de 3000 r\u00e9f\u00e9rences et 4500 tonnes de fonte en r\u00e9serve, nous offrons une gamme exhaustive de produits de voirie, d\u2019eau potable et de fermetures en fonte. La richesse de nos stocks permet une disponibilit\u00e9 rapide et s\u00e9curis\u00e9e de nos produits afin de r\u00e9pondre instantan\u00e9ment aux besoins les plus exigeants comme les plus urgents de nos clients.<\/p>\n\n\n\n<div style=\"height:0px\" aria-hidden=\"true\" class=\"wp-block-spacer wp-container-content-4dd21e30\"><\/div>\n\n\n\n<figure class=\"wp-block-image size-large mobile-img_full element-bottom wp-container-content-e0b89f81\"><img decoding=\"async\" width=\"1024\" height=\"576\" src=\"https:\/\/www.soval.fr\/wp-content\/uploads\/2024\/08\/1_brousseval-1024x576.jpg\" alt=\"\" class=\"wp-image-5411\" style=\"aspect-ratio:16\/9;object-fit:cover\" srcset=\"https:\/\/www.soval.fr\/wp-content\/uploads\/2024\/08\/1_brousseval-1024x576.jpg 1024w, https:\/\/www.soval.fr\/wp-content\/uploads\/2024\/08\/1_brousseval-300x169.jpg 300w, https:\/\/www.soval.fr\/wp-content\/uploads\/2024\/08\/1_brousseval-768x432.jpg 768w, https:\/\/www.soval.fr\/wp-content\/uploads\/2024\/08\/1_brousseval-1536x864.jpg 1536w, https:\/\/www.soval.fr\/wp-content\/uploads\/2024\/08\/1_brousseval-600x338.jpg 600w, https:\/\/www.soval.fr\/wp-content\/uploads\/2024\/08\/1_brousseval.jpg 2000w\" sizes=\"(max-width: 1024px) 100vw, 1024px\" \/><\/figure>\n<\/div>\n<\/div>\n\n\n\n<div class=\"wp-block-column is-layout-flow wp-block-column-is-layout-flow\">\n<div class=\"wp-block-group colonne_max is-vertical is-layout-flex wp-container-core-group-is-layout-fed7e1b2 wp-block-group-is-layout-flex\">\n<ul class=\"wp-block-list wp-container-content-f9bd05ee\">\n<li style=\"font-size:1.2em\"><strong>Un stock de proximit\u00e9, une couverture nationale<\/strong><\/li>\n<\/ul>\n\n\n\n<p>La r\u00e9partition g\u00e9ographique de nos agences commerciales nous permet de couvrir rapidement les besoins de nos clients sur tout le territoire fran\u00e7ais. Ce rayonnement \u00e0 l&#8217;\u00e9chelle nationale nous permet de faire partie des principaux fournisseurs des compagnies d\u2019affermage (Veolia \u2013 Lyonnaise des eaux \u2013 Saur\u2026).<\/p>\n\n\n\n<hr class=\"wp-block-separator has-alpha-channel-opacity\" style=\"margin-top:var(--wp--preset--spacing--20);margin-bottom:var(--wp--preset--spacing--20)\"\/>\n\n\n\n<p>Chaque agence dispose donc d\u2019un stock g\u00e9n\u00e9reux garantissant une r\u00e9activit\u00e9 maximale. Nos agences utilisent un logiciel commun de gestion, SAP, permettant d\u2019avoir un aper\u00e7u sur l\u2019\u00e9tat dynamique des stocks de chaque agence et ainsi pouvoir arbitrer au besoin le d\u00e9part de pi\u00e8ces d\u2019un autre d\u00e9p\u00f4t.<\/p>\n\n\n\n<div style=\"height:0px\" aria-hidden=\"true\" class=\"wp-block-spacer wp-container-content-4dd21e30\"><\/div>\n\n\n\n<figure class=\"wp-block-image size-large mobile-img_full element-bottom wp-container-content-e0b89f81\"><img decoding=\"async\" width=\"1024\" height=\"434\" src=\"https:\/\/www.soval.fr\/wp-content\/uploads\/2024\/08\/2_agence-1024x434.jpg\" alt=\"\" class=\"wp-image-5407\" style=\"aspect-ratio:16\/9;object-fit:cover\" srcset=\"https:\/\/www.soval.fr\/wp-content\/uploads\/2024\/08\/2_agence-1024x434.jpg 1024w, https:\/\/www.soval.fr\/wp-content\/uploads\/2024\/08\/2_agence-300x127.jpg 300w, https:\/\/www.soval.fr\/wp-content\/uploads\/2024\/08\/2_agence-768x325.jpg 768w, https:\/\/www.soval.fr\/wp-content\/uploads\/2024\/08\/2_agence-1536x650.jpg 1536w, https:\/\/www.soval.fr\/wp-content\/uploads\/2024\/08\/2_agence-600x254.jpg 600w, https:\/\/www.soval.fr\/wp-content\/uploads\/2024\/08\/2_agence.jpg 2000w\" sizes=\"(max-width: 1024px) 100vw, 1024px\" \/><\/figure>\n<\/div>\n<\/div>\n<\/div>\n<\/div>\n\n\n\n<div class=\"wp-block-group alignfull is-layout-constrained wp-container-core-group-is-layout-13056451 wp-block-group-is-layout-constrained\" style=\"padding-top:var(--wp--preset--spacing--60);padding-right:0;padding-bottom:8rem;padding-left:0\">\n<div class=\"wp-block-columns are-vertically-aligned-center mobile-column_reverse is-layout-flex wp-container-core-columns-is-layout-14cf5ab5 wp-block-columns-is-layout-flex\">\n<div class=\"wp-block-column is-vertically-aligned-center is-layout-flow wp-block-column-is-layout-flow\">\n<h2 class=\"wp-block-heading has-bleu-roi-color has-text-color has-link-color wp-elements-05b77ad5752400e4211d8a6765309eec\">Notre politique de stock en chiffre<\/h2>\n\n\n\n<p style=\"padding-right:var(--wp--preset--spacing--60)\">SOVAL s\u2019appuie sur un r\u00e9seau solide de plus de 150 collaborateurs r\u00e9partis dans ses 18 agences \u00e0 travers l\u2019hexagone. Fort de plus de 90 ann\u00e9es d\u2019exp\u00e9rience, notre entreprise s\u2019est impos\u00e9e comme un acteur incontournable du secteur de l\u2019eau en France, g\u00e9n\u00e9rant un chiffre d\u2019affaires de plus de 115 millions d\u2019euros en 2023.<\/p>\n<\/div>\n\n\n\n<div class=\"wp-block-column is-vertically-aligned-center is-layout-flow wp-block-column-is-layout-flow\">\n<figure class=\"wp-block-image size-full is-resized\"><img decoding=\"async\" src=\"https:\/\/www.soval.fr\/wp-content\/uploads\/2024\/08\/gammes_etendue_b.svg\" alt=\"\" class=\"wp-image-5413\" style=\"width:504px;height:auto\"\/><\/figure>\n<\/div>\n<\/div>\n<\/div>\n\n\n\n<div class=\"wp-block-group alignfull has-beige-background-color has-background is-layout-constrained wp-block-group-is-layout-constrained\" style=\"padding-top:var(--wp--preset--spacing--70);padding-bottom:10rem\">\n<div class=\"wp-block-columns mobile-column_reverse is-layout-flex wp-container-core-columns-is-layout-14cf5ab5 wp-block-columns-is-layout-flex\">\n<div class=\"wp-block-column is-layout-flow wp-block-column-is-layout-flow\" style=\"flex-basis:40%\">\n<div class=\"wp-block-group is-layout-constrained wp-block-group-is-layout-constrained has-background\" style=\"min-height:300px;margin-bottom:var(--wp--preset--spacing--60);background-image:url(&apos;https:\/\/www.soval.fr\/wp-content\/uploads\/2024\/08\/1_photo_agence-edited-scaled.jpg&apos;);background-position:100% 50%;background-size:cover;\"><\/div>\n\n\n\n<p>Pour toute demande, conseil ou solution technique, contacter votre agence Soval et discuter de votre projet.<\/p>\n<\/div>\n\n\n\n<div class=\"wp-block-column is-layout-flow wp-block-column-is-layout-flow\" style=\"flex-basis:60%\">\n<div style=\"height:300px; margin-bottom:var(--wp--preset--spacing--60); min-height:300px;\" class=\"block-agence-map w-full h-full relative overflow-hidden relative z-0 align wp-block-acf-agence-map\">\n\t<div id=\"map_soval\" data-id=\"368\"><\/div><\/div>\n\n\n\n<p style=\"margin-bottom:var(--wp--preset--spacing--40)\">Retrouvez votre agence privil\u00e9gi\u00e9e en cliquant sur la carte ou sur le bouton Trouver mon agence.<\/p>\n\n\n\n<div class=\"wp-block-buttons is-layout-flex wp-block-buttons-is-layout-flex\">\n<div class=\"wp-block-button is-style-fill\"><a class=\"wp-block-button__link wp-element-button\" href=\"https:\/\/www.soval.fr\/fr\/trouvez-votre-agence\/\">Trouver mon agence<\/a><\/div>\n<\/div>\n<\/div>\n<\/div>\n<\/div>\n","protected":false},"excerpt":{"rendered":"<p>SOVAL a une politique de stock g\u00e9n\u00e9reuse en raison de sa production unique en France, qui est soutenue par un important stock central situ\u00e9 \u00e0 Brousseval (52). Chaque agence Soval enrichit cette offre avec un stock important de pi\u00e8ces de voirie et d\u2019adduction d\u2019eau garantissant ainsi une disponibilit\u00e9 compl\u00e8te. Cette strat\u00e9gie nous permet de r\u00e9pondre [&hellip;]<\/p>\n","protected":false},"author":2,"featured_media":5409,"parent":0,"menu_order":0,"comment_status":"closed","ping_status":"closed","template":"","meta":{"_acf_changed":false,"footnotes":""},"class_list":["post-2834","page","type-page","status-publish","has-post-thumbnail","hentry"],"acf":[],"_links":{"self":[{"href":"https:\/\/www.soval.fr\/fr\/wp-json\/wp\/v2\/pages\/2834","targetHints":{"allow":["GET"]}}],"collection":[{"href":"https:\/\/www.soval.fr\/fr\/wp-json\/wp\/v2\/pages"}],"about":[{"href":"https:\/\/www.soval.fr\/fr\/wp-json\/wp\/v2\/types\/page"}],"author":[{"embeddable":true,"href":"https:\/\/www.soval.fr\/fr\/wp-json\/wp\/v2\/users\/2"}],"replies":[{"embeddable":true,"href":"https:\/\/www.soval.fr\/fr\/wp-json\/wp\/v2\/comments?post=2834"}],"version-history":[{"count":0,"href":"https:\/\/www.soval.fr\/fr\/wp-json\/wp\/v2\/pages\/2834\/revisions"}],"wp:featuredmedia":[{"embeddable":true,"href":"https:\/\/www.soval.fr\/fr\/wp-json\/wp\/v2\/media\/5409"}],"wp:attachment":[{"href":"https:\/\/www.soval.fr\/fr\/wp-json\/wp\/v2\/media?parent=2834"}],"curies":[{"name":"wp","href":"https:\/\/api.w.org\/{rel}","templated":true}]}}