{"id":5325,"date":"2024-08-12T17:13:16","date_gmt":"2024-08-12T15:13:16","guid":{"rendered":"https:\/\/www.soval.fr\/?page_id=5325"},"modified":"2024-09-11T17:45:49","modified_gmt":"2024-09-11T15:45:49","slug":"histoire","status":"publish","type":"page","link":"https:\/\/www.soval.fr\/fr\/histoire\/","title":{"rendered":"Notre histoire"},"content":{"rendered":"\n<div class=\"wp-block-group alignfull has-background is-layout-constrained wp-block-group-is-layout-constrained\" style=\"background-color:#eaeff3;padding-top:var(--wp--preset--spacing--60);padding-bottom:8rem\">\n<h2 class=\"wp-block-heading has-bleu-roi-color has-text-color has-link-color wp-elements-693481fcaa98c21e6f39de83079dd207\">Soval membre du groupe SLF (Somborn Lang Ferry)<\/h2>\n\n\n\n<p>Soval appartient au groupe industriel familial Somborn Lang Ferry (groupe SFL) qui comprend aujourd&#8217;hui plus de 800 collaborateurs et dont le savoir-faire dans l&#8217;art de la fonderie est reconnu depuis plus de deux si\u00e8cles.<\/p>\n\n\n\n<div class=\"wp-block-group is-layout-constrained wp-block-group-is-layout-constrained\" style=\"padding-top:var(--wp--preset--spacing--60);padding-bottom:var(--wp--preset--spacing--60)\">\n<figure class=\"wp-block-image aligncenter size-full is-resized hidden-mobile\"><img decoding=\"async\" src=\"https:\/\/www.soval.fr\/wp-content\/uploads\/2024\/08\/histogramme_slf.svg\" alt=\"\" class=\"wp-image-5764\" style=\"width:837px;height:auto\"\/><\/figure>\n\n\n\n<figure class=\"wp-block-image aligncenter size-full is-resized hidden-desktop\"><img decoding=\"async\" src=\"https:\/\/www.soval.fr\/wp-content\/uploads\/2024\/08\/slf_soval_2.svg\" alt=\"\" class=\"wp-image-5329\" style=\"width:600px\"\/><\/figure>\n<\/div>\n<\/div>\n\n\n\n<div class=\"wp-block-group is-layout-constrained wp-block-group-is-layout-constrained\" style=\"padding-top:var(--wp--preset--spacing--60);padding-bottom:var(--wp--preset--spacing--60)\">\n<div class=\"wp-block-columns is-layout-flex wp-container-core-columns-is-layout-d6e81c67 wp-block-columns-is-layout-flex\" style=\"padding-right:2rem;padding-left:2rem\">\n<div class=\"wp-block-column mobile-no_padding is-layout-flow wp-block-column-is-layout-flow\" style=\"padding-right:10em;flex-basis:60%\">\n<h2 class=\"wp-block-heading has-bleu-roi-color has-text-color has-link-color wp-elements-49d6259045f9ae5c6c114fbf212eaade\">Une fabrication fran\u00e7aise<\/h2>\n\n\n\n<p style=\"margin-bottom:var(--wp--preset--spacing--40);font-size:0.9em\"><p style=\"margin-bottom:var(--wp--preset--spacing--40);\">Situ\u00e9es en Haute-Marne (52) depuis 1830, les Fonderies de Brousseval et Montreuil (FBM) se distinguent par une capacit\u00e9 de production annuelle de plus de 50.000 tonnes de fonte. Cette fabrication de pi\u00e8ces de haute qualit\u00e9, principalement de fonte de seconde fusion, est destin\u00e9e \u00e0 r\u00e9pondre aux demandes sp\u00e9cifiques des clients industriels du groupe ainsi qu\u2019aux besoins de sa filiale qu\u2019est SOVAL.<\/p><\/p>\n\n\n\n<p style=\"margin-bottom:var(--wp--preset--spacing--40);font-size:0.9em\"><p style=\"margin-bottom:var(--wp--preset--spacing--40);\">Fond\u00e9e en 1932, Soval d\u00e9veloppe, promeut, distribue les produits de FBM et propose des solutions novatrices et fiables pour l&#8217;adduction d&#8217;eau, la voirie, ainsi que pour les syst\u00e8mes de fermeture adapt\u00e9s aux r\u00e9seaux de t\u00e9l\u00e9communications, et autres infrastructures de r\u00e9seaux secs et humides.<\/p><\/p>\n\n\n\n<p style=\"margin-bottom:var(--wp--preset--spacing--40);font-size:0.9em\"><p style=\"margin-bottom:var(--wp--preset--spacing--40);\">Gr\u00e2ce \u00e0 ses racines historiques profond\u00e9ment ancr\u00e9es dans la fonte, SOVAL s\u2019impose comme un acteur incontournable du secteur de l\u2019adduction d\u2019eau potable, incarnant avec fiert\u00e9 l&#8217;excellence industrielle<br>fran\u00e7aise.<\/p><\/p>\n\n\n\n<p style=\"margin-bottom:var(--wp--preset--spacing--40);font-size:0.9em\"><p style=\"margin-bottom:var(--wp--preset--spacing--40);\">Ce positionnement est le fruit d\u2019un h\u00e9ritage riche et d\u2019un savoir-faire ma\u00eetris\u00e9 qui remonte \u00e0 plusieurs d\u00e9cennies, marquant l\u2019engagement de notre entreprise et du groupe SLF dans une d\u00e9marche d\u2019innovation, de qualit\u00e9 et de durabilit\u00e9 au service de l\u2019eau et de la voirie.<\/p><\/p>\n<\/div>\n\n\n\n<div class=\"wp-block-column hidden-mobile is-layout-flow wp-block-column-is-layout-flow\" style=\"flex-basis:40%\">\n<div class=\"wp-block-group is-layout-constrained wp-block-group-is-layout-constrained\" style=\"margin-top:-8em;padding-top:0px\">\n<figure class=\"wp-block-image size-large\"><img decoding=\"async\" width=\"717\" height=\"1024\" src=\"https:\/\/www.soval.fr\/wp-content\/uploads\/2024\/08\/photo_ancien-717x1024.jpg\" alt=\"\" class=\"wp-image-5331\" srcset=\"https:\/\/www.soval.fr\/wp-content\/uploads\/2024\/08\/photo_ancien-717x1024.jpg 717w, https:\/\/www.soval.fr\/wp-content\/uploads\/2024\/08\/photo_ancien-210x300.jpg 210w, https:\/\/www.soval.fr\/wp-content\/uploads\/2024\/08\/photo_ancien-768x1096.jpg 768w, https:\/\/www.soval.fr\/wp-content\/uploads\/2024\/08\/photo_ancien-1076x1536.jpg 1076w, https:\/\/www.soval.fr\/wp-content\/uploads\/2024\/08\/photo_ancien-600x857.jpg 600w, https:\/\/www.soval.fr\/wp-content\/uploads\/2024\/08\/photo_ancien.jpg 1401w\" sizes=\"(max-width: 717px) 100vw, 717px\" \/><\/figure>\n<\/div>\n<\/div>\n<\/div>\n<\/div>\n\n\n\n<div class=\"wp-block-group alignfull hidden-mobile is-layout-constrained wp-block-group-is-layout-constrained\">\n<div class=\"wp-block-group alignfull is-nowrap is-layout-flex wp-container-core-group-is-layout-6c531013 wp-block-group-is-layout-flex\">\n<figure class=\"wp-block-image size-large wp-container-content-b0223bd5\"><img decoding=\"async\" width=\"1024\" height=\"768\" src=\"https:\/\/www.soval.fr\/wp-content\/uploads\/2024\/08\/2013-09-19-518-1024x768.jpg\" alt=\"\" class=\"wp-image-5339\" style=\"aspect-ratio:1;object-fit:cover\" srcset=\"https:\/\/www.soval.fr\/wp-content\/uploads\/2024\/08\/2013-09-19-518-1024x768.jpg 1024w, https:\/\/www.soval.fr\/wp-content\/uploads\/2024\/08\/2013-09-19-518-300x225.jpg 300w, https:\/\/www.soval.fr\/wp-content\/uploads\/2024\/08\/2013-09-19-518-768x576.jpg 768w, https:\/\/www.soval.fr\/wp-content\/uploads\/2024\/08\/2013-09-19-518-1536x1152.jpg 1536w, https:\/\/www.soval.fr\/wp-content\/uploads\/2024\/08\/2013-09-19-518-600x450.jpg 600w, https:\/\/www.soval.fr\/wp-content\/uploads\/2024\/08\/2013-09-19-518.jpg 2000w\" sizes=\"(max-width: 1024px) 100vw, 1024px\" \/><\/figure>\n\n\n\n<figure class=\"wp-block-image size-large wp-container-content-b0223bd5\"><img decoding=\"async\" width=\"682\" height=\"1024\" src=\"https:\/\/www.soval.fr\/wp-content\/uploads\/2024\/08\/a7408659-copie-682x1024.jpg\" alt=\"\" class=\"wp-image-5337\" style=\"aspect-ratio:1;object-fit:cover\" srcset=\"https:\/\/www.soval.fr\/wp-content\/uploads\/2024\/08\/a7408659-copie-682x1024.jpg 682w, https:\/\/www.soval.fr\/wp-content\/uploads\/2024\/08\/a7408659-copie-200x300.jpg 200w, https:\/\/www.soval.fr\/wp-content\/uploads\/2024\/08\/a7408659-copie-768x1152.jpg 768w, https:\/\/www.soval.fr\/wp-content\/uploads\/2024\/08\/a7408659-copie-1024x1536.jpg 1024w, https:\/\/www.soval.fr\/wp-content\/uploads\/2024\/08\/a7408659-copie-600x900.jpg 600w, https:\/\/www.soval.fr\/wp-content\/uploads\/2024\/08\/a7408659-copie.jpg 1333w\" sizes=\"(max-width: 682px) 100vw, 682px\" \/><\/figure>\n\n\n\n<figure class=\"wp-block-image size-large wp-container-content-b0223bd5\"><img decoding=\"async\" width=\"1024\" height=\"682\" src=\"https:\/\/www.soval.fr\/wp-content\/uploads\/2024\/08\/dsc06452-1024x682.jpg\" alt=\"\" class=\"wp-image-5335\" style=\"aspect-ratio:1;object-fit:cover\" srcset=\"https:\/\/www.soval.fr\/wp-content\/uploads\/2024\/08\/dsc06452-1024x682.jpg 1024w, https:\/\/www.soval.fr\/wp-content\/uploads\/2024\/08\/dsc06452-300x200.jpg 300w, https:\/\/www.soval.fr\/wp-content\/uploads\/2024\/08\/dsc06452-768x512.jpg 768w, https:\/\/www.soval.fr\/wp-content\/uploads\/2024\/08\/dsc06452-1536x1024.jpg 1536w, https:\/\/www.soval.fr\/wp-content\/uploads\/2024\/08\/dsc06452-600x400.jpg 600w, https:\/\/www.soval.fr\/wp-content\/uploads\/2024\/08\/dsc06452.jpg 2000w\" sizes=\"(max-width: 1024px) 100vw, 1024px\" \/><\/figure>\n\n\n\n<figure class=\"wp-block-image size-large wp-container-content-b0223bd5\"><img decoding=\"async\" width=\"1024\" height=\"683\" src=\"https:\/\/www.soval.fr\/wp-content\/uploads\/2024\/08\/img_5349-1024x683.jpg\" alt=\"\" class=\"wp-image-5333\" style=\"aspect-ratio:1;object-fit:cover\" srcset=\"https:\/\/www.soval.fr\/wp-content\/uploads\/2024\/08\/img_5349-1024x683.jpg 1024w, https:\/\/www.soval.fr\/wp-content\/uploads\/2024\/08\/img_5349-300x200.jpg 300w, https:\/\/www.soval.fr\/wp-content\/uploads\/2024\/08\/img_5349-768x512.jpg 768w, https:\/\/www.soval.fr\/wp-content\/uploads\/2024\/08\/img_5349-1536x1025.jpg 1536w, https:\/\/www.soval.fr\/wp-content\/uploads\/2024\/08\/img_5349-600x400.jpg 600w, https:\/\/www.soval.fr\/wp-content\/uploads\/2024\/08\/img_5349.jpg 2000w\" sizes=\"(max-width: 1024px) 100vw, 1024px\" \/><\/figure>\n<\/div>\n<\/div>\n\n\n\n<figure class=\"wp-block-image size-large hidden-desktop mobile-img_full\"><img decoding=\"async\" width=\"1024\" height=\"682\" src=\"https:\/\/www.soval.fr\/wp-content\/uploads\/2024\/08\/dsc06452-1024x682.jpg\" alt=\"\" class=\"wp-image-5335\" srcset=\"https:\/\/www.soval.fr\/wp-content\/uploads\/2024\/08\/dsc06452-1024x682.jpg 1024w, https:\/\/www.soval.fr\/wp-content\/uploads\/2024\/08\/dsc06452-300x200.jpg 300w, https:\/\/www.soval.fr\/wp-content\/uploads\/2024\/08\/dsc06452-768x512.jpg 768w, https:\/\/www.soval.fr\/wp-content\/uploads\/2024\/08\/dsc06452-1536x1024.jpg 1536w, https:\/\/www.soval.fr\/wp-content\/uploads\/2024\/08\/dsc06452-600x400.jpg 600w, https:\/\/www.soval.fr\/wp-content\/uploads\/2024\/08\/dsc06452.jpg 2000w\" sizes=\"(max-width: 1024px) 100vw, 1024px\" \/><\/figure>\n\n\n\n<div class=\"wp-block-group alignfull has-background is-layout-constrained wp-container-core-group-is-layout-88e01626 wp-block-group-is-layout-constrained\" style=\"background-color:#eaeff3;margin-top:0;margin-bottom:0;padding-top:var(--wp--preset--spacing--50);padding-right:0;padding-bottom:var(--wp--preset--spacing--50);padding-left:0\">\n<div class=\"wp-block-columns is-layout-flex wp-container-core-columns-is-layout-fc66f3ad wp-block-columns-is-layout-flex\" style=\"padding-top:var(--wp--preset--spacing--60);padding-bottom:var(--wp--preset--spacing--60)\">\n<div class=\"wp-block-column is-layout-flow wp-block-column-is-layout-flow\">\n<figure class=\"wp-block-image size-full is-resized\"><img decoding=\"async\" src=\"https:\/\/www.soval.fr\/wp-content\/uploads\/2024\/08\/offre_complete.svg\" alt=\"\" class=\"wp-image-5861\" style=\"width:64px\"\/><\/figure>\n\n\n\n<h2 class=\"wp-block-heading has-bleu-roi-color has-text-color has-link-color wp-elements-b605c763197af23f9b6238c4d91b5add\" style=\"margin-top:var(--wp--preset--spacing--50)\">Une offre compl\u00e8te<\/h2>\n\n\n\n<p style=\"padding-right:8em;font-size:0.9em\"><p class=\"mobile-no_padding\" style=\"padding-right:8em;\">En compl\u00e9ment de ces gammes de fabrication tels que les raccords \u00e0 brides et \u00e0 emboitements, t\u00eates de bouche \u00e0 cl\u00e9, tampons de voirie et Telecom\u2026 Soval distribue un large panel de pi\u00e8ces pour les r\u00e9seaux d\u2019eaux potables, ou d\u2019assainissement (tuyaux fontes, tuyaux et raccords PVC et PEHD, mat\u00e9riel de robinetterie, de fontainerie et de r\u00e9gulation, mortiers hydrauliques et r\u00e9sines de scellement\u2026).<\/p><\/p>\n<\/div>\n\n\n\n<div class=\"wp-block-column is-layout-flow wp-block-column-is-layout-flow\">\n<figure class=\"wp-block-image size-full is-resized\"><img decoding=\"async\" src=\"https:\/\/www.soval.fr\/wp-content\/uploads\/2024\/08\/reseau_attractif.svg\" alt=\"\" class=\"wp-image-5863\" style=\"width:65px\"\/><\/figure>\n\n\n\n<h2 class=\"wp-block-heading has-bleu-roi-color has-text-color has-link-color wp-elements-98023879e30c28ff829bd5080f8d6a87\" style=\"margin-top:var(--wp--preset--spacing--50)\">Un r\u00e9seau r\u00e9actif et attentif<\/h2>\n\n\n\n<p style=\"padding-right:8em;padding-bottom:0em;font-size:0.9em\"><p class=\"mobile-no_padding\" style=\"padding-right:8em;padding-bottom:1em;\">Autour de sa plateforme centrale haut-marnaise, Soval poss\u00e8de un r\u00e9seau de distribution compos\u00e9 de 18 points de ventes. Chaque agence dispose de conseillers r\u00e9gionaux s\u00e9dentaires et sur le terrain ainsi que d\u2019un d\u00e9p\u00f4t autonome. Ces relais d&#8217;assistance et de conseil, ainsi que nos points de stockage, sont r\u00e9partis dans toute la France pour une meilleure r\u00e9activit\u00e9 et prise en charge.<\/p><\/p>\n<\/div>\n<\/div>\n<\/div>\n\n\n\n<div class=\"wp-block-group is-layout-constrained wp-block-group-is-layout-constrained\" style=\"padding-top:var(--wp--preset--spacing--70);padding-bottom:var(--wp--preset--spacing--70)\">\n<div class=\"wp-block-columns are-vertically-aligned-center is-layout-flex wp-container-core-columns-is-layout-9eeea8de wp-block-columns-is-layout-flex\">\n<div class=\"wp-block-column is-vertically-aligned-center is-layout-flow wp-block-column-is-layout-flow\" style=\"flex-basis:40%\">\n<h2 class=\"wp-block-heading has-bleu-roi-color has-text-color has-link-color wp-elements-9ade7c89df57af0a1025083f4f540d5c\">L&#8217;histoire de Soval en images<\/h2>\n\n\n\n<p>D\u00e9couvrez le cycle de vie complet de nos produits, allant de la mati\u00e8re premi\u00e8re en passant par la production, jusqu&#8217;\u00e0 la distribution finale aupr\u00e8s de nos clients. Au-del\u00e0 d&#8217;une simple pr\u00e9sentation, il s&#8217;agit d&#8217;un v\u00e9ritable moyen d&#8217;exprimer nos valeurs fondamentales. Fournir un service de pointe en termes d\u2019innovation, de r\u00e9activit\u00e9 et de fiabilit\u00e9 \u00e0 travers un accompagnement de proximit\u00e9 guide nos actions au quotidien.<\/p>\n<\/div>\n\n\n\n<div class=\"wp-block-column is-vertically-aligned-center is-layout-flow wp-block-column-is-layout-flow\" style=\"flex-basis:60%\">\n<figure class=\"wp-block-embed is-type-video is-provider-youtube wp-block-embed-youtube wp-embed-aspect-16-9 wp-has-aspect-ratio\"><div class=\"wp-block-embed__wrapper\">\n<div class=\"rpr-video-reponsive\"><iframe title=\"Film institutionnel SOVAL\" width=\"500\" height=\"281\" src=\"https:\/\/www.youtube.com\/embed\/K2uqu3Yr3LM?feature=oembed\" frameborder=\"0\" allow=\"accelerometer; autoplay; clipboard-write; encrypted-media; gyroscope; picture-in-picture; web-share\" referrerpolicy=\"strict-origin-when-cross-origin\" allowfullscreen><\/iframe><\/div>\n<\/div><\/figure>\n<\/div>\n<\/div>\n<\/div>\n\n\n\n<div class=\"wp-block-group alignfull has-background is-layout-constrained wp-container-core-group-is-layout-285dbb94 wp-block-group-is-layout-constrained\" style=\"background-color:#eaeff3;padding-top:var(--wp--preset--spacing--70);padding-right:0;padding-bottom:8rem;padding-left:0\">\n<div class=\"wp-block-columns are-vertically-aligned-center mobile-column_reverse is-layout-flex wp-container-core-columns-is-layout-14cf5ab5 wp-block-columns-is-layout-flex\">\n<div class=\"wp-block-column is-vertically-aligned-center is-layout-flow wp-block-column-is-layout-flow\">\n<figure class=\"wp-block-image size-full\"><img decoding=\"async\" src=\"https:\/\/www.soval.fr\/wp-content\/uploads\/2024\/09\/chiffres-soval.svg\" alt=\"\" class=\"wp-image-6440\"\/><\/figure>\n<\/div>\n\n\n\n<div class=\"wp-block-column is-vertically-aligned-center is-layout-flow wp-block-column-is-layout-flow\">\n<h2 class=\"wp-block-heading has-bleu-roi-color has-text-color has-link-color wp-elements-1964eefac63392c94b2b94a9d1c34869\" style=\"padding-top:0;padding-right:var(--wp--preset--spacing--50);padding-bottom:0;padding-left:var(--wp--preset--spacing--50)\">Soval en chiffres<\/h2>\n\n\n\n<p style=\"margin-right:var(--wp--preset--spacing--50);margin-left:var(--wp--preset--spacing--50);font-size:0.9em\"><p style=\"margin-right:var(--wp--preset--spacing--50);margin-left:var(--wp--preset--spacing--50);\">Soval s\u2019appuie sur un r\u00e9seau solide de plus de 150 collaborateurs r\u00e9partis dans ses 18 agences \u00e0 travers l\u2019hexagone. Fort de plus de 90 ann\u00e9es d\u2019exp\u00e9rience, notre entreprise s\u2019est impos\u00e9e comme un acteur incontournable du secteur de l\u2019eau en France, g\u00e9n\u00e9rant un chiffre d\u2019affaires de plus de 115 millions d\u2019euros en 2023.<\/p><\/p>\n<\/div>\n<\/div>\n\n\n\n<p><\/p>\n<\/div>\n","protected":false},"excerpt":{"rendered":"<p>Soval membre du groupe SLF (Somborn Lang Ferry) Soval appartient au groupe industriel familial Somborn Lang Ferry (groupe SFL) qui comprend aujourd&#8217;hui plus de 800 collaborateurs et dont le savoir-faire dans l&#8217;art de la fonderie est reconnu depuis plus de deux si\u00e8cles. Une fabrication fran\u00e7aise Situ\u00e9es en Haute-Marne (52) depuis 1830, les Fonderies de Brousseval [&hellip;]<\/p>\n","protected":false},"author":1,"featured_media":5341,"parent":0,"menu_order":0,"comment_status":"closed","ping_status":"closed","template":"","meta":{"_acf_changed":false,"footnotes":""},"class_list":["post-5325","page","type-page","status-publish","has-post-thumbnail","hentry"],"acf":[],"_links":{"self":[{"href":"https:\/\/www.soval.fr\/fr\/wp-json\/wp\/v2\/pages\/5325","targetHints":{"allow":["GET"]}}],"collection":[{"href":"https:\/\/www.soval.fr\/fr\/wp-json\/wp\/v2\/pages"}],"about":[{"href":"https:\/\/www.soval.fr\/fr\/wp-json\/wp\/v2\/types\/page"}],"author":[{"embeddable":true,"href":"https:\/\/www.soval.fr\/fr\/wp-json\/wp\/v2\/users\/1"}],"replies":[{"embeddable":true,"href":"https:\/\/www.soval.fr\/fr\/wp-json\/wp\/v2\/comments?post=5325"}],"version-history":[{"count":0,"href":"https:\/\/www.soval.fr\/fr\/wp-json\/wp\/v2\/pages\/5325\/revisions"}],"wp:featuredmedia":[{"embeddable":true,"href":"https:\/\/www.soval.fr\/fr\/wp-json\/wp\/v2\/media\/5341"}],"wp:attachment":[{"href":"https:\/\/www.soval.fr\/fr\/wp-json\/wp\/v2\/media?parent=5325"}],"curies":[{"name":"wp","href":"https:\/\/api.w.org\/{rel}","templated":true}]}}