{"id":5361,"date":"2024-08-12T17:20:32","date_gmt":"2024-08-12T15:20:32","guid":{"rendered":"https:\/\/www.soval.fr\/?page_id=5361"},"modified":"2024-09-13T02:26:55","modified_gmt":"2024-09-13T00:26:55","slug":"recherche-developpement","status":"publish","type":"page","link":"https:\/\/www.soval.fr\/fr\/recherche-developpement\/","title":{"rendered":"Recherche, d\u00e9veloppement &amp; innovation"},"content":{"rendered":"\n<div class=\"wp-block-columns is-layout-flex wp-container-core-columns-is-layout-51c8ee58 wp-block-columns-is-layout-flex\" style=\"padding-top:var(--wp--preset--spacing--70);padding-bottom:var(--wp--preset--spacing--70)\">\n<div class=\"wp-block-column is-layout-flow wp-block-column-is-layout-flow\">\n<p>Chez Soval, nous sommes convaincus que la fonte a un r\u00f4le \u00e0 jouer dans la pr\u00e9servation des ressources en eau. C&#8217;est pourquoi nous investissons continuellement dans la recherche et l&#8217;innovation pour d\u00e9velopper des solutions en fonte durables et performantes.<\/p>\n<\/div>\n\n\n\n<div class=\"wp-block-column is-layout-flow wp-block-column-is-layout-flow\">\n<p>Notre bureau d\u2019\u00e9tude travaille pour optimiser la conception de nos produits, en s&#8217;appuyant sur les derni\u00e8res technologies et les meilleurs savoir-faire. L&#8217;objectif est de proposer des solutions qui r\u00e9pondent aux d\u00e9fis de demain, tels que la r\u00e9duction des fuites d&#8217;eau, l&#8217;am\u00e9lioration de l&#8217;efficacit\u00e9 des r\u00e9seaux d&#8217;eau potable et la gestion durable des eaux us\u00e9es.<\/p>\n<\/div>\n<\/div>\n\n\n\n<div class=\"wp-block-group alignfull has-background is-layout-constrained wp-block-group-is-layout-constrained\" style=\"background-color:#eaeff3\">\n<div class=\"wp-block-columns is-layout-flex wp-container-core-columns-is-layout-14cf5ab5 wp-block-columns-is-layout-flex\">\n<div class=\"wp-block-column is-layout-flow wp-block-column-is-layout-flow\" style=\"padding-top:var(--wp--preset--spacing--60);padding-bottom:var(--wp--preset--spacing--60)\">\n<div class=\"wp-block-group is-layout-constrained wp-block-group-is-layout-constrained\" style=\"margin-bottom:var(--wp--preset--spacing--60)\">\n<h2 class=\"wp-block-heading has-bleu-roi-color has-text-color has-link-color wp-elements-e198f304c49ea2bd9350678ffaefa946\">Un bureau d\u2019\u00e9tude int\u00e9gr\u00e9<\/h2>\n\n\n\n<p>Toutes nos gammes de produits sont con\u00e7us par son bureau d\u2019\u00e9tude int\u00e9gr\u00e9. Cela permet la maitrise de l\u2019ensemble des \u00e9tapes qui constituent la vie d\u2019un produit : R&amp;D, Sourcing mati\u00e8re, Transformation, Stockage, Livraison, SAV. Tous ces maillons forment une chaine compl\u00e8te et coh\u00e9rente de valeur \u00e9conomique et sociale. Cette vision globale et compl\u00e8te permet \u00e0 Soval une strat\u00e9gie positive de d\u00e9veloppement durable directement traduisible en d\u00e9cisions puis en actions.<\/p>\n<\/div>\n\n\n\n<div class=\"wp-block-group hidden-desktop is-layout-constrained wp-block-group-is-layout-constrained\" style=\"padding-bottom:var(--wp--preset--spacing--60)\">\n<figure class=\"wp-block-image size-large mobile-img_full\"><img decoding=\"async\" width=\"682\" height=\"1024\" src=\"https:\/\/www.soval.fr\/wp-content\/uploads\/2024\/08\/65000273-682x1024.jpg\" alt=\"\" class=\"wp-image-5370\" style=\"aspect-ratio:1;object-fit:cover\" srcset=\"https:\/\/www.soval.fr\/wp-content\/uploads\/2024\/08\/65000273-682x1024.jpg 682w, https:\/\/www.soval.fr\/wp-content\/uploads\/2024\/08\/65000273-200x300.jpg 200w, https:\/\/www.soval.fr\/wp-content\/uploads\/2024\/08\/65000273-768x1152.jpg 768w, https:\/\/www.soval.fr\/wp-content\/uploads\/2024\/08\/65000273-1024x1536.jpg 1024w, https:\/\/www.soval.fr\/wp-content\/uploads\/2024\/08\/65000273-600x900.jpg 600w, https:\/\/www.soval.fr\/wp-content\/uploads\/2024\/08\/65000273.jpg 1333w\" sizes=\"(max-width: 682px) 100vw, 682px\" \/><\/figure>\n<\/div>\n\n\n\n<div class=\"wp-block-group is-layout-constrained wp-block-group-is-layout-constrained\">\n<h2 class=\"wp-block-heading has-bleu-roi-color has-text-color has-link-color wp-elements-6b777da897a7c5375105cd955944bc78\">Soval : le partenaire pour des solutions en fonte sur-mesure<\/h2>\n\n\n\n<p>En tant que distributeur adoss\u00e9 \u00e0 une fonderie, Soval se distingue par sa capacit\u00e9 \u00e0 d\u00e9velopper des produits en fonte sp\u00e9cifiques \u00e0 vos besoins. Notre expertise et notre flexibilit\u00e9 nous permettent de r\u00e9pondre aux exigences les plus complexes, m\u00eame pour des produits hors standard ou pour des remplacements de pi\u00e8ces plus anciennes.<\/p>\n<\/div>\n<\/div>\n\n\n\n<div class=\"wp-block-column hidden-mobile is-layout-flow wp-block-column-is-layout-flow\">\n<div class=\"wp-block-group is-nowrap is-layout-flex wp-container-core-group-is-layout-6c531013 wp-block-group-is-layout-flex\">\n<figure class=\"wp-block-image size-large wp-container-content-0733e5d0\"><img decoding=\"async\" width=\"682\" height=\"1024\" src=\"https:\/\/www.soval.fr\/wp-content\/uploads\/2024\/08\/65000273-682x1024.jpg\" alt=\"\" class=\"wp-image-5370\" style=\"aspect-ratio:1;object-fit:cover\" srcset=\"https:\/\/www.soval.fr\/wp-content\/uploads\/2024\/08\/65000273-682x1024.jpg 682w, https:\/\/www.soval.fr\/wp-content\/uploads\/2024\/08\/65000273-200x300.jpg 200w, https:\/\/www.soval.fr\/wp-content\/uploads\/2024\/08\/65000273-768x1152.jpg 768w, https:\/\/www.soval.fr\/wp-content\/uploads\/2024\/08\/65000273-1024x1536.jpg 1024w, https:\/\/www.soval.fr\/wp-content\/uploads\/2024\/08\/65000273-600x900.jpg 600w, https:\/\/www.soval.fr\/wp-content\/uploads\/2024\/08\/65000273.jpg 1333w\" sizes=\"(max-width: 682px) 100vw, 682px\" \/><\/figure>\n\n\n\n<figure class=\"wp-block-image size-large wp-container-content-0733e5d0\"><img decoding=\"async\" width=\"1024\" height=\"682\" src=\"https:\/\/www.soval.fr\/wp-content\/uploads\/2024\/08\/65000367-1024x682.jpg\" alt=\"\" class=\"wp-image-5372\" style=\"aspect-ratio:1;object-fit:cover\" srcset=\"https:\/\/www.soval.fr\/wp-content\/uploads\/2024\/08\/65000367-1024x682.jpg 1024w, https:\/\/www.soval.fr\/wp-content\/uploads\/2024\/08\/65000367-300x200.jpg 300w, https:\/\/www.soval.fr\/wp-content\/uploads\/2024\/08\/65000367-768x512.jpg 768w, https:\/\/www.soval.fr\/wp-content\/uploads\/2024\/08\/65000367-1536x1024.jpg 1536w, https:\/\/www.soval.fr\/wp-content\/uploads\/2024\/08\/65000367-600x400.jpg 600w, https:\/\/www.soval.fr\/wp-content\/uploads\/2024\/08\/65000367.jpg 2000w\" sizes=\"(max-width: 1024px) 100vw, 1024px\" \/><\/figure>\n<\/div>\n<\/div>\n<\/div>\n<\/div>\n\n\n\n<div class=\"wp-block-group is-layout-constrained wp-block-group-is-layout-constrained\">\n<div class=\"wp-block-columns is-layout-flex wp-container-core-columns-is-layout-14cf5ab5 wp-block-columns-is-layout-flex\">\n<div class=\"wp-block-column is-layout-flow wp-block-column-is-layout-flow\" style=\"padding-top:var(--wp--preset--spacing--60)\">\n<div class=\"wp-block-group is-layout-constrained wp-block-group-is-layout-constrained\" style=\"margin-bottom:var(--wp--preset--spacing--60)\">\n<h2 class=\"wp-block-heading has-bleu-roi-color has-text-color has-link-color wp-elements-879c3c342e67af6eee10da16e49b03fe\">Exemples de r\u00e9alisations<\/h2>\n\n\n\n<ul class=\"wp-block-list bullet-bleu-roi\">\n<li>Trappes Evolution<\/li>\n\n\n\n<li>Manchettes avec des longueurs hors standard pour l&#8217;AEP<\/li>\n\n\n\n<li>Produits de voirie sp\u00e9cifiques (tampons de remplacement pour le tunnel du Frejus)<\/li>\n<\/ul>\n<\/div>\n\n\n\n<div class=\"wp-block-group hidden-desktop is-layout-constrained wp-block-group-is-layout-constrained\" style=\"padding-bottom:var(--wp--preset--spacing--60)\">\n<figure class=\"wp-block-image size-large mobile-img_full\"><img decoding=\"async\" width=\"1024\" height=\"768\" src=\"https:\/\/www.soval.fr\/wp-content\/uploads\/2024\/08\/27-11-2008-005-1024x768.jpg\" alt=\"\" class=\"wp-image-5362\" style=\"aspect-ratio:1;object-fit:cover\" srcset=\"https:\/\/www.soval.fr\/wp-content\/uploads\/2024\/08\/27-11-2008-005-1024x768.jpg 1024w, https:\/\/www.soval.fr\/wp-content\/uploads\/2024\/08\/27-11-2008-005-300x225.jpg 300w, https:\/\/www.soval.fr\/wp-content\/uploads\/2024\/08\/27-11-2008-005-768x576.jpg 768w, https:\/\/www.soval.fr\/wp-content\/uploads\/2024\/08\/27-11-2008-005-1536x1152.jpg 1536w, https:\/\/www.soval.fr\/wp-content\/uploads\/2024\/08\/27-11-2008-005-600x450.jpg 600w, https:\/\/www.soval.fr\/wp-content\/uploads\/2024\/08\/27-11-2008-005.jpg 2000w\" sizes=\"(max-width: 1024px) 100vw, 1024px\" \/><\/figure>\n<\/div>\n\n\n\n<div class=\"wp-block-group is-layout-constrained wp-block-group-is-layout-constrained\" style=\"margin-bottom:var(--wp--preset--spacing--60)\">\n<h2 class=\"wp-block-heading has-bleu-roi-color has-text-color has-link-color wp-elements-0474e042a98a71184f4ef3bf6cdec0d2\">Notre engagement<\/h2>\n\n\n\n<ul class=\"wp-block-list bullet-bleu-roi\">\n<li>Respect des normes en vigueur (EN 545 pour l&#8217;AEP, EN 124 pour les pi\u00e8ces de voirie)<\/li>\n\n\n\n<li>Fourniture de plans et notes de calcul sur demande<\/li>\n\n\n\n<li>Prototypage en impression 3D possible<\/li>\n\n\n\n<li>Essais de qualification des pi\u00e8ces pr\u00e9-s\u00e9rie<\/li>\n<\/ul>\n<\/div>\n\n\n\n<p>SOVAL, c\u2019est la garantie d\u2019une solution en fonte fiable, durable et parfaitement adapt\u00e9e \u00e0 vos besoins.<\/p>\n\n\n\n<div class=\"wp-block-group hidden-desktop is-layout-constrained wp-block-group-is-layout-constrained\">\n<figure class=\"wp-block-image size-large mobile-img_full\"><img decoding=\"async\" width=\"1024\" height=\"768\" src=\"https:\/\/www.soval.fr\/wp-content\/uploads\/2024\/08\/2014-05-15-vaux-le-penil-33-1024x768.jpg\" alt=\"\" class=\"wp-image-5366\" style=\"aspect-ratio:1;object-fit:cover\" srcset=\"https:\/\/www.soval.fr\/wp-content\/uploads\/2024\/08\/2014-05-15-vaux-le-penil-33-1024x768.jpg 1024w, https:\/\/www.soval.fr\/wp-content\/uploads\/2024\/08\/2014-05-15-vaux-le-penil-33-300x225.jpg 300w, https:\/\/www.soval.fr\/wp-content\/uploads\/2024\/08\/2014-05-15-vaux-le-penil-33-768x576.jpg 768w, https:\/\/www.soval.fr\/wp-content\/uploads\/2024\/08\/2014-05-15-vaux-le-penil-33-1536x1152.jpg 1536w, https:\/\/www.soval.fr\/wp-content\/uploads\/2024\/08\/2014-05-15-vaux-le-penil-33-600x450.jpg 600w, https:\/\/www.soval.fr\/wp-content\/uploads\/2024\/08\/2014-05-15-vaux-le-penil-33.jpg 2000w\" sizes=\"(max-width: 1024px) 100vw, 1024px\" \/><\/figure>\n<\/div>\n<\/div>\n\n\n\n<div class=\"wp-block-column hidden-mobile is-layout-flow wp-block-column-is-layout-flow\">\n<div class=\"wp-block-group is-nowrap is-layout-flex wp-container-core-group-is-layout-6c531013 wp-block-group-is-layout-flex\">\n<figure class=\"wp-block-image size-large wp-container-content-0733e5d0\"><img decoding=\"async\" width=\"1024\" height=\"768\" src=\"https:\/\/www.soval.fr\/wp-content\/uploads\/2024\/08\/27-11-2008-005-1024x768.jpg\" alt=\"\" class=\"wp-image-5362\" style=\"aspect-ratio:1;object-fit:cover\" srcset=\"https:\/\/www.soval.fr\/wp-content\/uploads\/2024\/08\/27-11-2008-005-1024x768.jpg 1024w, https:\/\/www.soval.fr\/wp-content\/uploads\/2024\/08\/27-11-2008-005-300x225.jpg 300w, https:\/\/www.soval.fr\/wp-content\/uploads\/2024\/08\/27-11-2008-005-768x576.jpg 768w, https:\/\/www.soval.fr\/wp-content\/uploads\/2024\/08\/27-11-2008-005-1536x1152.jpg 1536w, https:\/\/www.soval.fr\/wp-content\/uploads\/2024\/08\/27-11-2008-005-600x450.jpg 600w, https:\/\/www.soval.fr\/wp-content\/uploads\/2024\/08\/27-11-2008-005.jpg 2000w\" sizes=\"(max-width: 1024px) 100vw, 1024px\" \/><\/figure>\n\n\n\n<figure class=\"wp-block-image size-large wp-container-content-0733e5d0\"><img decoding=\"async\" width=\"1024\" height=\"768\" src=\"https:\/\/www.soval.fr\/wp-content\/uploads\/2024\/08\/2014-05-15-chilesse-19-1024x768.jpg\" alt=\"\" class=\"wp-image-5364\" style=\"aspect-ratio:1;object-fit:cover\" srcset=\"https:\/\/www.soval.fr\/wp-content\/uploads\/2024\/08\/2014-05-15-chilesse-19-1024x768.jpg 1024w, https:\/\/www.soval.fr\/wp-content\/uploads\/2024\/08\/2014-05-15-chilesse-19-300x225.jpg 300w, https:\/\/www.soval.fr\/wp-content\/uploads\/2024\/08\/2014-05-15-chilesse-19-768x576.jpg 768w, https:\/\/www.soval.fr\/wp-content\/uploads\/2024\/08\/2014-05-15-chilesse-19-1536x1152.jpg 1536w, https:\/\/www.soval.fr\/wp-content\/uploads\/2024\/08\/2014-05-15-chilesse-19-600x450.jpg 600w, https:\/\/www.soval.fr\/wp-content\/uploads\/2024\/08\/2014-05-15-chilesse-19.jpg 2000w\" sizes=\"(max-width: 1024px) 100vw, 1024px\" \/><\/figure>\n<\/div>\n\n\n\n<div class=\"wp-block-group is-nowrap is-layout-flex wp-container-core-group-is-layout-6c531013 wp-block-group-is-layout-flex\">\n<figure class=\"wp-block-image size-large wp-container-content-0733e5d0\"><img decoding=\"async\" width=\"1024\" height=\"768\" src=\"https:\/\/www.soval.fr\/wp-content\/uploads\/2024\/08\/2014-05-15-vaux-le-penil-33-1024x768.jpg\" alt=\"\" class=\"wp-image-5366\" style=\"aspect-ratio:1;object-fit:cover\" srcset=\"https:\/\/www.soval.fr\/wp-content\/uploads\/2024\/08\/2014-05-15-vaux-le-penil-33-1024x768.jpg 1024w, https:\/\/www.soval.fr\/wp-content\/uploads\/2024\/08\/2014-05-15-vaux-le-penil-33-300x225.jpg 300w, https:\/\/www.soval.fr\/wp-content\/uploads\/2024\/08\/2014-05-15-vaux-le-penil-33-768x576.jpg 768w, https:\/\/www.soval.fr\/wp-content\/uploads\/2024\/08\/2014-05-15-vaux-le-penil-33-1536x1152.jpg 1536w, https:\/\/www.soval.fr\/wp-content\/uploads\/2024\/08\/2014-05-15-vaux-le-penil-33-600x450.jpg 600w, https:\/\/www.soval.fr\/wp-content\/uploads\/2024\/08\/2014-05-15-vaux-le-penil-33.jpg 2000w\" sizes=\"(max-width: 1024px) 100vw, 1024px\" \/><\/figure>\n\n\n\n<figure class=\"wp-block-image size-large wp-container-content-0733e5d0\"><img decoding=\"async\" width=\"1024\" height=\"576\" src=\"https:\/\/www.soval.fr\/wp-content\/uploads\/2024\/08\/20160727_113516-1024x576.jpg\" alt=\"\" class=\"wp-image-5368\" style=\"aspect-ratio:1;object-fit:cover\" srcset=\"https:\/\/www.soval.fr\/wp-content\/uploads\/2024\/08\/20160727_113516-1024x576.jpg 1024w, https:\/\/www.soval.fr\/wp-content\/uploads\/2024\/08\/20160727_113516-300x169.jpg 300w, https:\/\/www.soval.fr\/wp-content\/uploads\/2024\/08\/20160727_113516-768x432.jpg 768w, https:\/\/www.soval.fr\/wp-content\/uploads\/2024\/08\/20160727_113516-1536x864.jpg 1536w, https:\/\/www.soval.fr\/wp-content\/uploads\/2024\/08\/20160727_113516-600x338.jpg 600w, https:\/\/www.soval.fr\/wp-content\/uploads\/2024\/08\/20160727_113516.jpg 2000w\" sizes=\"(max-width: 1024px) 100vw, 1024px\" \/><\/figure>\n<\/div>\n<\/div>\n<\/div>\n<\/div>\n\n\n\n<div class=\"wp-block-group alignfull has-beige-background-color has-background is-layout-constrained wp-block-group-is-layout-constrained\" style=\"padding-top:var(--wp--preset--spacing--70);padding-bottom:10rem\">\n<div class=\"wp-block-columns mobile-column_reverse is-layout-flex wp-container-core-columns-is-layout-14cf5ab5 wp-block-columns-is-layout-flex\">\n<div class=\"wp-block-column is-layout-flow wp-block-column-is-layout-flow\" style=\"flex-basis:40%\">\n<div class=\"wp-block-group is-layout-constrained wp-block-group-is-layout-constrained has-background\" style=\"min-height:300px;margin-bottom:var(--wp--preset--spacing--60);background-image:url(&apos;https:\/\/www.soval.fr\/wp-content\/uploads\/2024\/08\/1_photo_agence-edited-scaled.jpg&apos;);background-position:100% 50%;background-size:cover;\"><\/div>\n\n\n\n<p>Pour toute demande, conseil ou solution technique, contacter votre agence Soval et discuter de votre projet.<\/p>\n<\/div>\n\n\n\n<div class=\"wp-block-column is-layout-flow wp-block-column-is-layout-flow\" style=\"flex-basis:60%\">\n<div style=\"height:300px; margin-bottom:var(--wp--preset--spacing--60); min-height:300px;\" class=\"block-agence-map w-full h-full relative overflow-hidden relative z-0 align wp-block-acf-agence-map\">\n\t<div id=\"map_soval\" data-id=\"368\"><\/div><\/div>\n\n\n\n<p style=\"margin-bottom:var(--wp--preset--spacing--40)\">Retrouvez votre agence privil\u00e9gi\u00e9e en cliquant sur la carte ou sur le bouton Trouver mon agence.<\/p>\n\n\n\n<div class=\"wp-block-buttons is-layout-flex wp-block-buttons-is-layout-flex\">\n<div class=\"wp-block-button is-style-fill\"><a class=\"wp-block-button__link wp-element-button\" href=\"https:\/\/www.soval.fr\/fr\/trouvez-votre-agence\/\">Trouver mon agence<\/a><\/div>\n<\/div>\n<\/div>\n<\/div>\n<\/div>\n","protected":false},"excerpt":{"rendered":"<p>Chez Soval, nous sommes convaincus que la fonte a un r\u00f4le \u00e0 jouer dans la pr\u00e9servation des ressources en eau. C&#8217;est pourquoi nous investissons continuellement dans la recherche et l&#8217;innovation pour d\u00e9velopper des solutions en fonte durables et performantes. Notre bureau d\u2019\u00e9tude travaille pour optimiser la conception de nos produits, en s&#8217;appuyant sur les derni\u00e8res [&hellip;]<\/p>\n","protected":false},"author":1,"featured_media":5374,"parent":0,"menu_order":0,"comment_status":"closed","ping_status":"closed","template":"","meta":{"_acf_changed":false,"footnotes":""},"class_list":["post-5361","page","type-page","status-publish","has-post-thumbnail","hentry"],"acf":[],"_links":{"self":[{"href":"https:\/\/www.soval.fr\/fr\/wp-json\/wp\/v2\/pages\/5361","targetHints":{"allow":["GET"]}}],"collection":[{"href":"https:\/\/www.soval.fr\/fr\/wp-json\/wp\/v2\/pages"}],"about":[{"href":"https:\/\/www.soval.fr\/fr\/wp-json\/wp\/v2\/types\/page"}],"author":[{"embeddable":true,"href":"https:\/\/www.soval.fr\/fr\/wp-json\/wp\/v2\/users\/1"}],"replies":[{"embeddable":true,"href":"https:\/\/www.soval.fr\/fr\/wp-json\/wp\/v2\/comments?post=5361"}],"version-history":[{"count":0,"href":"https:\/\/www.soval.fr\/fr\/wp-json\/wp\/v2\/pages\/5361\/revisions"}],"wp:featuredmedia":[{"embeddable":true,"href":"https:\/\/www.soval.fr\/fr\/wp-json\/wp\/v2\/media\/5374"}],"wp:attachment":[{"href":"https:\/\/www.soval.fr\/fr\/wp-json\/wp\/v2\/media?parent=5361"}],"curies":[{"name":"wp","href":"https:\/\/api.w.org\/{rel}","templated":true}]}}