{"id":9,"date":"2024-05-01T15:49:13","date_gmt":"2024-05-01T13:49:13","guid":{"rendered":"https:\/\/www.soval.fr\/panier\/"},"modified":"2024-11-08T12:12:39","modified_gmt":"2024-11-08T11:12:39","slug":"ma-liste","status":"publish","type":"page","link":"https:\/\/www.soval.fr\/fr\/ma-liste\/","title":{"rendered":"Ma Liste"},"content":{"rendered":"\n<h1 class=\"wp-block-heading has-bleu-roi-color has-text-color has-link-color wp-elements-61c0ae86b03c5faafafad68f5a496337\" style=\"font-size:1.88rem\">Ma liste<\/h1>\n\n\n\n<div style=\"height:2rem\" aria-hidden=\"true\" class=\"wp-block-spacer\"><\/div>\n\n\n\n<p>Facilitez vos \u00e9changes avec votre agence, gardez en m\u00e9moire des r\u00e9f\u00e9rences produits pour \u00e9laborer vos devis.<br>Vous \u00eates au bon endroit !<\/p>\n\n\n\n<p><\/p>\n","protected":false},"excerpt":{"rendered":"<p>Ma liste Facilitez vos \u00e9changes avec votre agence, gardez en m\u00e9moire des r\u00e9f\u00e9rences produits pour \u00e9laborer vos devis.Vous \u00eates au bon endroit !<\/p>\n","protected":false},"author":1,"featured_media":0,"parent":0,"menu_order":0,"comment_status":"closed","ping_status":"closed","template":"","meta":{"_acf_changed":false,"footnotes":""},"class_list":["post-9","page","type-page","status-publish","hentry"],"acf":[],"_links":{"self":[{"href":"https:\/\/www.soval.fr\/fr\/wp-json\/wp\/v2\/pages\/9","targetHints":{"allow":["GET"]}}],"collection":[{"href":"https:\/\/www.soval.fr\/fr\/wp-json\/wp\/v2\/pages"}],"about":[{"href":"https:\/\/www.soval.fr\/fr\/wp-json\/wp\/v2\/types\/page"}],"author":[{"embeddable":true,"href":"https:\/\/www.soval.fr\/fr\/wp-json\/wp\/v2\/users\/1"}],"replies":[{"embeddable":true,"href":"https:\/\/www.soval.fr\/fr\/wp-json\/wp\/v2\/comments?post=9"}],"version-history":[{"count":3,"href":"https:\/\/www.soval.fr\/fr\/wp-json\/wp\/v2\/pages\/9\/revisions"}],"predecessor-version":[{"id":8630,"href":"https:\/\/www.soval.fr\/fr\/wp-json\/wp\/v2\/pages\/9\/revisions\/8630"}],"wp:attachment":[{"href":"https:\/\/www.soval.fr\/fr\/wp-json\/wp\/v2\/media?parent=9"}],"curies":[{"name":"wp","href":"https:\/\/api.w.org\/{rel}","templated":true}]}}