{"id":10947,"date":"2025-06-30T16:24:28","date_gmt":"2025-06-30T14:24:28","guid":{"rendered":"https:\/\/www.soval.fr\/?post_type=product&#038;p=10947"},"modified":"2026-03-02T14:16:58","modified_gmt":"2026-03-02T13:16:58","slug":"adaptateur-de-brides-390-pour-tuyaux-pvc","status":"publish","type":"product","link":"https:\/\/www.soval.fr\/fr\/produit\/aep\/raccords-de-canalisations\/adaptateurs\/adaptateur-de-brides-390-pour-tuyaux-pvc\/","title":{"rendered":"Adaptateur de brides 390 pour tuyaux PVC"},"content":{"rendered":"<p>L\u2019adaptateur de bride 390 pour tuyaux PVC permet un raccordement fiable et sans contrainte \u00e0 une bride standard. Le kit comprend la contre-bride en fonte, un joint sp\u00e9cifique PVC et sa visserie.<\/p>\n<p>Ce syst\u00e8me pr\u00e9vient les d\u00e9formations du tube PVC tout en assurant une excellente tenue hydraulique et une mise en \u0153uvre rapide sur chantier.<\/p>\n","protected":false},"excerpt":{"rendered":"<p>L\u2019adaptateur de bride 390 pour tuyaux PVC permet un raccordement fiable et sans contrainte \u00e0 une bride standard. Le kit comprend la contre-bride en fonte, un joint sp\u00e9cifique PVC et sa visserie. Ce syst\u00e8me pr\u00e9vient les d\u00e9formations du tube PVC tout en assurant une excellente tenue hydraulique et une mise en \u0153uvre rapide sur chantier.<\/p>\n","protected":false},"featured_media":10958,"template":"","meta":{"_acf_changed":false},"product_brand":[],"product_cat":[30],"product_tag":[],"class_list":{"0":"post-10947","1":"product","2":"type-product","3":"status-publish","4":"has-post-thumbnail","6":"product_cat-adaptateurs","8":"first","9":"instock","10":"shipping-taxable","11":"purchasable","12":"product-type-variable"},"acf":[],"_links":{"self":[{"href":"https:\/\/www.soval.fr\/fr\/wp-json\/wp\/v2\/product\/10947","targetHints":{"allow":["GET"]}}],"collection":[{"href":"https:\/\/www.soval.fr\/fr\/wp-json\/wp\/v2\/product"}],"about":[{"href":"https:\/\/www.soval.fr\/fr\/wp-json\/wp\/v2\/types\/product"}],"wp:featuredmedia":[{"embeddable":true,"href":"https:\/\/www.soval.fr\/fr\/wp-json\/wp\/v2\/media\/10958"}],"wp:attachment":[{"href":"https:\/\/www.soval.fr\/fr\/wp-json\/wp\/v2\/media?parent=10947"}],"wp:term":[{"taxonomy":"product_brand","embeddable":true,"href":"https:\/\/www.soval.fr\/fr\/wp-json\/wp\/v2\/product_brand?post=10947"},{"taxonomy":"product_cat","embeddable":true,"href":"https:\/\/www.soval.fr\/fr\/wp-json\/wp\/v2\/product_cat?post=10947"},{"taxonomy":"product_tag","embeddable":true,"href":"https:\/\/www.soval.fr\/fr\/wp-json\/wp\/v2\/product_tag?post=10947"}],"curies":[{"name":"wp","href":"https:\/\/api.w.org\/{rel}","templated":true}]}}