{"id":10973,"date":"2025-06-30T16:35:14","date_gmt":"2025-06-30T14:35:14","guid":{"rendered":"https:\/\/www.soval.fr\/?post_type=product&#038;p=10973"},"modified":"2026-03-02T14:16:37","modified_gmt":"2026-03-02T13:16:37","slug":"adaptateur-de-brides-390-autobute-pour-tuyaux-pe","status":"publish","type":"product","link":"https:\/\/www.soval.fr\/fr\/produit\/aep\/raccords-de-canalisations\/adaptateurs\/adaptateur-de-brides-390-autobute-pour-tuyaux-pe\/","title":{"rendered":"Adaptateur de brides 390 autobut\u00e9 pour tuyaux PE"},"content":{"rendered":"<p>L\u2019adaptateur 390 autobut\u00e9 pour tuyaux PE permet un raccordement s\u00e9curis\u00e9 \u00e0 bride de tubes en poly\u00e9thyl\u00e8ne. Il est livr\u00e9 en kit complet avec contre-bride en fonte, joint autobut\u00e9 sp\u00e9cifique et visserie.<\/p>\n<p>Son syst\u00e8me de verrouillage int\u00e9gr\u00e9 assure une tenue fiable en traction, id\u00e9ale pour les r\u00e9seaux soumis \u00e0 des efforts m\u00e9caniques ou pos\u00e9s en terrain difficile.<\/p>\n","protected":false},"excerpt":{"rendered":"<p>L\u2019adaptateur 390 autobut\u00e9 pour tuyaux PE permet un raccordement s\u00e9curis\u00e9 \u00e0 bride de tubes en poly\u00e9thyl\u00e8ne. Il est livr\u00e9 en kit complet avec contre-bride en fonte, joint autobut\u00e9 sp\u00e9cifique et visserie. Son syst\u00e8me de verrouillage int\u00e9gr\u00e9 assure une tenue fiable en traction, id\u00e9ale pour les r\u00e9seaux soumis \u00e0 des efforts m\u00e9caniques ou pos\u00e9s en terrain [&hellip;]<\/p>\n","protected":false},"featured_media":10985,"template":"","meta":{"_acf_changed":false},"product_brand":[],"product_cat":[30],"product_tag":[],"class_list":{"0":"post-10973","1":"product","2":"type-product","3":"status-publish","4":"has-post-thumbnail","6":"product_cat-adaptateurs","8":"first","9":"instock","10":"shipping-taxable","11":"purchasable","12":"product-type-variable"},"acf":[],"_links":{"self":[{"href":"https:\/\/www.soval.fr\/fr\/wp-json\/wp\/v2\/product\/10973","targetHints":{"allow":["GET"]}}],"collection":[{"href":"https:\/\/www.soval.fr\/fr\/wp-json\/wp\/v2\/product"}],"about":[{"href":"https:\/\/www.soval.fr\/fr\/wp-json\/wp\/v2\/types\/product"}],"wp:featuredmedia":[{"embeddable":true,"href":"https:\/\/www.soval.fr\/fr\/wp-json\/wp\/v2\/media\/10985"}],"wp:attachment":[{"href":"https:\/\/www.soval.fr\/fr\/wp-json\/wp\/v2\/media?parent=10973"}],"wp:term":[{"taxonomy":"product_brand","embeddable":true,"href":"https:\/\/www.soval.fr\/fr\/wp-json\/wp\/v2\/product_brand?post=10973"},{"taxonomy":"product_cat","embeddable":true,"href":"https:\/\/www.soval.fr\/fr\/wp-json\/wp\/v2\/product_cat?post=10973"},{"taxonomy":"product_tag","embeddable":true,"href":"https:\/\/www.soval.fr\/fr\/wp-json\/wp\/v2\/product_tag?post=10973"}],"curies":[{"name":"wp","href":"https:\/\/api.w.org\/{rel}","templated":true}]}}