{"id":11062,"date":"2025-07-29T10:28:17","date_gmt":"2025-07-29T08:28:17","guid":{"rendered":"https:\/\/www.soval.fr\/?post_type=product&#038;p=11062"},"modified":"2026-04-21T15:42:32","modified_gmt":"2026-04-21T13:42:32","slug":"grille-concave-n701-400kn","status":"publish","type":"product","link":"https:\/\/www.soval.fr\/fr\/produit\/voirie-assainissement\/collecte-des-eaux\/grilles-concaves\/grille-concave-n701-400kn\/","title":{"rendered":"Grille concave \u00e0 cadre n\u00b0701 trafic lent 400kN"},"content":{"rendered":"<p>\u00c9quip\u00e9e d\u2019un cadre et d\u2019un tampon trafic lent 400 kN, la 701 est une grille concave en fonte GS de collecte des eaux pluviales et de ruissellement sur trottoir et zones pietonne.<\/p>\n<p>Elle est con\u00e7ue pour avaler un maximum de volume d\u2019eau tout en permettant une circulation pi\u00e9tonne s\u00e9curis\u00e9e (conforme PMR).<\/p>\n","protected":false},"excerpt":{"rendered":"<p>\u00c9quip\u00e9e d\u2019un cadre et d\u2019un tampon trafic lent 400 kN, la 701 est une grille concave en fonte GS de collecte des eaux pluviales et de ruissellement sur trottoir et zones pietonne. Elle est con\u00e7ue pour avaler un maximum de volume d\u2019eau tout en permettant une circulation pi\u00e9tonne s\u00e9curis\u00e9e (conforme PMR).<\/p>\n","protected":false},"featured_media":11071,"template":"","meta":{"_acf_changed":false},"product_brand":[],"product_cat":[53],"product_tag":[],"class_list":{"0":"post-11062","1":"product","2":"type-product","3":"status-publish","4":"has-post-thumbnail","6":"product_cat-grilles-concaves","8":"first","9":"instock","10":"shipping-taxable","11":"purchasable","12":"product-type-variable"},"acf":[],"_links":{"self":[{"href":"https:\/\/www.soval.fr\/fr\/wp-json\/wp\/v2\/product\/11062","targetHints":{"allow":["GET"]}}],"collection":[{"href":"https:\/\/www.soval.fr\/fr\/wp-json\/wp\/v2\/product"}],"about":[{"href":"https:\/\/www.soval.fr\/fr\/wp-json\/wp\/v2\/types\/product"}],"wp:featuredmedia":[{"embeddable":true,"href":"https:\/\/www.soval.fr\/fr\/wp-json\/wp\/v2\/media\/11071"}],"wp:attachment":[{"href":"https:\/\/www.soval.fr\/fr\/wp-json\/wp\/v2\/media?parent=11062"}],"wp:term":[{"taxonomy":"product_brand","embeddable":true,"href":"https:\/\/www.soval.fr\/fr\/wp-json\/wp\/v2\/product_brand?post=11062"},{"taxonomy":"product_cat","embeddable":true,"href":"https:\/\/www.soval.fr\/fr\/wp-json\/wp\/v2\/product_cat?post=11062"},{"taxonomy":"product_tag","embeddable":true,"href":"https:\/\/www.soval.fr\/fr\/wp-json\/wp\/v2\/product_tag?post=11062"}],"curies":[{"name":"wp","href":"https:\/\/api.w.org\/{rel}","templated":true}]}}