{"id":627,"date":"2024-07-20T17:37:41","date_gmt":"2024-07-20T15:37:41","guid":{"rendered":"https:\/\/www.soval.fr\/?post_type=product&#038;p=627"},"modified":"2026-02-27T09:27:50","modified_gmt":"2026-02-27T08:27:50","slug":"be-mecanique-souplessur-maxi-fonte","status":"publish","type":"product","link":"https:\/\/www.soval.fr\/fr\/produit\/aep\/raccords-de-canalisations\/raccords-souplessur\/be-mecanique-souplessur-maxi-fonte\/","title":{"rendered":"Be Souplessur maxi fonte"},"content":{"rendered":"<p>Le raccord Bride Emboitement (BE) m\u00e9canique <strong>Souplessur<\/strong> maxi fonte permet la jonction d\u2019une pi\u00e8ce \u00e0 brides \u00e0 une canalisation.<\/p>\n<p>Il b\u00e9n\u00e9ficie de la tol\u00e9rance Souplessur qui fait de cette pi\u00e8ce un BE <strong>toutes fontes.<\/strong><\/p>\n","protected":false},"excerpt":{"rendered":"<p>Le raccord Bride Emboitement (BE) m\u00e9canique Souplessur maxi fonte permet la jonction d\u2019une pi\u00e8ce \u00e0 brides \u00e0 une canalisation. Il b\u00e9n\u00e9ficie de la tol\u00e9rance Souplessur qui fait de cette pi\u00e8ce un BE toutes fontes.<\/p>\n","protected":false},"featured_media":2518,"template":"","meta":{"_acf_changed":false},"product_brand":[],"product_cat":[28],"product_tag":[],"class_list":{"0":"post-627","1":"product","2":"type-product","3":"status-publish","4":"has-post-thumbnail","6":"product_cat-raccords-souplessur","8":"first","9":"instock","10":"shipping-taxable","11":"purchasable","12":"product-type-variable"},"acf":[],"_links":{"self":[{"href":"https:\/\/www.soval.fr\/fr\/wp-json\/wp\/v2\/product\/627","targetHints":{"allow":["GET"]}}],"collection":[{"href":"https:\/\/www.soval.fr\/fr\/wp-json\/wp\/v2\/product"}],"about":[{"href":"https:\/\/www.soval.fr\/fr\/wp-json\/wp\/v2\/types\/product"}],"wp:featuredmedia":[{"embeddable":true,"href":"https:\/\/www.soval.fr\/fr\/wp-json\/wp\/v2\/media\/2518"}],"wp:attachment":[{"href":"https:\/\/www.soval.fr\/fr\/wp-json\/wp\/v2\/media?parent=627"}],"wp:term":[{"taxonomy":"product_brand","embeddable":true,"href":"https:\/\/www.soval.fr\/fr\/wp-json\/wp\/v2\/product_brand?post=627"},{"taxonomy":"product_cat","embeddable":true,"href":"https:\/\/www.soval.fr\/fr\/wp-json\/wp\/v2\/product_cat?post=627"},{"taxonomy":"product_tag","embeddable":true,"href":"https:\/\/www.soval.fr\/fr\/wp-json\/wp\/v2\/product_tag?post=627"}],"curies":[{"name":"wp","href":"https:\/\/api.w.org\/{rel}","templated":true}]}}