{"id":628,"date":"2024-07-20T17:37:41","date_gmt":"2024-07-20T15:37:41","guid":{"rendered":"https:\/\/www.soval.fr\/?post_type=product&#038;p=628"},"modified":"2026-02-27T09:38:47","modified_gmt":"2026-02-27T08:38:47","slug":"be-souplessur-t-a-emboitement","status":"publish","type":"product","link":"https:\/\/www.soval.fr\/fr\/produit\/aep\/raccords-de-canalisations\/raccords-souplessur\/be-souplessur-t-a-emboitement\/","title":{"rendered":"BE Souplessur-T \u00e0 embo\u00eetement"},"content":{"rendered":"<p>Le raccord Bride Emboitement (BE) SOUPLESSUR-T permet la jonction d\u2019une pi\u00e8ce \u00e0 brides \u00e0 une canalisation en fonte ductile. La conception in\u00e9dite de ce raccord offre une utilisation par embo\u00eetement m\u00e9canique (fonction Souplessur) ou par embo\u00eetement automatique (fonction Tyton).<\/p>\n","protected":false},"excerpt":{"rendered":"<p>Le raccord Bride Emboitement (BE) SOUPLESSUR-T permet la jonction d\u2019une pi\u00e8ce \u00e0 brides \u00e0 une canalisation en fonte ductile. La conception in\u00e9dite de ce raccord offre une utilisation par embo\u00eetement m\u00e9canique (fonction Souplessur) ou par embo\u00eetement automatique (fonction Tyton).<\/p>\n","protected":false},"featured_media":2516,"template":"","meta":{"_acf_changed":false},"product_brand":[],"product_cat":[28],"product_tag":[],"class_list":{"0":"post-628","1":"product","2":"type-product","3":"status-publish","4":"has-post-thumbnail","6":"product_cat-raccords-souplessur","8":"first","9":"instock","10":"shipping-taxable","11":"purchasable","12":"product-type-variable"},"acf":[],"_links":{"self":[{"href":"https:\/\/www.soval.fr\/fr\/wp-json\/wp\/v2\/product\/628","targetHints":{"allow":["GET"]}}],"collection":[{"href":"https:\/\/www.soval.fr\/fr\/wp-json\/wp\/v2\/product"}],"about":[{"href":"https:\/\/www.soval.fr\/fr\/wp-json\/wp\/v2\/types\/product"}],"wp:featuredmedia":[{"embeddable":true,"href":"https:\/\/www.soval.fr\/fr\/wp-json\/wp\/v2\/media\/2516"}],"wp:attachment":[{"href":"https:\/\/www.soval.fr\/fr\/wp-json\/wp\/v2\/media?parent=628"}],"wp:term":[{"taxonomy":"product_brand","embeddable":true,"href":"https:\/\/www.soval.fr\/fr\/wp-json\/wp\/v2\/product_brand?post=628"},{"taxonomy":"product_cat","embeddable":true,"href":"https:\/\/www.soval.fr\/fr\/wp-json\/wp\/v2\/product_cat?post=628"},{"taxonomy":"product_tag","embeddable":true,"href":"https:\/\/www.soval.fr\/fr\/wp-json\/wp\/v2\/product_tag?post=628"}],"curies":[{"name":"wp","href":"https:\/\/api.w.org\/{rel}","templated":true}]}}