{"id":633,"date":"2024-07-20T17:37:42","date_gmt":"2024-07-20T15:37:42","guid":{"rendered":"https:\/\/www.soval.fr\/?post_type=product&#038;p=633"},"modified":"2026-02-27T09:40:59","modified_gmt":"2026-02-27T08:40:59","slug":"souplessur-t-coude-un-trente-deuxieme-1-32","status":"publish","type":"product","link":"https:\/\/www.soval.fr\/fr\/produit\/aep\/raccords-de-canalisations\/raccords-souplessur\/souplessur-t-coude-un-trente-deuxieme-1-32\/","title":{"rendered":"Souplessur-T Coude 11\u00b015 (1\/32)"},"content":{"rendered":"<p>Le COUDE 1\/32 SOUPLESSUR-T permet le raccordement de canalisations en fonte ductile.<\/p>\n<p>La conception in\u00e9dite de ce raccord offre une utilisation par embo\u00eetement m\u00e9canique (fonction Souplessur) ou par embo\u00eetement automatique (fonction Tyton).<\/p>\n","protected":false},"excerpt":{"rendered":"<p>Le COUDE 1\/32 SOUPLESSUR-T permet le raccordement de canalisations en fonte ductile. La conception in\u00e9dite de ce raccord offre une utilisation par embo\u00eetement m\u00e9canique (fonction Souplessur) ou par embo\u00eetement automatique (fonction Tyton).<\/p>\n","protected":false},"featured_media":2536,"template":"","meta":{"_acf_changed":false},"product_brand":[],"product_cat":[28],"product_tag":[],"class_list":{"0":"post-633","1":"product","2":"type-product","3":"status-publish","4":"has-post-thumbnail","6":"product_cat-raccords-souplessur","8":"first","9":"instock","10":"shipping-taxable","11":"purchasable","12":"product-type-variable"},"acf":[],"_links":{"self":[{"href":"https:\/\/www.soval.fr\/fr\/wp-json\/wp\/v2\/product\/633","targetHints":{"allow":["GET"]}}],"collection":[{"href":"https:\/\/www.soval.fr\/fr\/wp-json\/wp\/v2\/product"}],"about":[{"href":"https:\/\/www.soval.fr\/fr\/wp-json\/wp\/v2\/types\/product"}],"wp:featuredmedia":[{"embeddable":true,"href":"https:\/\/www.soval.fr\/fr\/wp-json\/wp\/v2\/media\/2536"}],"wp:attachment":[{"href":"https:\/\/www.soval.fr\/fr\/wp-json\/wp\/v2\/media?parent=633"}],"wp:term":[{"taxonomy":"product_brand","embeddable":true,"href":"https:\/\/www.soval.fr\/fr\/wp-json\/wp\/v2\/product_brand?post=633"},{"taxonomy":"product_cat","embeddable":true,"href":"https:\/\/www.soval.fr\/fr\/wp-json\/wp\/v2\/product_cat?post=633"},{"taxonomy":"product_tag","embeddable":true,"href":"https:\/\/www.soval.fr\/fr\/wp-json\/wp\/v2\/product_tag?post=633"}],"curies":[{"name":"wp","href":"https:\/\/api.w.org\/{rel}","templated":true}]}}