{"id":639,"date":"2024-07-20T17:37:43","date_gmt":"2024-07-20T15:37:43","guid":{"rendered":"https:\/\/www.soval.fr\/?post_type=product&#038;p=639"},"modified":"2026-03-02T10:24:07","modified_gmt":"2026-03-02T09:24:07","slug":"be-souplessur","status":"publish","type":"product","link":"https:\/\/www.soval.fr\/fr\/produit\/aep\/raccords-de-canalisations\/raccords-souplessur\/be-souplessur\/","title":{"rendered":"Be Souplessur pour tuyau fonte"},"content":{"rendered":"<p>Le raccord Bride Emboitement (BE) SOUPLESSUR permet la jonction d\u2019une pi\u00e8ce \u00e0 brides \u00e0 une canalisation fonte.<\/p>\n<p>La partie emboitement est r\u00e9alis\u00e9e avec 1 contre bride.<\/p>\n","protected":false},"excerpt":{"rendered":"<p>Le raccord Bride Emboitement (BE) SOUPLESSUR permet la jonction d\u2019une pi\u00e8ce \u00e0 brides \u00e0 une canalisation fonte. La partie emboitement est r\u00e9alis\u00e9e avec 1 contre bride.<\/p>\n","protected":false},"featured_media":2573,"template":"","meta":{"_acf_changed":false},"product_brand":[],"product_cat":[28],"product_tag":[],"class_list":{"0":"post-639","1":"product","2":"type-product","3":"status-publish","4":"has-post-thumbnail","6":"product_cat-raccords-souplessur","8":"first","9":"instock","10":"shipping-taxable","11":"purchasable","12":"product-type-variable"},"acf":[],"_links":{"self":[{"href":"https:\/\/www.soval.fr\/fr\/wp-json\/wp\/v2\/product\/639","targetHints":{"allow":["GET"]}}],"collection":[{"href":"https:\/\/www.soval.fr\/fr\/wp-json\/wp\/v2\/product"}],"about":[{"href":"https:\/\/www.soval.fr\/fr\/wp-json\/wp\/v2\/types\/product"}],"wp:featuredmedia":[{"embeddable":true,"href":"https:\/\/www.soval.fr\/fr\/wp-json\/wp\/v2\/media\/2573"}],"wp:attachment":[{"href":"https:\/\/www.soval.fr\/fr\/wp-json\/wp\/v2\/media?parent=639"}],"wp:term":[{"taxonomy":"product_brand","embeddable":true,"href":"https:\/\/www.soval.fr\/fr\/wp-json\/wp\/v2\/product_brand?post=639"},{"taxonomy":"product_cat","embeddable":true,"href":"https:\/\/www.soval.fr\/fr\/wp-json\/wp\/v2\/product_cat?post=639"},{"taxonomy":"product_tag","embeddable":true,"href":"https:\/\/www.soval.fr\/fr\/wp-json\/wp\/v2\/product_tag?post=639"}],"curies":[{"name":"wp","href":"https:\/\/api.w.org\/{rel}","templated":true}]}}