{"id":649,"date":"2024-07-20T17:37:45","date_gmt":"2024-07-20T15:37:45","guid":{"rendered":"https:\/\/www.soval.fr\/?post_type=product&#038;p=649"},"modified":"2026-04-21T16:12:31","modified_gmt":"2026-04-21T14:12:31","slug":"coude-a-patin-brides-mobiles-un-quart-1-4-dn40-a-dn700","status":"publish","type":"product","link":"https:\/\/www.soval.fr\/fr\/produit\/aep\/raccords-de-canalisations\/raccords-a-brides\/coude-a-patin-brides-mobiles-un-quart-1-4-dn40-a-dn700\/","title":{"rendered":"Coude \u00e0 patin \u00e0 brides mobiles 90\u00b0(1\/4)"},"content":{"rendered":"<p>Le coude \u00e0 patin \u00e0 brides mobiles 90\u00b0 (1\/4) en fonte ductile est utilis\u00e9 dans les r\u00e9seaux d\u2019adduction d\u2019eau potable, d\u2019irrigation et d\u2019\u00e9vacuation des eaux us\u00e9es.<\/p>\n<p>Le raccordement par brides mobiles facilite le montage et le d\u00e9montage des installations de part et d\u2019autre des raccords.<\/p>\n","protected":false},"excerpt":{"rendered":"<p>Le coude \u00e0 patin \u00e0 brides mobiles 90\u00b0 (1\/4) en fonte ductile est utilis\u00e9 dans les r\u00e9seaux d\u2019adduction d\u2019eau potable, d\u2019irrigation et d\u2019\u00e9vacuation des eaux us\u00e9es. Le raccordement par brides mobiles facilite le montage et le d\u00e9montage des installations de part et d\u2019autre des raccords.<\/p>\n","protected":false},"featured_media":3768,"template":"","meta":{"_acf_changed":false},"product_brand":[],"product_cat":[29],"product_tag":[],"class_list":{"0":"post-649","1":"product","2":"type-product","3":"status-publish","4":"has-post-thumbnail","6":"product_cat-raccords-a-brides","8":"first","9":"instock","10":"shipping-taxable","11":"purchasable","12":"product-type-variable"},"acf":[],"_links":{"self":[{"href":"https:\/\/www.soval.fr\/fr\/wp-json\/wp\/v2\/product\/649","targetHints":{"allow":["GET"]}}],"collection":[{"href":"https:\/\/www.soval.fr\/fr\/wp-json\/wp\/v2\/product"}],"about":[{"href":"https:\/\/www.soval.fr\/fr\/wp-json\/wp\/v2\/types\/product"}],"wp:featuredmedia":[{"embeddable":true,"href":"https:\/\/www.soval.fr\/fr\/wp-json\/wp\/v2\/media\/3768"}],"wp:attachment":[{"href":"https:\/\/www.soval.fr\/fr\/wp-json\/wp\/v2\/media?parent=649"}],"wp:term":[{"taxonomy":"product_brand","embeddable":true,"href":"https:\/\/www.soval.fr\/fr\/wp-json\/wp\/v2\/product_brand?post=649"},{"taxonomy":"product_cat","embeddable":true,"href":"https:\/\/www.soval.fr\/fr\/wp-json\/wp\/v2\/product_cat?post=649"},{"taxonomy":"product_tag","embeddable":true,"href":"https:\/\/www.soval.fr\/fr\/wp-json\/wp\/v2\/product_tag?post=649"}],"curies":[{"name":"wp","href":"https:\/\/api.w.org\/{rel}","templated":true}]}}