{"id":662,"date":"2024-07-20T17:37:48","date_gmt":"2024-07-20T15:37:48","guid":{"rendered":"https:\/\/www.soval.fr\/?post_type=product&#038;p=662"},"modified":"2026-03-02T14:13:01","modified_gmt":"2026-03-02T13:13:01","slug":"manchette-a-sceller-a-brides-mobiles-dn-60-a-dn-600","status":"publish","type":"product","link":"https:\/\/www.soval.fr\/fr\/produit\/aep\/raccords-de-canalisations\/raccords-a-brides\/manchette-a-sceller-a-brides-mobiles-dn-60-a-dn-600\/","title":{"rendered":"Manchette \u00e0 sceller \u00e0 brides mobiles"},"content":{"rendered":"<p>La MANCHETTE \u00c0 SCELLER \u00e0 brides mobiles allant du <strong>DN 60 au DN 600<\/strong> est utilis\u00e9e dans les r\u00e9seaux d\u2019adduction d\u2019eau potable, d\u2019irrigation ainsi que pour l\u2019\u00e9vacuation des eaux us\u00e9es.<\/p>\n<p>La manchette \u00e0 sceller est utilis\u00e9e en travers\u00e9e de paroi.<\/p>\n","protected":false},"excerpt":{"rendered":"<p>La MANCHETTE \u00c0 SCELLER \u00e0 brides mobiles allant du DN 60 au DN 600 est utilis\u00e9e dans les r\u00e9seaux d\u2019adduction d\u2019eau potable, d\u2019irrigation ainsi que pour l\u2019\u00e9vacuation des eaux us\u00e9es. La manchette \u00e0 sceller est utilis\u00e9e en travers\u00e9e de paroi.<\/p>\n","protected":false},"featured_media":3794,"template":"","meta":{"_acf_changed":false},"product_brand":[],"product_cat":[29],"product_tag":[],"class_list":{"0":"post-662","1":"product","2":"type-product","3":"status-publish","4":"has-post-thumbnail","6":"product_cat-raccords-a-brides","8":"first","9":"instock","10":"shipping-taxable","11":"purchasable","12":"product-type-variable"},"acf":[],"_links":{"self":[{"href":"https:\/\/www.soval.fr\/fr\/wp-json\/wp\/v2\/product\/662","targetHints":{"allow":["GET"]}}],"collection":[{"href":"https:\/\/www.soval.fr\/fr\/wp-json\/wp\/v2\/product"}],"about":[{"href":"https:\/\/www.soval.fr\/fr\/wp-json\/wp\/v2\/types\/product"}],"wp:featuredmedia":[{"embeddable":true,"href":"https:\/\/www.soval.fr\/fr\/wp-json\/wp\/v2\/media\/3794"}],"wp:attachment":[{"href":"https:\/\/www.soval.fr\/fr\/wp-json\/wp\/v2\/media?parent=662"}],"wp:term":[{"taxonomy":"product_brand","embeddable":true,"href":"https:\/\/www.soval.fr\/fr\/wp-json\/wp\/v2\/product_brand?post=662"},{"taxonomy":"product_cat","embeddable":true,"href":"https:\/\/www.soval.fr\/fr\/wp-json\/wp\/v2\/product_cat?post=662"},{"taxonomy":"product_tag","embeddable":true,"href":"https:\/\/www.soval.fr\/fr\/wp-json\/wp\/v2\/product_tag?post=662"}],"curies":[{"name":"wp","href":"https:\/\/api.w.org\/{rel}","templated":true}]}}