{"id":664,"date":"2024-07-20T17:37:49","date_gmt":"2024-07-20T15:37:49","guid":{"rendered":"https:\/\/www.soval.fr\/?post_type=product&#038;p=664"},"modified":"2026-03-02T14:13:49","modified_gmt":"2026-03-02T13:13:49","slug":"manchette-a-recouper-longueur-250-mm-dn-40-a-dn-400","status":"publish","type":"product","link":"https:\/\/www.soval.fr\/fr\/produit\/aep\/raccords-de-canalisations\/raccords-a-brides\/manchette-a-recouper-longueur-250-mm-dn-40-a-dn-400\/","title":{"rendered":"Manchette \u00e0 recouper lg. 250 mm"},"content":{"rendered":"<p>La MANCHETTE \u00c0 RECOUPER allant du <strong>DN 40 au<\/strong> <strong>DN 400<\/strong> est utilis\u00e9e dans les r\u00e9seaux d\u2019adduction d\u2019eau potable, d\u2019irrigation ainsi que pour l\u2019\u00e9vacuation des eaux us\u00e9es.<\/p>\n<p>Livr\u00e9e en longueur 250 mm, elle est utilis\u00e9e, apr\u00e8s recoupe \u00e0 longueur, \u00e0 joindre 2 tron\u00e7ons de canalisation \u00e0 brides distants l\u2019un de l\u2019autre.<\/p>\n","protected":false},"excerpt":{"rendered":"<p>La MANCHETTE \u00c0 RECOUPER allant du DN 40 au DN 400 est utilis\u00e9e dans les r\u00e9seaux d\u2019adduction d\u2019eau potable, d\u2019irrigation ainsi que pour l\u2019\u00e9vacuation des eaux us\u00e9es. Livr\u00e9e en longueur 250 mm, elle est utilis\u00e9e, apr\u00e8s recoupe \u00e0 longueur, \u00e0 joindre 2 tron\u00e7ons de canalisation \u00e0 brides distants l\u2019un de l\u2019autre.<\/p>\n","protected":false},"featured_media":3798,"template":"","meta":{"_acf_changed":false},"product_brand":[],"product_cat":[29],"product_tag":[],"class_list":{"0":"post-664","1":"product","2":"type-product","3":"status-publish","4":"has-post-thumbnail","6":"product_cat-raccords-a-brides","8":"first","9":"instock","10":"shipping-taxable","11":"purchasable","12":"product-type-variable"},"acf":[],"_links":{"self":[{"href":"https:\/\/www.soval.fr\/fr\/wp-json\/wp\/v2\/product\/664","targetHints":{"allow":["GET"]}}],"collection":[{"href":"https:\/\/www.soval.fr\/fr\/wp-json\/wp\/v2\/product"}],"about":[{"href":"https:\/\/www.soval.fr\/fr\/wp-json\/wp\/v2\/types\/product"}],"wp:featuredmedia":[{"embeddable":true,"href":"https:\/\/www.soval.fr\/fr\/wp-json\/wp\/v2\/media\/3798"}],"wp:attachment":[{"href":"https:\/\/www.soval.fr\/fr\/wp-json\/wp\/v2\/media?parent=664"}],"wp:term":[{"taxonomy":"product_brand","embeddable":true,"href":"https:\/\/www.soval.fr\/fr\/wp-json\/wp\/v2\/product_brand?post=664"},{"taxonomy":"product_cat","embeddable":true,"href":"https:\/\/www.soval.fr\/fr\/wp-json\/wp\/v2\/product_cat?post=664"},{"taxonomy":"product_tag","embeddable":true,"href":"https:\/\/www.soval.fr\/fr\/wp-json\/wp\/v2\/product_tag?post=664"}],"curies":[{"name":"wp","href":"https:\/\/api.w.org\/{rel}","templated":true}]}}