{"id":668,"date":"2024-07-20T17:37:49","date_gmt":"2024-07-20T15:37:49","guid":{"rendered":"https:\/\/www.soval.fr\/?post_type=product&#038;p=668"},"modified":"2025-10-17T11:18:15","modified_gmt":"2025-10-17T09:18:15","slug":"bride-de-reduction-dn-125-a-dn-300","status":"publish","type":"product","link":"https:\/\/www.soval.fr\/fr\/produit\/aep\/raccords-de-canalisations\/brides-de-reduction\/bride-de-reduction-dn-125-a-dn-300\/","title":{"rendered":"Bride de r\u00e9duction DN 125 \u00e0 DN 300"},"content":{"rendered":"<p>La BRIDE DE R\u00c9DUCTION est utilis\u00e9e dans les r\u00e9seaux d\u2019adduction d\u2019eau potable, d\u2019irrigation ainsi que pour l\u2019\u00e9vacuation des eaux us\u00e9es.<\/p>\n<p>Livr\u00e9 avec la visserie et disponible en simple ou double goujonnage, elle permet le raccordement d\u2019appareil tel qu\u2019un robinet vanne sur une pi\u00e8ce \u00e0 bride mobile en r\u00e9duisant le DN avec un encombrement inf\u00e9rieur au c\u00f4ne de r\u00e9duction.<\/p>\n","protected":false},"excerpt":{"rendered":"<p>La BRIDE DE R\u00c9DUCTION est utilis\u00e9e dans les r\u00e9seaux d\u2019adduction d\u2019eau potable, d\u2019irrigation ainsi que pour l\u2019\u00e9vacuation des eaux us\u00e9es. Livr\u00e9 avec la visserie et disponible en simple ou double goujonnage, elle permet le raccordement d\u2019appareil tel qu\u2019un robinet vanne sur une pi\u00e8ce \u00e0 bride mobile en r\u00e9duisant le DN avec un encombrement inf\u00e9rieur au [&hellip;]<\/p>\n","protected":false},"featured_media":3808,"template":"","meta":{"_acf_changed":false},"product_brand":[],"product_cat":[98],"product_tag":[],"class_list":{"0":"post-668","1":"product","2":"type-product","3":"status-publish","4":"has-post-thumbnail","6":"product_cat-brides-de-reduction","8":"first","9":"instock","10":"shipping-taxable","11":"purchasable","12":"product-type-variable"},"acf":[],"_links":{"self":[{"href":"https:\/\/www.soval.fr\/fr\/wp-json\/wp\/v2\/product\/668","targetHints":{"allow":["GET"]}}],"collection":[{"href":"https:\/\/www.soval.fr\/fr\/wp-json\/wp\/v2\/product"}],"about":[{"href":"https:\/\/www.soval.fr\/fr\/wp-json\/wp\/v2\/types\/product"}],"wp:featuredmedia":[{"embeddable":true,"href":"https:\/\/www.soval.fr\/fr\/wp-json\/wp\/v2\/media\/3808"}],"wp:attachment":[{"href":"https:\/\/www.soval.fr\/fr\/wp-json\/wp\/v2\/media?parent=668"}],"wp:term":[{"taxonomy":"product_brand","embeddable":true,"href":"https:\/\/www.soval.fr\/fr\/wp-json\/wp\/v2\/product_brand?post=668"},{"taxonomy":"product_cat","embeddable":true,"href":"https:\/\/www.soval.fr\/fr\/wp-json\/wp\/v2\/product_cat?post=668"},{"taxonomy":"product_tag","embeddable":true,"href":"https:\/\/www.soval.fr\/fr\/wp-json\/wp\/v2\/product_tag?post=668"}],"curies":[{"name":"wp","href":"https:\/\/api.w.org\/{rel}","templated":true}]}}