{"id":669,"date":"2024-07-20T17:37:50","date_gmt":"2024-07-20T15:37:50","guid":{"rendered":"https:\/\/www.soval.fr\/?post_type=product&#038;p=669"},"modified":"2026-03-02T14:17:16","modified_gmt":"2026-03-02T13:17:16","slug":"adaptateur-de-brides-390-pour-tuyaux-fonte","status":"publish","type":"product","link":"https:\/\/www.soval.fr\/fr\/produit\/aep\/raccords-de-canalisations\/adaptateurs\/adaptateur-de-brides-390-pour-tuyaux-fonte\/","title":{"rendered":"Adaptateur de brides 390 pour tuyaux fonte"},"content":{"rendered":"<p>L\u2019adaptateur de bride 390 pour tuyaux fonte permet de raccorder des conduites en fonte ductile \u00e0 des brides normalis\u00e9es. Il est fourni en kit complet avec une contre-bride en fonte, un joint adapt\u00e9 et sa visserie.<\/p>\n<p>Robuste et anticorrosion gr\u00e2ce \u00e0 son rev\u00eatement \u00e9poxy, il assure une \u00e9tanch\u00e9it\u00e9 durable sur les r\u00e9seaux d\u2019eau sous pression.<\/p>\n","protected":false},"excerpt":{"rendered":"<p>L\u2019adaptateur de bride 390 pour tuyaux fonte permet de raccorder des conduites en fonte ductile \u00e0 des brides normalis\u00e9es. Il est fourni en kit complet avec une contre-bride en fonte, un joint adapt\u00e9 et sa visserie. Robuste et anticorrosion gr\u00e2ce \u00e0 son rev\u00eatement \u00e9poxy, il assure une \u00e9tanch\u00e9it\u00e9 durable sur les r\u00e9seaux d\u2019eau sous pression.<\/p>\n","protected":false},"featured_media":10931,"template":"","meta":{"_acf_changed":false},"product_brand":[],"product_cat":[30],"product_tag":[],"class_list":{"0":"post-669","1":"product","2":"type-product","3":"status-publish","4":"has-post-thumbnail","6":"product_cat-adaptateurs","8":"first","9":"instock","10":"shipping-taxable","11":"purchasable","12":"product-type-variable"},"acf":[],"_links":{"self":[{"href":"https:\/\/www.soval.fr\/fr\/wp-json\/wp\/v2\/product\/669","targetHints":{"allow":["GET"]}}],"collection":[{"href":"https:\/\/www.soval.fr\/fr\/wp-json\/wp\/v2\/product"}],"about":[{"href":"https:\/\/www.soval.fr\/fr\/wp-json\/wp\/v2\/types\/product"}],"wp:featuredmedia":[{"embeddable":true,"href":"https:\/\/www.soval.fr\/fr\/wp-json\/wp\/v2\/media\/10931"}],"wp:attachment":[{"href":"https:\/\/www.soval.fr\/fr\/wp-json\/wp\/v2\/media?parent=669"}],"wp:term":[{"taxonomy":"product_brand","embeddable":true,"href":"https:\/\/www.soval.fr\/fr\/wp-json\/wp\/v2\/product_brand?post=669"},{"taxonomy":"product_cat","embeddable":true,"href":"https:\/\/www.soval.fr\/fr\/wp-json\/wp\/v2\/product_cat?post=669"},{"taxonomy":"product_tag","embeddable":true,"href":"https:\/\/www.soval.fr\/fr\/wp-json\/wp\/v2\/product_tag?post=669"}],"curies":[{"name":"wp","href":"https:\/\/api.w.org\/{rel}","templated":true}]}}