{"id":674,"date":"2024-07-20T17:37:51","date_gmt":"2024-07-20T15:37:51","guid":{"rendered":"https:\/\/www.soval.fr\/?post_type=product&#038;p=674"},"modified":"2026-03-02T14:21:12","modified_gmt":"2026-03-02T13:21:12","slug":"be-a-joint-automatique-pour-tuyaux-pvc","status":"publish","type":"product","link":"https:\/\/www.soval.fr\/fr\/produit\/aep\/raccords-de-canalisations\/raccords-pour-pvc\/be-a-joint-automatique-pour-tuyaux-pvc\/","title":{"rendered":"BE &#8211; JA pour tuyaux PVC"},"content":{"rendered":"<p>Le BE \u00e0 joint automatique JA permet la jonction d\u2019une pi\u00e8ce \u00e0 brides \u00e0 une canalisation en PVC rigide en adduction d\u2019eau et irrigation par emboitement.<\/p>\n","protected":false},"excerpt":{"rendered":"<p>Le BE \u00e0 joint automatique JA permet la jonction d\u2019une pi\u00e8ce \u00e0 brides \u00e0 une canalisation en PVC rigide en adduction d\u2019eau et irrigation par emboitement.<\/p>\n","protected":false},"featured_media":3818,"template":"","meta":{"_acf_changed":false},"product_brand":[],"product_cat":[33],"product_tag":[],"class_list":{"0":"post-674","1":"product","2":"type-product","3":"status-publish","4":"has-post-thumbnail","6":"product_cat-raccords-pour-pvc","8":"first","9":"instock","10":"shipping-taxable","11":"purchasable","12":"product-type-variable"},"acf":[],"_links":{"self":[{"href":"https:\/\/www.soval.fr\/fr\/wp-json\/wp\/v2\/product\/674","targetHints":{"allow":["GET"]}}],"collection":[{"href":"https:\/\/www.soval.fr\/fr\/wp-json\/wp\/v2\/product"}],"about":[{"href":"https:\/\/www.soval.fr\/fr\/wp-json\/wp\/v2\/types\/product"}],"wp:featuredmedia":[{"embeddable":true,"href":"https:\/\/www.soval.fr\/fr\/wp-json\/wp\/v2\/media\/3818"}],"wp:attachment":[{"href":"https:\/\/www.soval.fr\/fr\/wp-json\/wp\/v2\/media?parent=674"}],"wp:term":[{"taxonomy":"product_brand","embeddable":true,"href":"https:\/\/www.soval.fr\/fr\/wp-json\/wp\/v2\/product_brand?post=674"},{"taxonomy":"product_cat","embeddable":true,"href":"https:\/\/www.soval.fr\/fr\/wp-json\/wp\/v2\/product_cat?post=674"},{"taxonomy":"product_tag","embeddable":true,"href":"https:\/\/www.soval.fr\/fr\/wp-json\/wp\/v2\/product_tag?post=674"}],"curies":[{"name":"wp","href":"https:\/\/api.w.org\/{rel}","templated":true}]}}