{"id":682,"date":"2024-07-20T17:37:52","date_gmt":"2024-07-20T15:37:52","guid":{"rendered":"https:\/\/www.soval.fr\/?post_type=product&#038;p=682"},"modified":"2026-03-31T10:19:02","modified_gmt":"2026-03-31T08:19:02","slug":"tete-de-bouche-a-cle-137-securisee-5-kg","status":"publish","type":"product","link":"https:\/\/www.soval.fr\/fr\/produit\/aep\/branchement\/bouche-a-cle-hydrant\/tete-de-bouche-a-cle-137-securisee-5-kg\/","title":{"rendered":"T\u00eate de bouche \u00e0 cl\u00e9 137 s\u00e9curis\u00e9e &#8211; 5 kg"},"content":{"rendered":"<p>La\u00a0<strong>T\u00caTE DE BOUCHE \u00c0 CL\u00c9 N\u00b0137 S\u00c9CURIS\u00c9E<\/strong> assure la protection et l\u2019acc\u00e8s aux robinets enterr\u00e9s.<\/p>\n<p>La s\u00e9curisation du tampon permet de contr\u00f4ler l\u2019acc\u00e8s aux appareils enterr\u00e9s (type loggers par exemple) et \u00e9vite les actes de malveillances.<\/p>\n","protected":false},"excerpt":{"rendered":"<p>La\u00a0T\u00caTE DE BOUCHE \u00c0 CL\u00c9 N\u00b0137 S\u00c9CURIS\u00c9E assure la protection et l\u2019acc\u00e8s aux robinets enterr\u00e9s. La s\u00e9curisation du tampon permet de contr\u00f4ler l\u2019acc\u00e8s aux appareils enterr\u00e9s (type loggers par exemple) et \u00e9vite les actes de malveillances.<\/p>\n","protected":false},"featured_media":5698,"template":"","meta":{"_acf_changed":false},"product_brand":[],"product_cat":[36],"product_tag":[],"class_list":{"0":"post-682","1":"product","2":"type-product","3":"status-publish","4":"has-post-thumbnail","6":"product_cat-bouche-a-cle-hydrant","8":"first","9":"instock","10":"shipping-taxable","11":"purchasable","12":"product-type-variable"},"acf":[],"_links":{"self":[{"href":"https:\/\/www.soval.fr\/fr\/wp-json\/wp\/v2\/product\/682","targetHints":{"allow":["GET"]}}],"collection":[{"href":"https:\/\/www.soval.fr\/fr\/wp-json\/wp\/v2\/product"}],"about":[{"href":"https:\/\/www.soval.fr\/fr\/wp-json\/wp\/v2\/types\/product"}],"wp:featuredmedia":[{"embeddable":true,"href":"https:\/\/www.soval.fr\/fr\/wp-json\/wp\/v2\/media\/5698"}],"wp:attachment":[{"href":"https:\/\/www.soval.fr\/fr\/wp-json\/wp\/v2\/media?parent=682"}],"wp:term":[{"taxonomy":"product_brand","embeddable":true,"href":"https:\/\/www.soval.fr\/fr\/wp-json\/wp\/v2\/product_brand?post=682"},{"taxonomy":"product_cat","embeddable":true,"href":"https:\/\/www.soval.fr\/fr\/wp-json\/wp\/v2\/product_cat?post=682"},{"taxonomy":"product_tag","embeddable":true,"href":"https:\/\/www.soval.fr\/fr\/wp-json\/wp\/v2\/product_tag?post=682"}],"curies":[{"name":"wp","href":"https:\/\/api.w.org\/{rel}","templated":true}]}}