{"id":683,"date":"2024-07-20T17:37:52","date_gmt":"2024-07-20T15:37:52","guid":{"rendered":"https:\/\/www.soval.fr\/?post_type=product&#038;p=683"},"modified":"2024-09-11T17:12:11","modified_gmt":"2024-09-11T15:12:11","slug":"tete-de-bouche-a-cle-137-tampon-polyamide","status":"publish","type":"product","link":"https:\/\/www.soval.fr\/fr\/produit\/aep\/branchement\/bouche-a-cle-hydrant\/tete-de-bouche-a-cle-137-tampon-polyamide\/","title":{"rendered":"T\u00eate de bouche \u00e0 cl\u00e9 137 tampon polyamide"},"content":{"rendered":"<p>La T\u00caTE DE BOUCHE \u00c0 CL\u00c9 N\u00b0137 existe en 3 versions\u00a0: t\u00eate ronde, t\u00eate carr\u00e9e ou hexagonale.<\/p>\n<p>\u00c9quip\u00e9e d\u2019un tampon polyamide, elle s\u2019installe sur les trottoirs et chauss\u00e9es et assure la protection et l\u2019acc\u00e8s aux robinets enterr\u00e9s.<\/p>\n","protected":false},"excerpt":{"rendered":"<p>La T\u00caTE DE BOUCHE \u00c0 CL\u00c9 N\u00b0137 existe en 3 versions\u00a0: t\u00eate ronde, t\u00eate carr\u00e9e ou hexagonale. \u00c9quip\u00e9e d\u2019un tampon polyamide, elle s\u2019installe sur les trottoirs et chauss\u00e9es et assure la protection et l\u2019acc\u00e8s aux robinets enterr\u00e9s.<\/p>\n","protected":false},"featured_media":5700,"template":"","meta":{"_acf_changed":false},"product_brand":[],"product_cat":[36],"product_tag":[],"class_list":{"0":"post-683","1":"product","2":"type-product","3":"status-publish","4":"has-post-thumbnail","6":"product_cat-bouche-a-cle-hydrant","8":"first","9":"instock","10":"shipping-taxable","11":"purchasable","12":"product-type-variable"},"acf":[],"_links":{"self":[{"href":"https:\/\/www.soval.fr\/fr\/wp-json\/wp\/v2\/product\/683","targetHints":{"allow":["GET"]}}],"collection":[{"href":"https:\/\/www.soval.fr\/fr\/wp-json\/wp\/v2\/product"}],"about":[{"href":"https:\/\/www.soval.fr\/fr\/wp-json\/wp\/v2\/types\/product"}],"wp:featuredmedia":[{"embeddable":true,"href":"https:\/\/www.soval.fr\/fr\/wp-json\/wp\/v2\/media\/5700"}],"wp:attachment":[{"href":"https:\/\/www.soval.fr\/fr\/wp-json\/wp\/v2\/media?parent=683"}],"wp:term":[{"taxonomy":"product_brand","embeddable":true,"href":"https:\/\/www.soval.fr\/fr\/wp-json\/wp\/v2\/product_brand?post=683"},{"taxonomy":"product_cat","embeddable":true,"href":"https:\/\/www.soval.fr\/fr\/wp-json\/wp\/v2\/product_cat?post=683"},{"taxonomy":"product_tag","embeddable":true,"href":"https:\/\/www.soval.fr\/fr\/wp-json\/wp\/v2\/product_tag?post=683"}],"curies":[{"name":"wp","href":"https:\/\/api.w.org\/{rel}","templated":true}]}}