{"id":684,"date":"2024-07-20T17:37:53","date_gmt":"2024-07-20T15:37:53","guid":{"rendered":"https:\/\/www.soval.fr\/?post_type=product&#038;p=684"},"modified":"2024-09-11T17:12:35","modified_gmt":"2024-09-11T15:12:35","slug":"tete-de-bouche-a-cle-118-rehaussable-10kg","status":"publish","type":"product","link":"https:\/\/www.soval.fr\/fr\/produit\/aep\/branchement\/bouche-a-cle-hydrant\/tete-de-bouche-a-cle-118-rehaussable-10kg\/","title":{"rendered":"T\u00eate de bouche \u00e0 cl\u00e9 118 r\u00e9haussable &#8211; 10kg"},"content":{"rendered":"<p>La\u00a0<strong>T\u00caTE DE BOUCHE \u00c0 CL\u00c9 N\u00b0118 REHAUSSABLE &#8211; 10kg<\/strong> assure la protection et l\u2019acc\u00e8s aux robinets enterr\u00e9s.<\/p>\n<p>Elle existe en 3 versions\u00a0: t\u00eate ronde, carr\u00e9e ou hexagonale pour l\u2019identification des r\u00e9seaux.<\/p>\n<p>La hauteur de r\u00e9glage est de <strong>105 mm.<\/strong><\/p>\n","protected":false},"excerpt":{"rendered":"<p>La\u00a0T\u00caTE DE BOUCHE \u00c0 CL\u00c9 N\u00b0118 REHAUSSABLE &#8211; 10kg assure la protection et l\u2019acc\u00e8s aux robinets enterr\u00e9s. Elle existe en 3 versions\u00a0: t\u00eate ronde, carr\u00e9e ou hexagonale pour l\u2019identification des r\u00e9seaux. La hauteur de r\u00e9glage est de 105 mm.<\/p>\n","protected":false},"featured_media":5702,"template":"","meta":{"_acf_changed":false},"product_brand":[],"product_cat":[36],"product_tag":[],"class_list":{"0":"post-684","1":"product","2":"type-product","3":"status-publish","4":"has-post-thumbnail","6":"product_cat-bouche-a-cle-hydrant","8":"first","9":"instock","10":"shipping-taxable","11":"purchasable","12":"product-type-variable"},"acf":[],"_links":{"self":[{"href":"https:\/\/www.soval.fr\/fr\/wp-json\/wp\/v2\/product\/684","targetHints":{"allow":["GET"]}}],"collection":[{"href":"https:\/\/www.soval.fr\/fr\/wp-json\/wp\/v2\/product"}],"about":[{"href":"https:\/\/www.soval.fr\/fr\/wp-json\/wp\/v2\/types\/product"}],"wp:featuredmedia":[{"embeddable":true,"href":"https:\/\/www.soval.fr\/fr\/wp-json\/wp\/v2\/media\/5702"}],"wp:attachment":[{"href":"https:\/\/www.soval.fr\/fr\/wp-json\/wp\/v2\/media?parent=684"}],"wp:term":[{"taxonomy":"product_brand","embeddable":true,"href":"https:\/\/www.soval.fr\/fr\/wp-json\/wp\/v2\/product_brand?post=684"},{"taxonomy":"product_cat","embeddable":true,"href":"https:\/\/www.soval.fr\/fr\/wp-json\/wp\/v2\/product_cat?post=684"},{"taxonomy":"product_tag","embeddable":true,"href":"https:\/\/www.soval.fr\/fr\/wp-json\/wp\/v2\/product_tag?post=684"}],"curies":[{"name":"wp","href":"https:\/\/api.w.org\/{rel}","templated":true}]}}