{"id":685,"date":"2024-07-20T17:37:53","date_gmt":"2024-07-20T15:37:53","guid":{"rendered":"https:\/\/www.soval.fr\/?post_type=product&#038;p=685"},"modified":"2024-09-11T17:12:58","modified_gmt":"2024-09-11T15:12:58","slug":"tete-de-bouche-a-cle-119-rehaussable-14-kg","status":"publish","type":"product","link":"https:\/\/www.soval.fr\/fr\/produit\/aep\/branchement\/bouche-a-cle-hydrant\/tete-de-bouche-a-cle-119-rehaussable-14-kg\/","title":{"rendered":"T\u00eate de bouche \u00e0 cl\u00e9 119 r\u00e9haussable &#8211; 14 kg"},"content":{"rendered":"<p>La\u00a0<strong>T\u00caTE DE BOUCHE \u00c0 CL\u00c9 N\u00b0119 REHAUSSABLE &#8211; 14 kg<\/strong> assure la protection et l\u2019acc\u00e8s aux robinets enterr\u00e9s.<\/p>\n<p>Elle existe en 3 versions\u00a0: t\u00eate ronde, carr\u00e9e ou hexagonale pour l\u2019identification des r\u00e9seaux.<\/p>\n<p>La hauteur de r\u00e9glage est de <strong>180mm.<\/strong><\/p>\n","protected":false},"excerpt":{"rendered":"<p>La\u00a0T\u00caTE DE BOUCHE \u00c0 CL\u00c9 N\u00b0119 REHAUSSABLE &#8211; 14 kg assure la protection et l\u2019acc\u00e8s aux robinets enterr\u00e9s. Elle existe en 3 versions\u00a0: t\u00eate ronde, carr\u00e9e ou hexagonale pour l\u2019identification des r\u00e9seaux. La hauteur de r\u00e9glage est de 180mm.<\/p>\n","protected":false},"featured_media":5704,"template":"","meta":{"_acf_changed":false},"product_brand":[],"product_cat":[36],"product_tag":[],"class_list":{"0":"post-685","1":"product","2":"type-product","3":"status-publish","4":"has-post-thumbnail","6":"product_cat-bouche-a-cle-hydrant","8":"first","9":"instock","10":"shipping-taxable","11":"purchasable","12":"product-type-variable"},"acf":[],"_links":{"self":[{"href":"https:\/\/www.soval.fr\/fr\/wp-json\/wp\/v2\/product\/685","targetHints":{"allow":["GET"]}}],"collection":[{"href":"https:\/\/www.soval.fr\/fr\/wp-json\/wp\/v2\/product"}],"about":[{"href":"https:\/\/www.soval.fr\/fr\/wp-json\/wp\/v2\/types\/product"}],"wp:featuredmedia":[{"embeddable":true,"href":"https:\/\/www.soval.fr\/fr\/wp-json\/wp\/v2\/media\/5704"}],"wp:attachment":[{"href":"https:\/\/www.soval.fr\/fr\/wp-json\/wp\/v2\/media?parent=685"}],"wp:term":[{"taxonomy":"product_brand","embeddable":true,"href":"https:\/\/www.soval.fr\/fr\/wp-json\/wp\/v2\/product_brand?post=685"},{"taxonomy":"product_cat","embeddable":true,"href":"https:\/\/www.soval.fr\/fr\/wp-json\/wp\/v2\/product_cat?post=685"},{"taxonomy":"product_tag","embeddable":true,"href":"https:\/\/www.soval.fr\/fr\/wp-json\/wp\/v2\/product_tag?post=685"}],"curies":[{"name":"wp","href":"https:\/\/api.w.org\/{rel}","templated":true}]}}