{"id":687,"date":"2024-07-20T17:37:53","date_gmt":"2024-07-20T15:37:53","guid":{"rendered":"https:\/\/www.soval.fr\/?post_type=product&#038;p=687"},"modified":"2024-09-11T17:21:14","modified_gmt":"2024-09-11T15:21:14","slug":"rehausses-de-bouche-a-cle-131-et-133-verrouillables","status":"publish","type":"product","link":"https:\/\/www.soval.fr\/fr\/produit\/aep\/branchement\/bouche-a-cle-hydrant\/rehausses-de-bouche-a-cle-131-et-133-verrouillables\/","title":{"rendered":"Rehausses de bouche \u00e0 cl\u00e9 131 et 133 verrouillables"},"content":{"rendered":"<p>La REHAUSSES DE BOUCHE \u00c0 CL\u00c9 N\u00b0131 longueur 207 mm et n\u00b0133 longueur 400 mm assurent la protection et l\u2019acc\u00e8s aux robinets enterr\u00e9s.<\/p>\n<p>Lors des reprises de voiries, les rehausses N\u00b0131 ou 133 vient s\u2019ins\u00e9rer dans la t\u00eate de bouche \u00e0 cl\u00e9 existante et permet un ajustement \u00e0 la hauteur souhait\u00e9e. Existent avec empreinte ronde, carr\u00e9e et hexagonale pour l\u2019identification des r\u00e9seaux.<\/p>\n","protected":false},"excerpt":{"rendered":"<p>La REHAUSSES DE BOUCHE \u00c0 CL\u00c9 N\u00b0131 longueur 207 mm et n\u00b0133 longueur 400 mm assurent la protection et l\u2019acc\u00e8s aux robinets enterr\u00e9s. Lors des reprises de voiries, les rehausses N\u00b0131 ou 133 vient s\u2019ins\u00e9rer dans la t\u00eate de bouche \u00e0 cl\u00e9 existante et permet un ajustement \u00e0 la hauteur souhait\u00e9e. Existent avec empreinte ronde, [&hellip;]<\/p>\n","protected":false},"featured_media":5708,"template":"","meta":{"_acf_changed":false},"product_brand":[],"product_cat":[36],"product_tag":[],"class_list":{"0":"post-687","1":"product","2":"type-product","3":"status-publish","4":"has-post-thumbnail","6":"product_cat-bouche-a-cle-hydrant","8":"first","9":"instock","10":"shipping-taxable","11":"purchasable","12":"product-type-variable"},"acf":[],"_links":{"self":[{"href":"https:\/\/www.soval.fr\/fr\/wp-json\/wp\/v2\/product\/687","targetHints":{"allow":["GET"]}}],"collection":[{"href":"https:\/\/www.soval.fr\/fr\/wp-json\/wp\/v2\/product"}],"about":[{"href":"https:\/\/www.soval.fr\/fr\/wp-json\/wp\/v2\/types\/product"}],"wp:featuredmedia":[{"embeddable":true,"href":"https:\/\/www.soval.fr\/fr\/wp-json\/wp\/v2\/media\/5708"}],"wp:attachment":[{"href":"https:\/\/www.soval.fr\/fr\/wp-json\/wp\/v2\/media?parent=687"}],"wp:term":[{"taxonomy":"product_brand","embeddable":true,"href":"https:\/\/www.soval.fr\/fr\/wp-json\/wp\/v2\/product_brand?post=687"},{"taxonomy":"product_cat","embeddable":true,"href":"https:\/\/www.soval.fr\/fr\/wp-json\/wp\/v2\/product_cat?post=687"},{"taxonomy":"product_tag","embeddable":true,"href":"https:\/\/www.soval.fr\/fr\/wp-json\/wp\/v2\/product_tag?post=687"}],"curies":[{"name":"wp","href":"https:\/\/api.w.org\/{rel}","templated":true}]}}