{"id":689,"date":"2024-07-20T17:37:53","date_gmt":"2024-07-20T15:37:53","guid":{"rendered":"https:\/\/www.soval.fr\/?post_type=product&#038;p=689"},"modified":"2024-09-11T17:22:36","modified_gmt":"2024-09-11T15:22:36","slug":"tetes-de-bouche-a-cle-120-120-bis-120-ter-et-121","status":"publish","type":"product","link":"https:\/\/www.soval.fr\/fr\/produit\/aep\/branchement\/bouche-a-cle-hydrant\/tetes-de-bouche-a-cle-120-120-bis-120-ter-et-121\/","title":{"rendered":"T\u00eates de bouche \u00e0 cl\u00e9 120, 120 BIS, 120 TER et 121"},"content":{"rendered":"<p>LES\u00a0T\u00caTES DE BOUCHE \u00c0 CL\u00c9 N\u00b0120, 120 BIS, 120 TER et 121 assurent la protection et l\u2019acc\u00e8s aux robinets enterr\u00e9s.<\/p>\n<p>Existent avec empreinte ronde, carr\u00e9e et hexagonale pour l\u2019identification des r\u00e9seaux.<\/p>\n<p>Le tampon verrouill\u00e9 quart de tour est reli\u00e9 au corps de bouche \u00e0 cl\u00e9 par une chainette.<\/p>\n","protected":false},"excerpt":{"rendered":"<p>LES\u00a0T\u00caTES DE BOUCHE \u00c0 CL\u00c9 N\u00b0120, 120 BIS, 120 TER et 121 assurent la protection et l\u2019acc\u00e8s aux robinets enterr\u00e9s. Existent avec empreinte ronde, carr\u00e9e et hexagonale pour l\u2019identification des r\u00e9seaux. Le tampon verrouill\u00e9 quart de tour est reli\u00e9 au corps de bouche \u00e0 cl\u00e9 par une chainette.<\/p>\n","protected":false},"featured_media":5712,"template":"","meta":{"_acf_changed":false},"product_brand":[],"product_cat":[36],"product_tag":[],"class_list":{"0":"post-689","1":"product","2":"type-product","3":"status-publish","4":"has-post-thumbnail","6":"product_cat-bouche-a-cle-hydrant","8":"first","9":"instock","10":"shipping-taxable","11":"purchasable","12":"product-type-variable"},"acf":[],"_links":{"self":[{"href":"https:\/\/www.soval.fr\/fr\/wp-json\/wp\/v2\/product\/689","targetHints":{"allow":["GET"]}}],"collection":[{"href":"https:\/\/www.soval.fr\/fr\/wp-json\/wp\/v2\/product"}],"about":[{"href":"https:\/\/www.soval.fr\/fr\/wp-json\/wp\/v2\/types\/product"}],"wp:featuredmedia":[{"embeddable":true,"href":"https:\/\/www.soval.fr\/fr\/wp-json\/wp\/v2\/media\/5712"}],"wp:attachment":[{"href":"https:\/\/www.soval.fr\/fr\/wp-json\/wp\/v2\/media?parent=689"}],"wp:term":[{"taxonomy":"product_brand","embeddable":true,"href":"https:\/\/www.soval.fr\/fr\/wp-json\/wp\/v2\/product_brand?post=689"},{"taxonomy":"product_cat","embeddable":true,"href":"https:\/\/www.soval.fr\/fr\/wp-json\/wp\/v2\/product_cat?post=689"},{"taxonomy":"product_tag","embeddable":true,"href":"https:\/\/www.soval.fr\/fr\/wp-json\/wp\/v2\/product_tag?post=689"}],"curies":[{"name":"wp","href":"https:\/\/api.w.org\/{rel}","templated":true}]}}