{"id":692,"date":"2024-07-20T17:37:54","date_gmt":"2024-07-20T15:37:54","guid":{"rendered":"https:\/\/www.soval.fr\/?post_type=product&#038;p=692"},"modified":"2024-09-11T17:23:53","modified_gmt":"2024-09-11T15:23:53","slug":"tete-de-bouche-a-cle-126-11-kg","status":"publish","type":"product","link":"https:\/\/www.soval.fr\/fr\/produit\/aep\/branchement\/bouche-a-cle-hydrant\/tete-de-bouche-a-cle-126-11-kg\/","title":{"rendered":"T\u00eate de bouche \u00e0 cl\u00e9 126 &#8211; 11 kg"},"content":{"rendered":"<p>Les t\u00eates de bouche \u00e0 cl\u00e9 N\u00b0126 <strong>\u2013 <\/strong>11 kg assurent la protection et l\u2019acc\u00e8s aux robinets enterr\u00e9s.<\/p>\n<p>Existent avec empreinte ronde et hexagonale pour l\u2019identification des r\u00e9seaux.<\/p>\n","protected":false},"excerpt":{"rendered":"<p>Les t\u00eates de bouche \u00e0 cl\u00e9 N\u00b0126 \u2013 11 kg assurent la protection et l\u2019acc\u00e8s aux robinets enterr\u00e9s. Existent avec empreinte ronde et hexagonale pour l\u2019identification des r\u00e9seaux.<\/p>\n","protected":false},"featured_media":5718,"template":"","meta":{"_acf_changed":false},"product_brand":[],"product_cat":[36],"product_tag":[],"class_list":{"0":"post-692","1":"product","2":"type-product","3":"status-publish","4":"has-post-thumbnail","6":"product_cat-bouche-a-cle-hydrant","8":"first","9":"instock","10":"shipping-taxable","11":"purchasable","12":"product-type-variable"},"acf":[],"_links":{"self":[{"href":"https:\/\/www.soval.fr\/fr\/wp-json\/wp\/v2\/product\/692","targetHints":{"allow":["GET"]}}],"collection":[{"href":"https:\/\/www.soval.fr\/fr\/wp-json\/wp\/v2\/product"}],"about":[{"href":"https:\/\/www.soval.fr\/fr\/wp-json\/wp\/v2\/types\/product"}],"wp:featuredmedia":[{"embeddable":true,"href":"https:\/\/www.soval.fr\/fr\/wp-json\/wp\/v2\/media\/5718"}],"wp:attachment":[{"href":"https:\/\/www.soval.fr\/fr\/wp-json\/wp\/v2\/media?parent=692"}],"wp:term":[{"taxonomy":"product_brand","embeddable":true,"href":"https:\/\/www.soval.fr\/fr\/wp-json\/wp\/v2\/product_brand?post=692"},{"taxonomy":"product_cat","embeddable":true,"href":"https:\/\/www.soval.fr\/fr\/wp-json\/wp\/v2\/product_cat?post=692"},{"taxonomy":"product_tag","embeddable":true,"href":"https:\/\/www.soval.fr\/fr\/wp-json\/wp\/v2\/product_tag?post=692"}],"curies":[{"name":"wp","href":"https:\/\/api.w.org\/{rel}","templated":true}]}}