{"id":695,"date":"2024-07-20T17:37:55","date_gmt":"2024-07-20T15:37:55","guid":{"rendered":"https:\/\/www.soval.fr\/?post_type=product&#038;p=695"},"modified":"2024-09-11T17:25:30","modified_gmt":"2024-09-11T15:25:30","slug":"tete-de-bouche-a-cle-129-8-kg","status":"publish","type":"product","link":"https:\/\/www.soval.fr\/fr\/produit\/aep\/branchement\/bouche-a-cle-hydrant\/tete-de-bouche-a-cle-129-8-kg\/","title":{"rendered":"T\u00eate de bouche \u00e0 cl\u00e9 129 &#8211; 8 kg"},"content":{"rendered":"<p>La\u00a0T\u00caTE DE BOUCHE \u00c0 CL\u00c9 N\u00b0129 &#8211; 8 kg assurent la protection et l\u2019acc\u00e8s aux robinets enterr\u00e9s.<\/p>\n<p>Existent avec empreinte ronde, carr\u00e9e et hexagonale pour l\u2019identification des r\u00e9seaux.<\/p>\n","protected":false},"excerpt":{"rendered":"<p>La\u00a0T\u00caTE DE BOUCHE \u00c0 CL\u00c9 N\u00b0129 &#8211; 8 kg assurent la protection et l\u2019acc\u00e8s aux robinets enterr\u00e9s. Existent avec empreinte ronde, carr\u00e9e et hexagonale pour l\u2019identification des r\u00e9seaux.<\/p>\n","protected":false},"featured_media":5724,"template":"","meta":{"_acf_changed":false},"product_brand":[],"product_cat":[36],"product_tag":[],"class_list":{"0":"post-695","1":"product","2":"type-product","3":"status-publish","4":"has-post-thumbnail","6":"product_cat-bouche-a-cle-hydrant","8":"first","9":"instock","10":"shipping-taxable","11":"purchasable","12":"product-type-variable"},"acf":[],"_links":{"self":[{"href":"https:\/\/www.soval.fr\/fr\/wp-json\/wp\/v2\/product\/695","targetHints":{"allow":["GET"]}}],"collection":[{"href":"https:\/\/www.soval.fr\/fr\/wp-json\/wp\/v2\/product"}],"about":[{"href":"https:\/\/www.soval.fr\/fr\/wp-json\/wp\/v2\/types\/product"}],"wp:featuredmedia":[{"embeddable":true,"href":"https:\/\/www.soval.fr\/fr\/wp-json\/wp\/v2\/media\/5724"}],"wp:attachment":[{"href":"https:\/\/www.soval.fr\/fr\/wp-json\/wp\/v2\/media?parent=695"}],"wp:term":[{"taxonomy":"product_brand","embeddable":true,"href":"https:\/\/www.soval.fr\/fr\/wp-json\/wp\/v2\/product_brand?post=695"},{"taxonomy":"product_cat","embeddable":true,"href":"https:\/\/www.soval.fr\/fr\/wp-json\/wp\/v2\/product_cat?post=695"},{"taxonomy":"product_tag","embeddable":true,"href":"https:\/\/www.soval.fr\/fr\/wp-json\/wp\/v2\/product_tag?post=695"}],"curies":[{"name":"wp","href":"https:\/\/api.w.org\/{rel}","templated":true}]}}