{"id":696,"date":"2024-07-20T17:37:55","date_gmt":"2024-07-20T15:37:55","guid":{"rendered":"https:\/\/www.soval.fr\/?post_type=product&#038;p=696"},"modified":"2024-09-11T17:25:55","modified_gmt":"2024-09-11T15:25:55","slug":"tete-de-bouche-a-cle-122-27-kg","status":"publish","type":"product","link":"https:\/\/www.soval.fr\/fr\/produit\/aep\/branchement\/bouche-a-cle-hydrant\/tete-de-bouche-a-cle-122-27-kg\/","title":{"rendered":"T\u00eate de bouche \u00e0 cl\u00e9 122 &#8211; 27 kg"},"content":{"rendered":"<p>Les t\u00eates de bouche \u00e0 cl\u00e9 N\u00b0122 <strong>\u2013 <\/strong>27 kg assurent la protection et l\u2019acc\u00e8s aux robinets enterr\u00e9s.<\/p>\n<p>Le tampon est reli\u00e9 au corps de bouche \u00e0 cl\u00e9 par une tige.<\/p>\n","protected":false},"excerpt":{"rendered":"<p>Les t\u00eates de bouche \u00e0 cl\u00e9 N\u00b0122 \u2013 27 kg assurent la protection et l\u2019acc\u00e8s aux robinets enterr\u00e9s. Le tampon est reli\u00e9 au corps de bouche \u00e0 cl\u00e9 par une tige.<\/p>\n","protected":false},"featured_media":5726,"template":"","meta":{"_acf_changed":false},"product_brand":[],"product_cat":[36],"product_tag":[],"class_list":{"0":"post-696","1":"product","2":"type-product","3":"status-publish","4":"has-post-thumbnail","6":"product_cat-bouche-a-cle-hydrant","8":"first","9":"instock","10":"shipping-taxable","11":"purchasable","12":"product-type-variable"},"acf":[],"_links":{"self":[{"href":"https:\/\/www.soval.fr\/fr\/wp-json\/wp\/v2\/product\/696","targetHints":{"allow":["GET"]}}],"collection":[{"href":"https:\/\/www.soval.fr\/fr\/wp-json\/wp\/v2\/product"}],"about":[{"href":"https:\/\/www.soval.fr\/fr\/wp-json\/wp\/v2\/types\/product"}],"wp:featuredmedia":[{"embeddable":true,"href":"https:\/\/www.soval.fr\/fr\/wp-json\/wp\/v2\/media\/5726"}],"wp:attachment":[{"href":"https:\/\/www.soval.fr\/fr\/wp-json\/wp\/v2\/media?parent=696"}],"wp:term":[{"taxonomy":"product_brand","embeddable":true,"href":"https:\/\/www.soval.fr\/fr\/wp-json\/wp\/v2\/product_brand?post=696"},{"taxonomy":"product_cat","embeddable":true,"href":"https:\/\/www.soval.fr\/fr\/wp-json\/wp\/v2\/product_cat?post=696"},{"taxonomy":"product_tag","embeddable":true,"href":"https:\/\/www.soval.fr\/fr\/wp-json\/wp\/v2\/product_tag?post=696"}],"curies":[{"name":"wp","href":"https:\/\/api.w.org\/{rel}","templated":true}]}}