{"id":702,"date":"2024-07-20T17:37:56","date_gmt":"2024-07-20T15:37:56","guid":{"rendered":"https:\/\/www.soval.fr\/?post_type=product&#038;p=702"},"modified":"2024-09-11T17:34:38","modified_gmt":"2024-09-11T15:34:38","slug":"regard-hydraulique-n253-service-des-eaux","status":"publish","type":"product","link":"https:\/\/www.soval.fr\/fr\/produit\/aep\/branchement\/tampons-pour-branchement\/regard-hydraulique-n253-service-des-eaux\/","title":{"rendered":"Regard hydraulique n\u00b0253 \u00ab Service des Eaux \u00bb"},"content":{"rendered":"<p>\u00c9quip\u00e9 d\u2019un cadre et d\u2019un tampon de r\u00e9sistance 125 kN, ce regard hydraulique en fonte GS se monte sur des regards pr\u00e9fabriqu\u00e9s en b\u00e9ton et permet la protection des compteurs d\u2019eau.<\/p>\n","protected":false},"excerpt":{"rendered":"<p>\u00c9quip\u00e9 d\u2019un cadre et d\u2019un tampon de r\u00e9sistance 125 kN, ce regard hydraulique en fonte GS se monte sur des regards pr\u00e9fabriqu\u00e9s en b\u00e9ton et permet la protection des compteurs d\u2019eau.<\/p>\n","protected":false},"featured_media":5678,"template":"","meta":{"_acf_changed":false},"product_brand":[],"product_cat":[38],"product_tag":[],"class_list":{"0":"post-702","1":"product","2":"type-product","3":"status-publish","4":"has-post-thumbnail","6":"product_cat-tampons-pour-branchement","8":"first","9":"instock","10":"shipping-taxable","11":"purchasable","12":"product-type-variable"},"acf":[],"_links":{"self":[{"href":"https:\/\/www.soval.fr\/fr\/wp-json\/wp\/v2\/product\/702","targetHints":{"allow":["GET"]}}],"collection":[{"href":"https:\/\/www.soval.fr\/fr\/wp-json\/wp\/v2\/product"}],"about":[{"href":"https:\/\/www.soval.fr\/fr\/wp-json\/wp\/v2\/types\/product"}],"wp:featuredmedia":[{"embeddable":true,"href":"https:\/\/www.soval.fr\/fr\/wp-json\/wp\/v2\/media\/5678"}],"wp:attachment":[{"href":"https:\/\/www.soval.fr\/fr\/wp-json\/wp\/v2\/media?parent=702"}],"wp:term":[{"taxonomy":"product_brand","embeddable":true,"href":"https:\/\/www.soval.fr\/fr\/wp-json\/wp\/v2\/product_brand?post=702"},{"taxonomy":"product_cat","embeddable":true,"href":"https:\/\/www.soval.fr\/fr\/wp-json\/wp\/v2\/product_cat?post=702"},{"taxonomy":"product_tag","embeddable":true,"href":"https:\/\/www.soval.fr\/fr\/wp-json\/wp\/v2\/product_tag?post=702"}],"curies":[{"name":"wp","href":"https:\/\/api.w.org\/{rel}","templated":true}]}}