{"id":706,"date":"2024-07-20T17:37:56","date_gmt":"2024-07-20T15:37:56","guid":{"rendered":"https:\/\/www.soval.fr\/?post_type=product&#038;p=706"},"modified":"2024-09-11T17:35:36","modified_gmt":"2024-09-11T15:35:36","slug":"tampon-256-services-des-eaux-125-ou-250-kn","status":"publish","type":"product","link":"https:\/\/www.soval.fr\/fr\/produit\/aep\/branchement\/tampons-pour-branchement\/tampon-256-services-des-eaux-125-ou-250-kn\/","title":{"rendered":"Tampon 256 \u00ab Services des Eaux \u00bb 125 ou 250 kN"},"content":{"rendered":"<p>D\u2019une r\u00e9sistance de 125 kN ou 250 kN, le tampon N\u00b0256 en fonte GS se monte sur des regards pr\u00e9fabriqu\u00e9s en b\u00e9ton et permet la protection des compteurs d\u2019eau.<\/p>\n","protected":false},"excerpt":{"rendered":"<p>D\u2019une r\u00e9sistance de 125 kN ou 250 kN, le tampon N\u00b0256 en fonte GS se monte sur des regards pr\u00e9fabriqu\u00e9s en b\u00e9ton et permet la protection des compteurs d\u2019eau.<\/p>\n","protected":false},"featured_media":5684,"template":"","meta":{"_acf_changed":false},"product_brand":[],"product_cat":[38],"product_tag":[],"class_list":{"0":"post-706","1":"product","2":"type-product","3":"status-publish","4":"has-post-thumbnail","6":"product_cat-tampons-pour-branchement","8":"first","9":"instock","10":"shipping-taxable","11":"purchasable","12":"product-type-variable"},"acf":[],"_links":{"self":[{"href":"https:\/\/www.soval.fr\/fr\/wp-json\/wp\/v2\/product\/706","targetHints":{"allow":["GET"]}}],"collection":[{"href":"https:\/\/www.soval.fr\/fr\/wp-json\/wp\/v2\/product"}],"about":[{"href":"https:\/\/www.soval.fr\/fr\/wp-json\/wp\/v2\/types\/product"}],"wp:featuredmedia":[{"embeddable":true,"href":"https:\/\/www.soval.fr\/fr\/wp-json\/wp\/v2\/media\/5684"}],"wp:attachment":[{"href":"https:\/\/www.soval.fr\/fr\/wp-json\/wp\/v2\/media?parent=706"}],"wp:term":[{"taxonomy":"product_brand","embeddable":true,"href":"https:\/\/www.soval.fr\/fr\/wp-json\/wp\/v2\/product_brand?post=706"},{"taxonomy":"product_cat","embeddable":true,"href":"https:\/\/www.soval.fr\/fr\/wp-json\/wp\/v2\/product_cat?post=706"},{"taxonomy":"product_tag","embeddable":true,"href":"https:\/\/www.soval.fr\/fr\/wp-json\/wp\/v2\/product_tag?post=706"}],"curies":[{"name":"wp","href":"https:\/\/api.w.org\/{rel}","templated":true}]}}