{"id":707,"date":"2024-07-20T17:37:57","date_gmt":"2024-07-20T15:37:57","guid":{"rendered":"https:\/\/www.soval.fr\/?post_type=product&#038;p=707"},"modified":"2024-09-11T17:35:57","modified_gmt":"2024-09-11T15:35:57","slug":"plaque-257-pour-abri-de-compteur","status":"publish","type":"product","link":"https:\/\/www.soval.fr\/fr\/produit\/aep\/branchement\/tampons-pour-branchement\/plaque-257-pour-abri-de-compteur\/","title":{"rendered":"Tampon n\u00b0257 pour abri de compteur"},"content":{"rendered":"<p>D\u2019une r\u00e9sistance de 125 kN, la plaque N\u00b0257 en fonte GS se monte sur des regards pr\u00e9fabriqu\u00e9s en b\u00e9ton et permet la protection des compteurs d\u2019eau.<\/p>\n","protected":false},"excerpt":{"rendered":"<p>D\u2019une r\u00e9sistance de 125 kN, la plaque N\u00b0257 en fonte GS se monte sur des regards pr\u00e9fabriqu\u00e9s en b\u00e9ton et permet la protection des compteurs d\u2019eau.<\/p>\n","protected":false},"featured_media":5686,"template":"","meta":{"_acf_changed":false},"product_brand":[],"product_cat":[38],"product_tag":[],"class_list":{"0":"post-707","1":"product","2":"type-product","3":"status-publish","4":"has-post-thumbnail","6":"product_cat-tampons-pour-branchement","8":"first","9":"instock","10":"shipping-taxable","11":"purchasable","12":"product-type-variable"},"acf":[],"_links":{"self":[{"href":"https:\/\/www.soval.fr\/fr\/wp-json\/wp\/v2\/product\/707","targetHints":{"allow":["GET"]}}],"collection":[{"href":"https:\/\/www.soval.fr\/fr\/wp-json\/wp\/v2\/product"}],"about":[{"href":"https:\/\/www.soval.fr\/fr\/wp-json\/wp\/v2\/types\/product"}],"wp:featuredmedia":[{"embeddable":true,"href":"https:\/\/www.soval.fr\/fr\/wp-json\/wp\/v2\/media\/5686"}],"wp:attachment":[{"href":"https:\/\/www.soval.fr\/fr\/wp-json\/wp\/v2\/media?parent=707"}],"wp:term":[{"taxonomy":"product_brand","embeddable":true,"href":"https:\/\/www.soval.fr\/fr\/wp-json\/wp\/v2\/product_brand?post=707"},{"taxonomy":"product_cat","embeddable":true,"href":"https:\/\/www.soval.fr\/fr\/wp-json\/wp\/v2\/product_cat?post=707"},{"taxonomy":"product_tag","embeddable":true,"href":"https:\/\/www.soval.fr\/fr\/wp-json\/wp\/v2\/product_tag?post=707"}],"curies":[{"name":"wp","href":"https:\/\/api.w.org\/{rel}","templated":true}]}}