{"id":709,"date":"2024-07-20T17:37:57","date_gmt":"2024-07-20T15:37:57","guid":{"rendered":"https:\/\/www.soval.fr\/?post_type=product&#038;p=709"},"modified":"2024-09-11T17:36:15","modified_gmt":"2024-09-11T15:36:15","slug":"tampon-258-service-des-eaux","status":"publish","type":"product","link":"https:\/\/www.soval.fr\/fr\/produit\/aep\/branchement\/tampons-pour-branchement\/tampon-258-service-des-eaux\/","title":{"rendered":"Tampon fonte n\u00b0258 Service des Eaux"},"content":{"rendered":"<p>D\u2019une r\u00e9sistance de 125 kN ou 250 kN, le tampon N\u00b0258 en fonte GS se monte sur des regards pr\u00e9fabriqu\u00e9s en b\u00e9ton et permet la protection des compteurs d\u2019eau.<\/p>\n","protected":false},"excerpt":{"rendered":"<p>D\u2019une r\u00e9sistance de 125 kN ou 250 kN, le tampon N\u00b0258 en fonte GS se monte sur des regards pr\u00e9fabriqu\u00e9s en b\u00e9ton et permet la protection des compteurs d\u2019eau.<\/p>\n","protected":false},"featured_media":5688,"template":"","meta":{"_acf_changed":false},"product_brand":[],"product_cat":[38],"product_tag":[],"class_list":{"0":"post-709","1":"product","2":"type-product","3":"status-publish","4":"has-post-thumbnail","6":"product_cat-tampons-pour-branchement","8":"first","9":"instock","10":"shipping-taxable","11":"purchasable","12":"product-type-variable"},"acf":[],"_links":{"self":[{"href":"https:\/\/www.soval.fr\/fr\/wp-json\/wp\/v2\/product\/709","targetHints":{"allow":["GET"]}}],"collection":[{"href":"https:\/\/www.soval.fr\/fr\/wp-json\/wp\/v2\/product"}],"about":[{"href":"https:\/\/www.soval.fr\/fr\/wp-json\/wp\/v2\/types\/product"}],"wp:featuredmedia":[{"embeddable":true,"href":"https:\/\/www.soval.fr\/fr\/wp-json\/wp\/v2\/media\/5688"}],"wp:attachment":[{"href":"https:\/\/www.soval.fr\/fr\/wp-json\/wp\/v2\/media?parent=709"}],"wp:term":[{"taxonomy":"product_brand","embeddable":true,"href":"https:\/\/www.soval.fr\/fr\/wp-json\/wp\/v2\/product_brand?post=709"},{"taxonomy":"product_cat","embeddable":true,"href":"https:\/\/www.soval.fr\/fr\/wp-json\/wp\/v2\/product_cat?post=709"},{"taxonomy":"product_tag","embeddable":true,"href":"https:\/\/www.soval.fr\/fr\/wp-json\/wp\/v2\/product_tag?post=709"}],"curies":[{"name":"wp","href":"https:\/\/api.w.org\/{rel}","templated":true}]}}