{"id":716,"date":"2024-07-20T17:37:58","date_gmt":"2024-07-20T15:37:58","guid":{"rendered":"https:\/\/www.soval.fr\/?post_type=product&#038;p=716"},"modified":"2026-02-20T11:09:17","modified_gmt":"2026-02-20T10:09:17","slug":"regard-de-chaussee-maxum-800-ventile-classe-d400","status":"publish","type":"product","link":"https:\/\/www.soval.fr\/fr\/produit\/voirie-assainissement\/regards-et-tampons\/regards-de-chaussee\/regard-de-chaussee-maxum-800-ventile-classe-d400\/","title":{"rendered":"Regard de chauss\u00e9e MAXUM 800 ventil\u00e9 Classe D400"},"content":{"rendered":"<p>Le MAXUM 800 ventil\u00e9 \u00ab\u00a0grande ouverture\u00a0\u00bb est un regard de chauss\u00e9 articul\u00e9 en fonte D400 adapt\u00e9 \u00e0 la ventilation des r\u00e9seaux d\u2019assainissement pour tout type de chauss\u00e9e \u00e0 trafic intense : circulation soutenue de voitures et poids lourds \u00e0 vitesse urbaine.<\/p>\n<p>Son tampon ventil\u00e9 \u00e9vite la formation et l\u2019accumulation du sulfure d\u2019hydrog\u00e8ne (H2S).<\/p>\n","protected":false},"excerpt":{"rendered":"<p>Le MAXUM 800 ventil\u00e9 \u00ab\u00a0grande ouverture\u00a0\u00bb est un regard de chauss\u00e9 articul\u00e9 en fonte D400 adapt\u00e9 \u00e0 la ventilation des r\u00e9seaux d\u2019assainissement pour tout type de chauss\u00e9e \u00e0 trafic intense : circulation soutenue de voitures et poids lourds \u00e0 vitesse urbaine. Son tampon ventil\u00e9 \u00e9vite la formation et l\u2019accumulation du sulfure d\u2019hydrog\u00e8ne (H2S).<\/p>\n","protected":false},"featured_media":3666,"template":"","meta":{"_acf_changed":false},"product_brand":[],"product_cat":[43],"product_tag":[],"class_list":{"0":"post-716","1":"product","2":"type-product","3":"status-publish","4":"has-post-thumbnail","6":"product_cat-regards-de-chaussee","8":"first","9":"instock","10":"shipping-taxable","11":"purchasable","12":"product-type-variable"},"acf":[],"_links":{"self":[{"href":"https:\/\/www.soval.fr\/fr\/wp-json\/wp\/v2\/product\/716","targetHints":{"allow":["GET"]}}],"collection":[{"href":"https:\/\/www.soval.fr\/fr\/wp-json\/wp\/v2\/product"}],"about":[{"href":"https:\/\/www.soval.fr\/fr\/wp-json\/wp\/v2\/types\/product"}],"wp:featuredmedia":[{"embeddable":true,"href":"https:\/\/www.soval.fr\/fr\/wp-json\/wp\/v2\/media\/3666"}],"wp:attachment":[{"href":"https:\/\/www.soval.fr\/fr\/wp-json\/wp\/v2\/media?parent=716"}],"wp:term":[{"taxonomy":"product_brand","embeddable":true,"href":"https:\/\/www.soval.fr\/fr\/wp-json\/wp\/v2\/product_brand?post=716"},{"taxonomy":"product_cat","embeddable":true,"href":"https:\/\/www.soval.fr\/fr\/wp-json\/wp\/v2\/product_cat?post=716"},{"taxonomy":"product_tag","embeddable":true,"href":"https:\/\/www.soval.fr\/fr\/wp-json\/wp\/v2\/product_tag?post=716"}],"curies":[{"name":"wp","href":"https:\/\/api.w.org\/{rel}","templated":true}]}}