{"id":718,"date":"2024-07-20T17:37:59","date_gmt":"2024-07-20T15:37:59","guid":{"rendered":"https:\/\/www.soval.fr\/?post_type=product&#038;p=718"},"modified":"2026-02-20T11:06:37","modified_gmt":"2026-02-20T10:06:37","slug":"regard-de-chaussee-medium-a-remplir-classe-d400","status":"publish","type":"product","link":"https:\/\/www.soval.fr\/fr\/produit\/voirie-assainissement\/regards-et-tampons\/regards-de-chaussee\/regard-de-chaussee-medium-a-remplir-classe-d400\/","title":{"rendered":"Regard de chauss\u00e9e MEDIUM \u00e0 remplir Classe D400"},"content":{"rendered":"<p>Le MEDIUM \u00e0 remplir est un regard de chauss\u00e9 en fonte 400 kN avec un volume de remplissage de 13 litres.<\/p>\n","protected":false},"excerpt":{"rendered":"<p>Le MEDIUM \u00e0 remplir est un regard de chauss\u00e9 en fonte 400 kN avec un volume de remplissage de 13 litres.<\/p>\n","protected":false},"featured_media":3674,"template":"","meta":{"_acf_changed":false},"product_brand":[],"product_cat":[43],"product_tag":[],"class_list":{"0":"post-718","1":"product","2":"type-product","3":"status-publish","4":"has-post-thumbnail","6":"product_cat-regards-de-chaussee","8":"first","9":"instock","10":"shipping-taxable","11":"purchasable","12":"product-type-variable"},"acf":[],"_links":{"self":[{"href":"https:\/\/www.soval.fr\/fr\/wp-json\/wp\/v2\/product\/718","targetHints":{"allow":["GET"]}}],"collection":[{"href":"https:\/\/www.soval.fr\/fr\/wp-json\/wp\/v2\/product"}],"about":[{"href":"https:\/\/www.soval.fr\/fr\/wp-json\/wp\/v2\/types\/product"}],"wp:featuredmedia":[{"embeddable":true,"href":"https:\/\/www.soval.fr\/fr\/wp-json\/wp\/v2\/media\/3674"}],"wp:attachment":[{"href":"https:\/\/www.soval.fr\/fr\/wp-json\/wp\/v2\/media?parent=718"}],"wp:term":[{"taxonomy":"product_brand","embeddable":true,"href":"https:\/\/www.soval.fr\/fr\/wp-json\/wp\/v2\/product_brand?post=718"},{"taxonomy":"product_cat","embeddable":true,"href":"https:\/\/www.soval.fr\/fr\/wp-json\/wp\/v2\/product_cat?post=718"},{"taxonomy":"product_tag","embeddable":true,"href":"https:\/\/www.soval.fr\/fr\/wp-json\/wp\/v2\/product_tag?post=718"}],"curies":[{"name":"wp","href":"https:\/\/api.w.org\/{rel}","templated":true}]}}