{"id":729,"date":"2024-07-20T17:38:01","date_gmt":"2024-07-20T15:38:01","guid":{"rendered":"https:\/\/www.soval.fr\/?post_type=product&#038;p=729"},"modified":"2024-09-12T15:19:18","modified_gmt":"2024-09-12T13:19:18","slug":"regard-hydraulique-n401-a-remplir","status":"publish","type":"product","link":"https:\/\/www.soval.fr\/fr\/produit\/voirie-assainissement\/regards-et-tampons\/regards-hydraulique\/regard-hydraulique-n401-a-remplir\/","title":{"rendered":"Regard hydraulique N\u00b0401 \u00e0 remplir"},"content":{"rendered":"<p>Le REGARD N\u00b0401 est un regard \u00e0 remplissage pav\u00e9, b\u00e9ton \u2026en fonte GS qui est pourvu d\u2019une fermeture hydraulique assurant une \u00e9tanch\u00e9it\u00e9 aux odeurs.<\/p>\n","protected":false},"excerpt":{"rendered":"<p>Le REGARD N\u00b0401 est un regard \u00e0 remplissage pav\u00e9, b\u00e9ton \u2026en fonte GS qui est pourvu d\u2019une fermeture hydraulique assurant une \u00e9tanch\u00e9it\u00e9 aux odeurs.<\/p>\n","protected":false},"featured_media":3702,"template":"","meta":{"_acf_changed":false},"product_brand":[],"product_cat":[44],"product_tag":[],"class_list":{"0":"post-729","1":"product","2":"type-product","3":"status-publish","4":"has-post-thumbnail","6":"product_cat-regards-hydraulique","8":"first","9":"instock","10":"shipping-taxable","11":"purchasable","12":"product-type-variable"},"acf":[],"_links":{"self":[{"href":"https:\/\/www.soval.fr\/fr\/wp-json\/wp\/v2\/product\/729","targetHints":{"allow":["GET"]}}],"collection":[{"href":"https:\/\/www.soval.fr\/fr\/wp-json\/wp\/v2\/product"}],"about":[{"href":"https:\/\/www.soval.fr\/fr\/wp-json\/wp\/v2\/types\/product"}],"wp:featuredmedia":[{"embeddable":true,"href":"https:\/\/www.soval.fr\/fr\/wp-json\/wp\/v2\/media\/3702"}],"wp:attachment":[{"href":"https:\/\/www.soval.fr\/fr\/wp-json\/wp\/v2\/media?parent=729"}],"wp:term":[{"taxonomy":"product_brand","embeddable":true,"href":"https:\/\/www.soval.fr\/fr\/wp-json\/wp\/v2\/product_brand?post=729"},{"taxonomy":"product_cat","embeddable":true,"href":"https:\/\/www.soval.fr\/fr\/wp-json\/wp\/v2\/product_cat?post=729"},{"taxonomy":"product_tag","embeddable":true,"href":"https:\/\/www.soval.fr\/fr\/wp-json\/wp\/v2\/product_tag?post=729"}],"curies":[{"name":"wp","href":"https:\/\/api.w.org\/{rel}","templated":true}]}}