{"id":731,"date":"2024-07-20T17:38:02","date_gmt":"2024-07-20T15:38:02","guid":{"rendered":"https:\/\/www.soval.fr\/?post_type=product&#038;p=731"},"modified":"2026-02-20T11:18:27","modified_gmt":"2026-02-20T10:18:27","slug":"regard-de-trottoir-n145","status":"publish","type":"product","link":"https:\/\/www.soval.fr\/fr\/produit\/voirie-assainissement\/regards-et-tampons\/regards-trottoir\/regard-de-trottoir-n145\/","title":{"rendered":"Regard de trottoir N\u00b0145 &#8211; B125"},"content":{"rendered":"<p>Regard de trottoir en fonte B125 \u00e0 cadre rond.<\/p>\n<p>Sa grande dimension (Dia.800 mm) en fait la solution la plus simple pour l\u2019acc\u00e8s au r\u00e9seau pluvial ou \u00e0 des chambres enterr\u00e9es.<\/p>\n","protected":false},"excerpt":{"rendered":"<p>Regard de trottoir en fonte B125 \u00e0 cadre rond. Sa grande dimension (Dia.800 mm) en fait la solution la plus simple pour l\u2019acc\u00e8s au r\u00e9seau pluvial ou \u00e0 des chambres enterr\u00e9es.<\/p>\n","protected":false},"featured_media":3706,"template":"","meta":{"_acf_changed":false},"product_brand":[],"product_cat":[45],"product_tag":[],"class_list":{"0":"post-731","1":"product","2":"type-product","3":"status-publish","4":"has-post-thumbnail","6":"product_cat-regards-trottoir","8":"first","9":"instock","10":"shipping-taxable","11":"purchasable","12":"product-type-variable"},"acf":[],"_links":{"self":[{"href":"https:\/\/www.soval.fr\/fr\/wp-json\/wp\/v2\/product\/731","targetHints":{"allow":["GET"]}}],"collection":[{"href":"https:\/\/www.soval.fr\/fr\/wp-json\/wp\/v2\/product"}],"about":[{"href":"https:\/\/www.soval.fr\/fr\/wp-json\/wp\/v2\/types\/product"}],"wp:featuredmedia":[{"embeddable":true,"href":"https:\/\/www.soval.fr\/fr\/wp-json\/wp\/v2\/media\/3706"}],"wp:attachment":[{"href":"https:\/\/www.soval.fr\/fr\/wp-json\/wp\/v2\/media?parent=731"}],"wp:term":[{"taxonomy":"product_brand","embeddable":true,"href":"https:\/\/www.soval.fr\/fr\/wp-json\/wp\/v2\/product_brand?post=731"},{"taxonomy":"product_cat","embeddable":true,"href":"https:\/\/www.soval.fr\/fr\/wp-json\/wp\/v2\/product_cat?post=731"},{"taxonomy":"product_tag","embeddable":true,"href":"https:\/\/www.soval.fr\/fr\/wp-json\/wp\/v2\/product_tag?post=731"}],"curies":[{"name":"wp","href":"https:\/\/api.w.org\/{rel}","templated":true}]}}