{"id":732,"date":"2024-07-20T17:38:02","date_gmt":"2024-07-20T15:38:02","guid":{"rendered":"https:\/\/www.soval.fr\/?post_type=product&#038;p=732"},"modified":"2026-02-20T11:19:10","modified_gmt":"2026-02-20T10:19:10","slug":"regard-de-trottoir-passeo","status":"publish","type":"product","link":"https:\/\/www.soval.fr\/fr\/produit\/voirie-assainissement\/regards-et-tampons\/regards-trottoir\/regard-de-trottoir-passeo\/","title":{"rendered":"Regard de trottoir PASSEO &#8211; C250"},"content":{"rendered":"<p>Le REGARD PASSEO en fonte GS de classe C250 \u00e0 cadre rond \u00e9quip\u00e9 d\u2019un joint insonorisant.<\/p>\n<p>Le regard trottoir est la solution la plus simple pour l\u2019acc\u00e8s au r\u00e9seau pluvial ou a toutes autres chambres enterr\u00e9es.<\/p>\n","protected":false},"excerpt":{"rendered":"<p>Le REGARD PASSEO en fonte GS de classe C250 \u00e0 cadre rond \u00e9quip\u00e9 d\u2019un joint insonorisant. Le regard trottoir est la solution la plus simple pour l\u2019acc\u00e8s au r\u00e9seau pluvial ou a toutes autres chambres enterr\u00e9es.<\/p>\n","protected":false},"featured_media":3710,"template":"","meta":{"_acf_changed":false},"product_brand":[],"product_cat":[45],"product_tag":[],"class_list":{"0":"post-732","1":"product","2":"type-product","3":"status-publish","4":"has-post-thumbnail","6":"product_cat-regards-trottoir","8":"first","9":"instock","10":"shipping-taxable","11":"purchasable","12":"product-type-variable"},"acf":[],"_links":{"self":[{"href":"https:\/\/www.soval.fr\/fr\/wp-json\/wp\/v2\/product\/732","targetHints":{"allow":["GET"]}}],"collection":[{"href":"https:\/\/www.soval.fr\/fr\/wp-json\/wp\/v2\/product"}],"about":[{"href":"https:\/\/www.soval.fr\/fr\/wp-json\/wp\/v2\/types\/product"}],"wp:featuredmedia":[{"embeddable":true,"href":"https:\/\/www.soval.fr\/fr\/wp-json\/wp\/v2\/media\/3710"}],"wp:attachment":[{"href":"https:\/\/www.soval.fr\/fr\/wp-json\/wp\/v2\/media?parent=732"}],"wp:term":[{"taxonomy":"product_brand","embeddable":true,"href":"https:\/\/www.soval.fr\/fr\/wp-json\/wp\/v2\/product_brand?post=732"},{"taxonomy":"product_cat","embeddable":true,"href":"https:\/\/www.soval.fr\/fr\/wp-json\/wp\/v2\/product_cat?post=732"},{"taxonomy":"product_tag","embeddable":true,"href":"https:\/\/www.soval.fr\/fr\/wp-json\/wp\/v2\/product_tag?post=732"}],"curies":[{"name":"wp","href":"https:\/\/api.w.org\/{rel}","templated":true}]}}