{"id":733,"date":"2024-07-20T17:38:02","date_gmt":"2024-07-20T15:38:02","guid":{"rendered":"https:\/\/www.soval.fr\/?post_type=product&#038;p=733"},"modified":"2026-02-20T11:19:36","modified_gmt":"2026-02-20T10:19:36","slug":"grille-passeo","status":"publish","type":"product","link":"https:\/\/www.soval.fr\/fr\/produit\/voirie-assainissement\/regards-et-tampons\/regards-trottoir\/grille-passeo\/","title":{"rendered":"Grille de trottoir PASSEO &#8211; C250"},"content":{"rendered":"<p>La GRILLE PASSEO en fonte GS de classe C250 \u00e0 cadre rond \u00e9quip\u00e9 d\u2019un joint insonorisant.<\/p>\n<p>Elle permet la collecte des eaux pluviales et de ruissellement.<\/p>\n","protected":false},"excerpt":{"rendered":"<p>La GRILLE PASSEO en fonte GS de classe C250 \u00e0 cadre rond \u00e9quip\u00e9 d\u2019un joint insonorisant. Elle permet la collecte des eaux pluviales et de ruissellement.<\/p>\n","protected":false},"featured_media":3712,"template":"","meta":{"_acf_changed":false},"product_brand":[],"product_cat":[45],"product_tag":[],"class_list":{"0":"post-733","1":"product","2":"type-product","3":"status-publish","4":"has-post-thumbnail","6":"product_cat-regards-trottoir","8":"first","9":"instock","10":"shipping-taxable","11":"purchasable","12":"product-type-variable"},"acf":[],"_links":{"self":[{"href":"https:\/\/www.soval.fr\/fr\/wp-json\/wp\/v2\/product\/733","targetHints":{"allow":["GET"]}}],"collection":[{"href":"https:\/\/www.soval.fr\/fr\/wp-json\/wp\/v2\/product"}],"about":[{"href":"https:\/\/www.soval.fr\/fr\/wp-json\/wp\/v2\/types\/product"}],"wp:featuredmedia":[{"embeddable":true,"href":"https:\/\/www.soval.fr\/fr\/wp-json\/wp\/v2\/media\/3712"}],"wp:attachment":[{"href":"https:\/\/www.soval.fr\/fr\/wp-json\/wp\/v2\/media?parent=733"}],"wp:term":[{"taxonomy":"product_brand","embeddable":true,"href":"https:\/\/www.soval.fr\/fr\/wp-json\/wp\/v2\/product_brand?post=733"},{"taxonomy":"product_cat","embeddable":true,"href":"https:\/\/www.soval.fr\/fr\/wp-json\/wp\/v2\/product_cat?post=733"},{"taxonomy":"product_tag","embeddable":true,"href":"https:\/\/www.soval.fr\/fr\/wp-json\/wp\/v2\/product_tag?post=733"}],"curies":[{"name":"wp","href":"https:\/\/api.w.org\/{rel}","templated":true}]}}