{"id":747,"date":"2024-07-20T17:38:05","date_gmt":"2024-07-20T15:38:05","guid":{"rendered":"https:\/\/www.soval.fr\/?post_type=product&#038;p=747"},"modified":"2026-02-27T09:14:22","modified_gmt":"2026-02-27T08:14:22","slug":"grille-plate-709-seule-de-caniveau-classe-c250","status":"publish","type":"product","link":"https:\/\/www.soval.fr\/fr\/produit\/voirie-assainissement\/collecte-des-eaux\/grilles-plates\/grille-plate-709-seule-de-caniveau-classe-c250\/","title":{"rendered":"Grille plate 709 seule de caniveau Classe C250"},"content":{"rendered":"<p>Grille plate de caniveau N\u00b0709 750&#215;300 C250 permet la collecte des eaux pluviales et de ruissellement et permet une circulation pi\u00e9tonne s\u00e9curis\u00e9e (PMR).<\/p>\n<p>Mise en \u0153uvre possible directement dans un caniveau \u00e0 feuillure b\u00e9ton ou avec une corni\u00e8re en acier galvanis\u00e9.<\/p>\n","protected":false},"excerpt":{"rendered":"<p>Grille plate de caniveau N\u00b0709 750&#215;300 C250 permet la collecte des eaux pluviales et de ruissellement et permet une circulation pi\u00e9tonne s\u00e9curis\u00e9e (PMR). Mise en \u0153uvre possible directement dans un caniveau \u00e0 feuillure b\u00e9ton ou avec une corni\u00e8re en acier galvanis\u00e9.<\/p>\n","protected":false},"featured_media":5589,"template":"","meta":{"_acf_changed":false},"product_brand":[],"product_cat":[52],"product_tag":[],"class_list":{"0":"post-747","1":"product","2":"type-product","3":"status-publish","4":"has-post-thumbnail","6":"product_cat-grilles-plates","8":"first","9":"instock","10":"shipping-taxable","11":"purchasable","12":"product-type-variable"},"acf":[],"_links":{"self":[{"href":"https:\/\/www.soval.fr\/fr\/wp-json\/wp\/v2\/product\/747","targetHints":{"allow":["GET"]}}],"collection":[{"href":"https:\/\/www.soval.fr\/fr\/wp-json\/wp\/v2\/product"}],"about":[{"href":"https:\/\/www.soval.fr\/fr\/wp-json\/wp\/v2\/types\/product"}],"wp:featuredmedia":[{"embeddable":true,"href":"https:\/\/www.soval.fr\/fr\/wp-json\/wp\/v2\/media\/5589"}],"wp:attachment":[{"href":"https:\/\/www.soval.fr\/fr\/wp-json\/wp\/v2\/media?parent=747"}],"wp:term":[{"taxonomy":"product_brand","embeddable":true,"href":"https:\/\/www.soval.fr\/fr\/wp-json\/wp\/v2\/product_brand?post=747"},{"taxonomy":"product_cat","embeddable":true,"href":"https:\/\/www.soval.fr\/fr\/wp-json\/wp\/v2\/product_cat?post=747"},{"taxonomy":"product_tag","embeddable":true,"href":"https:\/\/www.soval.fr\/fr\/wp-json\/wp\/v2\/product_tag?post=747"}],"curies":[{"name":"wp","href":"https:\/\/api.w.org\/{rel}","templated":true}]}}