{"id":749,"date":"2024-07-20T17:38:05","date_gmt":"2024-07-20T15:38:05","guid":{"rendered":"https:\/\/www.soval.fr\/?post_type=product&#038;p=749"},"modified":"2024-09-12T15:37:25","modified_gmt":"2024-09-12T13:37:25","slug":"grille-plate-709-pmr-400-kn-avec-cadre-fonte","status":"publish","type":"product","link":"https:\/\/www.soval.fr\/fr\/produit\/voirie-assainissement\/collecte-des-eaux\/grilles-plates\/grille-plate-709-pmr-400-kn-avec-cadre-fonte\/","title":{"rendered":"Grille plate 709 PMR 400 kN avec cadre fonte"},"content":{"rendered":"<p>Grille plate de caniveau N\u00b0709\u00a0750&#215;300 400kN avec cadre permet la collecte des eaux pluviales et de ruissellement et permet une circulation pi\u00e9tonne s\u00e9curis\u00e9e gr\u00e2ce \u00e0 sa conformit\u00e9 aux prescriptions PMR.<\/p>\n","protected":false},"excerpt":{"rendered":"<p>Grille plate de caniveau N\u00b0709\u00a0750&#215;300 400kN avec cadre permet la collecte des eaux pluviales et de ruissellement et permet une circulation pi\u00e9tonne s\u00e9curis\u00e9e gr\u00e2ce \u00e0 sa conformit\u00e9 aux prescriptions PMR.<\/p>\n","protected":false},"featured_media":5605,"template":"","meta":{"_acf_changed":false},"product_brand":[],"product_cat":[52],"product_tag":[],"class_list":{"0":"post-749","1":"product","2":"type-product","3":"status-publish","4":"has-post-thumbnail","6":"product_cat-grilles-plates","8":"first","9":"outofstock","10":"shipping-taxable","11":"product-type-variable"},"acf":[],"_links":{"self":[{"href":"https:\/\/www.soval.fr\/fr\/wp-json\/wp\/v2\/product\/749","targetHints":{"allow":["GET"]}}],"collection":[{"href":"https:\/\/www.soval.fr\/fr\/wp-json\/wp\/v2\/product"}],"about":[{"href":"https:\/\/www.soval.fr\/fr\/wp-json\/wp\/v2\/types\/product"}],"wp:featuredmedia":[{"embeddable":true,"href":"https:\/\/www.soval.fr\/fr\/wp-json\/wp\/v2\/media\/5605"}],"wp:attachment":[{"href":"https:\/\/www.soval.fr\/fr\/wp-json\/wp\/v2\/media?parent=749"}],"wp:term":[{"taxonomy":"product_brand","embeddable":true,"href":"https:\/\/www.soval.fr\/fr\/wp-json\/wp\/v2\/product_brand?post=749"},{"taxonomy":"product_cat","embeddable":true,"href":"https:\/\/www.soval.fr\/fr\/wp-json\/wp\/v2\/product_cat?post=749"},{"taxonomy":"product_tag","embeddable":true,"href":"https:\/\/www.soval.fr\/fr\/wp-json\/wp\/v2\/product_tag?post=749"}],"curies":[{"name":"wp","href":"https:\/\/api.w.org\/{rel}","templated":true}]}}