{"id":752,"date":"2024-07-20T17:38:06","date_gmt":"2024-07-20T15:38:06","guid":{"rendered":"https:\/\/www.soval.fr\/?post_type=product&#038;p=752"},"modified":"2026-02-27T09:16:27","modified_gmt":"2026-02-27T08:16:27","slug":"grille-plate-706-de-caniveau-avec-cadre-classe-d400","status":"publish","type":"product","link":"https:\/\/www.soval.fr\/fr\/produit\/voirie-assainissement\/collecte-des-eaux\/grilles-plates\/grille-plate-706-de-caniveau-avec-cadre-classe-d400\/","title":{"rendered":"Grille plate 706 de caniveau avec cadre Classe D400"},"content":{"rendered":"<p>La grille plate de caniveau N\u00b0706 avec cadre est en fonte GS et de classe D400.<\/p>\n<p>Elle est adapt\u00e9e \u00e0 tout type de chauss\u00e9e \u00e0 trafic lent. Elle permet la collecte des eaux pluviales, de ruissellement et peut \u00eatre install\u00e9e devant une plaque de recouvrement 800 x 800.<\/p>\n","protected":false},"excerpt":{"rendered":"<p>La grille plate de caniveau N\u00b0706 avec cadre est en fonte GS et de classe D400. Elle est adapt\u00e9e \u00e0 tout type de chauss\u00e9e \u00e0 trafic lent. Elle permet la collecte des eaux pluviales, de ruissellement et peut \u00eatre install\u00e9e devant une plaque de recouvrement 800 x 800.<\/p>\n","protected":false},"featured_media":5597,"template":"","meta":{"_acf_changed":false},"product_brand":[],"product_cat":[52],"product_tag":[],"class_list":{"0":"post-752","1":"product","2":"type-product","3":"status-publish","4":"has-post-thumbnail","6":"product_cat-grilles-plates","8":"first","9":"instock","10":"shipping-taxable","11":"purchasable","12":"product-type-variable"},"acf":[],"_links":{"self":[{"href":"https:\/\/www.soval.fr\/fr\/wp-json\/wp\/v2\/product\/752","targetHints":{"allow":["GET"]}}],"collection":[{"href":"https:\/\/www.soval.fr\/fr\/wp-json\/wp\/v2\/product"}],"about":[{"href":"https:\/\/www.soval.fr\/fr\/wp-json\/wp\/v2\/types\/product"}],"wp:featuredmedia":[{"embeddable":true,"href":"https:\/\/www.soval.fr\/fr\/wp-json\/wp\/v2\/media\/5597"}],"wp:attachment":[{"href":"https:\/\/www.soval.fr\/fr\/wp-json\/wp\/v2\/media?parent=752"}],"wp:term":[{"taxonomy":"product_brand","embeddable":true,"href":"https:\/\/www.soval.fr\/fr\/wp-json\/wp\/v2\/product_brand?post=752"},{"taxonomy":"product_cat","embeddable":true,"href":"https:\/\/www.soval.fr\/fr\/wp-json\/wp\/v2\/product_cat?post=752"},{"taxonomy":"product_tag","embeddable":true,"href":"https:\/\/www.soval.fr\/fr\/wp-json\/wp\/v2\/product_tag?post=752"}],"curies":[{"name":"wp","href":"https:\/\/api.w.org\/{rel}","templated":true}]}}