{"id":754,"date":"2024-07-20T17:38:07","date_gmt":"2024-07-20T15:38:07","guid":{"rendered":"https:\/\/www.soval.fr\/?post_type=product&#038;p=754"},"modified":"2026-02-27T09:17:16","modified_gmt":"2026-02-27T08:17:16","slug":"grille-de-caniveau-chainable-fixoval-d400","status":"publish","type":"product","link":"https:\/\/www.soval.fr\/fr\/produit\/voirie-assainissement\/collecte-des-eaux\/grilles-plates\/grille-de-caniveau-chainable-fixoval-d400\/","title":{"rendered":"Grille de caniveau cha\u00eenable FIXOVAL D400"},"content":{"rendered":"<p>La grille de caniveau cha\u00eenable FIXOVAL en fonte D400 permet la collecte des eaux pluviales et de ruissellement et permet une circulation pi\u00e9tonne s\u00e9curis\u00e9e gr\u00e2ce \u00e0 sa conformit\u00e9 aux prescriptions PMR.<\/p>\n","protected":false},"excerpt":{"rendered":"<p>La grille de caniveau cha\u00eenable FIXOVAL en fonte D400 permet la collecte des eaux pluviales et de ruissellement et permet une circulation pi\u00e9tonne s\u00e9curis\u00e9e gr\u00e2ce \u00e0 sa conformit\u00e9 aux prescriptions PMR.<\/p>\n","protected":false},"featured_media":5599,"template":"","meta":{"_acf_changed":false},"product_brand":[],"product_cat":[52],"product_tag":[],"class_list":{"0":"post-754","1":"product","2":"type-product","3":"status-publish","4":"has-post-thumbnail","6":"product_cat-grilles-plates","8":"first","9":"instock","10":"shipping-taxable","11":"purchasable","12":"product-type-variable"},"acf":[],"_links":{"self":[{"href":"https:\/\/www.soval.fr\/fr\/wp-json\/wp\/v2\/product\/754","targetHints":{"allow":["GET"]}}],"collection":[{"href":"https:\/\/www.soval.fr\/fr\/wp-json\/wp\/v2\/product"}],"about":[{"href":"https:\/\/www.soval.fr\/fr\/wp-json\/wp\/v2\/types\/product"}],"wp:featuredmedia":[{"embeddable":true,"href":"https:\/\/www.soval.fr\/fr\/wp-json\/wp\/v2\/media\/5599"}],"wp:attachment":[{"href":"https:\/\/www.soval.fr\/fr\/wp-json\/wp\/v2\/media?parent=754"}],"wp:term":[{"taxonomy":"product_brand","embeddable":true,"href":"https:\/\/www.soval.fr\/fr\/wp-json\/wp\/v2\/product_brand?post=754"},{"taxonomy":"product_cat","embeddable":true,"href":"https:\/\/www.soval.fr\/fr\/wp-json\/wp\/v2\/product_cat?post=754"},{"taxonomy":"product_tag","embeddable":true,"href":"https:\/\/www.soval.fr\/fr\/wp-json\/wp\/v2\/product_tag?post=754"}],"curies":[{"name":"wp","href":"https:\/\/api.w.org\/{rel}","templated":true}]}}