{"id":756,"date":"2024-07-20T17:38:07","date_gmt":"2024-07-20T15:38:07","guid":{"rendered":"https:\/\/www.soval.fr\/?post_type=product&#038;p=756"},"modified":"2026-02-27T09:19:53","modified_gmt":"2026-02-27T08:19:53","slug":"grille-verso-verrouillee-articulee-avec-longerons-fonte-e600","status":"publish","type":"product","link":"https:\/\/www.soval.fr\/fr\/produit\/voirie-assainissement\/collecte-des-eaux\/grilles-plates\/grille-verso-verrouillee-articulee-avec-longerons-fonte-e600\/","title":{"rendered":"Grille articul\u00e9e VERSO avec longerons fonte E600"},"content":{"rendered":"<p>Le syst\u00e8me VERS\u2019O est un ensemble de grilles avec longerons fonte E600 pour caniveaux permettant la collecte des eaux pluviales et de ruissellement et permet une circulation pi\u00e9tonne s\u00e9curis\u00e9e gr\u00e2ce \u00e0 sa conformit\u00e9 aux prescriptions PMR.<\/p>\n<p>VERS\u2019O est adapt\u00e9e aux zones imposant des charges \u00e0 l\u2019essieu \u00e9lev\u00e9es (docks, chauss\u00e9e pour camion ect.).<\/p>\n","protected":false},"excerpt":{"rendered":"<p>Le syst\u00e8me VERS\u2019O est un ensemble de grilles avec longerons fonte E600 pour caniveaux permettant la collecte des eaux pluviales et de ruissellement et permet une circulation pi\u00e9tonne s\u00e9curis\u00e9e gr\u00e2ce \u00e0 sa conformit\u00e9 aux prescriptions PMR. VERS\u2019O est adapt\u00e9e aux zones imposant des charges \u00e0 l\u2019essieu \u00e9lev\u00e9es (docks, chauss\u00e9e pour camion ect.).<\/p>\n","protected":false},"featured_media":5609,"template":"","meta":{"_acf_changed":false},"product_brand":[],"product_cat":[52],"product_tag":[],"class_list":{"0":"post-756","1":"product","2":"type-product","3":"status-publish","4":"has-post-thumbnail","6":"product_cat-grilles-plates","8":"first","9":"instock","10":"shipping-taxable","11":"purchasable","12":"product-type-variable"},"acf":[],"_links":{"self":[{"href":"https:\/\/www.soval.fr\/fr\/wp-json\/wp\/v2\/product\/756","targetHints":{"allow":["GET"]}}],"collection":[{"href":"https:\/\/www.soval.fr\/fr\/wp-json\/wp\/v2\/product"}],"about":[{"href":"https:\/\/www.soval.fr\/fr\/wp-json\/wp\/v2\/types\/product"}],"wp:featuredmedia":[{"embeddable":true,"href":"https:\/\/www.soval.fr\/fr\/wp-json\/wp\/v2\/media\/5609"}],"wp:attachment":[{"href":"https:\/\/www.soval.fr\/fr\/wp-json\/wp\/v2\/media?parent=756"}],"wp:term":[{"taxonomy":"product_brand","embeddable":true,"href":"https:\/\/www.soval.fr\/fr\/wp-json\/wp\/v2\/product_brand?post=756"},{"taxonomy":"product_cat","embeddable":true,"href":"https:\/\/www.soval.fr\/fr\/wp-json\/wp\/v2\/product_cat?post=756"},{"taxonomy":"product_tag","embeddable":true,"href":"https:\/\/www.soval.fr\/fr\/wp-json\/wp\/v2\/product_tag?post=756"}],"curies":[{"name":"wp","href":"https:\/\/api.w.org\/{rel}","templated":true}]}}