{"id":757,"date":"2024-07-20T17:38:07","date_gmt":"2024-07-20T15:38:07","guid":{"rendered":"https:\/\/www.soval.fr\/?post_type=product&#038;p=757"},"modified":"2026-02-27T09:18:14","modified_gmt":"2026-02-27T08:18:14","slug":"grilles-71-et-72-trafic-lent-classe-d400","status":"publish","type":"product","link":"https:\/\/www.soval.fr\/fr\/produit\/voirie-assainissement\/collecte-des-eaux\/grilles-plates\/grilles-71-et-72-trafic-lent-classe-d400\/","title":{"rendered":"Grille 71 trafic lent Classe D400"},"content":{"rendered":"<p>La grille N\u00b071 en fonte D400 est adapt\u00e9e \u00e0 tout type de chauss\u00e9e \u00e0 trafic lent.<\/p>\n<p>Elle permet la collecte des eaux pluviales et de ruissellement.<\/p>\n","protected":false},"excerpt":{"rendered":"<p>La grille N\u00b071 en fonte D400 est adapt\u00e9e \u00e0 tout type de chauss\u00e9e \u00e0 trafic lent. Elle permet la collecte des eaux pluviales et de ruissellement.<\/p>\n","protected":false},"featured_media":9585,"template":"","meta":{"_acf_changed":false},"product_brand":[],"product_cat":[52],"product_tag":[],"class_list":{"0":"post-757","1":"product","2":"type-product","3":"status-publish","4":"has-post-thumbnail","6":"product_cat-grilles-plates","8":"first","9":"instock","10":"shipping-taxable","11":"purchasable","12":"product-type-variable"},"acf":[],"_links":{"self":[{"href":"https:\/\/www.soval.fr\/fr\/wp-json\/wp\/v2\/product\/757","targetHints":{"allow":["GET"]}}],"collection":[{"href":"https:\/\/www.soval.fr\/fr\/wp-json\/wp\/v2\/product"}],"about":[{"href":"https:\/\/www.soval.fr\/fr\/wp-json\/wp\/v2\/types\/product"}],"wp:featuredmedia":[{"embeddable":true,"href":"https:\/\/www.soval.fr\/fr\/wp-json\/wp\/v2\/media\/9585"}],"wp:attachment":[{"href":"https:\/\/www.soval.fr\/fr\/wp-json\/wp\/v2\/media?parent=757"}],"wp:term":[{"taxonomy":"product_brand","embeddable":true,"href":"https:\/\/www.soval.fr\/fr\/wp-json\/wp\/v2\/product_brand?post=757"},{"taxonomy":"product_cat","embeddable":true,"href":"https:\/\/www.soval.fr\/fr\/wp-json\/wp\/v2\/product_cat?post=757"},{"taxonomy":"product_tag","embeddable":true,"href":"https:\/\/www.soval.fr\/fr\/wp-json\/wp\/v2\/product_tag?post=757"}],"curies":[{"name":"wp","href":"https:\/\/api.w.org\/{rel}","templated":true}]}}