{"id":763,"date":"2024-07-20T17:38:09","date_gmt":"2024-07-20T15:38:09","guid":{"rendered":"https:\/\/www.soval.fr\/?post_type=product&#038;p=763"},"modified":"2026-02-27T09:22:15","modified_gmt":"2026-02-27T08:22:15","slug":"grille-avaloir-702-profil-a-et-profil-t-classe-c250","status":"publish","type":"product","link":"https:\/\/www.soval.fr\/fr\/produit\/voirie-assainissement\/collecte-des-eaux\/avaloirs\/grille-avaloir-702-profil-a-et-profil-t-classe-c250\/","title":{"rendered":"Grille avaloir 702 profil A et profil T Classe C250"},"content":{"rendered":"<p>Disponible en Profil A ou Profil T de classe C250, la grille avaloir N\u00b0702 en fonte GS est compos\u00e9e d\u2019un cadre et d\u2019une grille. Elle collecte les eaux pluviales et de ruissellement en bordure de trottoir.<\/p>\n<p>Elle est con\u00e7ue pour avaler un maximum de volume d\u2019eau tout en permettant une circulation pi\u00e9tonne s\u00e9curis\u00e9e.<\/p>\n<p><strong>Conforme aux prescriptions PMR.<\/strong><\/p>\n","protected":false},"excerpt":{"rendered":"<p>Disponible en Profil A ou Profil T de classe C250, la grille avaloir N\u00b0702 en fonte GS est compos\u00e9e d\u2019un cadre et d\u2019une grille. Elle collecte les eaux pluviales et de ruissellement en bordure de trottoir. Elle est con\u00e7ue pour avaler un maximum de volume d\u2019eau tout en permettant une circulation pi\u00e9tonne s\u00e9curis\u00e9e. Conforme aux [&hellip;]<\/p>\n","protected":false},"featured_media":5623,"template":"","meta":{"_acf_changed":false},"product_brand":[],"product_cat":[54],"product_tag":[],"class_list":{"0":"post-763","1":"product","2":"type-product","3":"status-publish","4":"has-post-thumbnail","6":"product_cat-avaloirs","8":"first","9":"instock","10":"shipping-taxable","11":"purchasable","12":"product-type-variable"},"acf":[],"_links":{"self":[{"href":"https:\/\/www.soval.fr\/fr\/wp-json\/wp\/v2\/product\/763","targetHints":{"allow":["GET"]}}],"collection":[{"href":"https:\/\/www.soval.fr\/fr\/wp-json\/wp\/v2\/product"}],"about":[{"href":"https:\/\/www.soval.fr\/fr\/wp-json\/wp\/v2\/types\/product"}],"wp:featuredmedia":[{"embeddable":true,"href":"https:\/\/www.soval.fr\/fr\/wp-json\/wp\/v2\/media\/5623"}],"wp:attachment":[{"href":"https:\/\/www.soval.fr\/fr\/wp-json\/wp\/v2\/media?parent=763"}],"wp:term":[{"taxonomy":"product_brand","embeddable":true,"href":"https:\/\/www.soval.fr\/fr\/wp-json\/wp\/v2\/product_brand?post=763"},{"taxonomy":"product_cat","embeddable":true,"href":"https:\/\/www.soval.fr\/fr\/wp-json\/wp\/v2\/product_cat?post=763"},{"taxonomy":"product_tag","embeddable":true,"href":"https:\/\/www.soval.fr\/fr\/wp-json\/wp\/v2\/product_tag?post=763"}],"curies":[{"name":"wp","href":"https:\/\/api.w.org\/{rel}","templated":true}]}}