{"id":772,"date":"2024-07-20T17:38:10","date_gmt":"2024-07-20T15:38:10","guid":{"rendered":"https:\/\/www.soval.fr\/?post_type=product&#038;p=772"},"modified":"2024-09-12T15:46:11","modified_gmt":"2024-09-12T13:46:11","slug":"tetes-de-gargouilles-290-et-297-profil-a-profil-t","status":"publish","type":"product","link":"https:\/\/www.soval.fr\/fr\/produit\/voirie-assainissement\/collecte-des-eaux\/gargouilles-sabots\/tetes-de-gargouilles-290-et-297-profil-a-profil-t\/","title":{"rendered":"T\u00eates de gargouilles 290 et 297 profil A, profil T"},"content":{"rendered":"<p>Les t\u00eates de gargouilles pour accotement en fonte GS et de r\u00e9sistance 250 kN sont disponibles en profil A, et profil T.<\/p>\n<p>Elles \u00e9vacuent les eaux pluviales et de ruissellement en bordure de trottoir.<\/p>\n","protected":false},"excerpt":{"rendered":"<p>Les t\u00eates de gargouilles pour accotement en fonte GS et de r\u00e9sistance 250 kN sont disponibles en profil A, et profil T. Elles \u00e9vacuent les eaux pluviales et de ruissellement en bordure de trottoir.<\/p>\n","protected":false},"featured_media":5641,"template":"","meta":{"_acf_changed":false},"product_brand":[],"product_cat":[55],"product_tag":[],"class_list":{"0":"post-772","1":"product","2":"type-product","3":"status-publish","4":"has-post-thumbnail","6":"product_cat-gargouilles-sabots","8":"first","9":"instock","10":"shipping-taxable","11":"purchasable","12":"product-type-variable"},"acf":[],"_links":{"self":[{"href":"https:\/\/www.soval.fr\/fr\/wp-json\/wp\/v2\/product\/772","targetHints":{"allow":["GET"]}}],"collection":[{"href":"https:\/\/www.soval.fr\/fr\/wp-json\/wp\/v2\/product"}],"about":[{"href":"https:\/\/www.soval.fr\/fr\/wp-json\/wp\/v2\/types\/product"}],"wp:featuredmedia":[{"embeddable":true,"href":"https:\/\/www.soval.fr\/fr\/wp-json\/wp\/v2\/media\/5641"}],"wp:attachment":[{"href":"https:\/\/www.soval.fr\/fr\/wp-json\/wp\/v2\/media?parent=772"}],"wp:term":[{"taxonomy":"product_brand","embeddable":true,"href":"https:\/\/www.soval.fr\/fr\/wp-json\/wp\/v2\/product_brand?post=772"},{"taxonomy":"product_cat","embeddable":true,"href":"https:\/\/www.soval.fr\/fr\/wp-json\/wp\/v2\/product_cat?post=772"},{"taxonomy":"product_tag","embeddable":true,"href":"https:\/\/www.soval.fr\/fr\/wp-json\/wp\/v2\/product_tag?post=772"}],"curies":[{"name":"wp","href":"https:\/\/api.w.org\/{rel}","templated":true}]}}