{"id":773,"date":"2024-07-20T17:38:11","date_gmt":"2024-07-20T15:38:11","guid":{"rendered":"https:\/\/www.soval.fr\/?post_type=product&#038;p=773"},"modified":"2024-09-12T15:46:34","modified_gmt":"2024-09-12T13:46:34","slug":"gargouille-de-trottoir-longueur-1-metre","status":"publish","type":"product","link":"https:\/\/www.soval.fr\/fr\/produit\/voirie-assainissement\/collecte-des-eaux\/gargouilles-sabots\/gargouille-de-trottoir-longueur-1-metre\/","title":{"rendered":"Gargouille de trottoir longueur 1 m\u00e8tre"},"content":{"rendered":"<p>La gargouille de trottoir de longueur 1 m\u00e8tre et en fonte GS re\u00e7oit les eaux pluviales de la descente d\u2019eau ou goutti\u00e8re pour la dirig\u00e9e vers la bordure de trottoir.<\/p>\n","protected":false},"excerpt":{"rendered":"<p>La gargouille de trottoir de longueur 1 m\u00e8tre et en fonte GS re\u00e7oit les eaux pluviales de la descente d\u2019eau ou goutti\u00e8re pour la dirig\u00e9e vers la bordure de trottoir.<\/p>\n","protected":false},"featured_media":5643,"template":"","meta":{"_acf_changed":false},"product_brand":[],"product_cat":[55],"product_tag":[],"class_list":{"0":"post-773","1":"product","2":"type-product","3":"status-publish","4":"has-post-thumbnail","6":"product_cat-gargouilles-sabots","8":"first","9":"instock","10":"shipping-taxable","11":"purchasable","12":"product-type-variable"},"acf":[],"_links":{"self":[{"href":"https:\/\/www.soval.fr\/fr\/wp-json\/wp\/v2\/product\/773","targetHints":{"allow":["GET"]}}],"collection":[{"href":"https:\/\/www.soval.fr\/fr\/wp-json\/wp\/v2\/product"}],"about":[{"href":"https:\/\/www.soval.fr\/fr\/wp-json\/wp\/v2\/types\/product"}],"wp:featuredmedia":[{"embeddable":true,"href":"https:\/\/www.soval.fr\/fr\/wp-json\/wp\/v2\/media\/5643"}],"wp:attachment":[{"href":"https:\/\/www.soval.fr\/fr\/wp-json\/wp\/v2\/media?parent=773"}],"wp:term":[{"taxonomy":"product_brand","embeddable":true,"href":"https:\/\/www.soval.fr\/fr\/wp-json\/wp\/v2\/product_brand?post=773"},{"taxonomy":"product_cat","embeddable":true,"href":"https:\/\/www.soval.fr\/fr\/wp-json\/wp\/v2\/product_cat?post=773"},{"taxonomy":"product_tag","embeddable":true,"href":"https:\/\/www.soval.fr\/fr\/wp-json\/wp\/v2\/product_tag?post=773"}],"curies":[{"name":"wp","href":"https:\/\/api.w.org\/{rel}","templated":true}]}}