{"id":775,"date":"2024-07-20T17:38:11","date_gmt":"2024-07-20T15:38:11","guid":{"rendered":"https:\/\/www.soval.fr\/?post_type=product&#038;p=775"},"modified":"2024-09-12T15:47:17","modified_gmt":"2024-09-12T13:47:17","slug":"bouche-inodore-sous-grille-ou-avaloir","status":"publish","type":"product","link":"https:\/\/www.soval.fr\/fr\/produit\/voirie-assainissement\/collecte-des-eaux\/gargouilles-sabots\/bouche-inodore-sous-grille-ou-avaloir\/","title":{"rendered":"Bouche inodore sous grille ou avaloir"},"content":{"rendered":"<p>La bouche inodore en fonte GS est un dispositif plac\u00e9 dans les chemin\u00e9es sous une grille ou un avaloir.<\/p>\n<p>La bouche inodore agit comme un clapet. Sous le poids de l\u2019eau de pluie ou de ruissellement, le tampon s\u2019ouvre et \u00e9vacue l\u2019eau.<\/p>\n<p>En position ferm\u00e9e, la garde hydraulique emp\u00eache les remont\u00e9es d\u2019odeurs.<\/p>\n","protected":false},"excerpt":{"rendered":"<p>La bouche inodore en fonte GS est un dispositif plac\u00e9 dans les chemin\u00e9es sous une grille ou un avaloir. La bouche inodore agit comme un clapet. Sous le poids de l\u2019eau de pluie ou de ruissellement, le tampon s\u2019ouvre et \u00e9vacue l\u2019eau. En position ferm\u00e9e, la garde hydraulique emp\u00eache les remont\u00e9es d\u2019odeurs.<\/p>\n","protected":false},"featured_media":5647,"template":"","meta":{"_acf_changed":false},"product_brand":[],"product_cat":[55],"product_tag":[],"class_list":{"0":"post-775","1":"product","2":"type-product","3":"status-publish","4":"has-post-thumbnail","6":"product_cat-gargouilles-sabots","8":"first","9":"instock","10":"shipping-taxable","11":"purchasable","12":"product-type-variable"},"acf":[],"_links":{"self":[{"href":"https:\/\/www.soval.fr\/fr\/wp-json\/wp\/v2\/product\/775","targetHints":{"allow":["GET"]}}],"collection":[{"href":"https:\/\/www.soval.fr\/fr\/wp-json\/wp\/v2\/product"}],"about":[{"href":"https:\/\/www.soval.fr\/fr\/wp-json\/wp\/v2\/types\/product"}],"wp:featuredmedia":[{"embeddable":true,"href":"https:\/\/www.soval.fr\/fr\/wp-json\/wp\/v2\/media\/5647"}],"wp:attachment":[{"href":"https:\/\/www.soval.fr\/fr\/wp-json\/wp\/v2\/media?parent=775"}],"wp:term":[{"taxonomy":"product_brand","embeddable":true,"href":"https:\/\/www.soval.fr\/fr\/wp-json\/wp\/v2\/product_brand?post=775"},{"taxonomy":"product_cat","embeddable":true,"href":"https:\/\/www.soval.fr\/fr\/wp-json\/wp\/v2\/product_cat?post=775"},{"taxonomy":"product_tag","embeddable":true,"href":"https:\/\/www.soval.fr\/fr\/wp-json\/wp\/v2\/product_tag?post=775"}],"curies":[{"name":"wp","href":"https:\/\/api.w.org\/{rel}","templated":true}]}}