{"id":778,"date":"2024-07-20T17:38:12","date_gmt":"2024-07-20T15:38:12","guid":{"rendered":"https:\/\/www.soval.fr\/?post_type=product&#038;p=778"},"modified":"2026-02-20T10:54:23","modified_gmt":"2026-02-20T09:54:23","slug":"regard-hydraulique-hydro-ellipse-classe-b125","status":"publish","type":"product","link":"https:\/\/www.soval.fr\/fr\/produit\/voirie-assainissement\/ellipse\/regards-design-et-colores\/regard-hydraulique-hydro-ellipse-classe-b125\/","title":{"rendered":"Regard hydraulique HYDRO Ellipse Classe B125"},"content":{"rendered":"<p>Le REGARD HYDR\u2019O ELLIPSE est un regard carr\u00e9 \u00e0 fermeture hydraulique en fonte B125 assurant l\u2019\u00e9tanch\u00e9it\u00e9 aux odeurs.<\/p>\n","protected":false},"excerpt":{"rendered":"<p>Le REGARD HYDR\u2019O ELLIPSE est un regard carr\u00e9 \u00e0 fermeture hydraulique en fonte B125 assurant l\u2019\u00e9tanch\u00e9it\u00e9 aux odeurs.<\/p>\n","protected":false},"featured_media":3738,"template":"","meta":{"_acf_changed":false},"product_brand":[],"product_cat":[51],"product_tag":[],"class_list":{"0":"post-778","1":"product","2":"type-product","3":"status-publish","4":"has-post-thumbnail","6":"product_cat-regards-design-et-colores","8":"first","9":"instock","10":"shipping-taxable","11":"purchasable","12":"product-type-variable"},"acf":[],"_links":{"self":[{"href":"https:\/\/www.soval.fr\/fr\/wp-json\/wp\/v2\/product\/778","targetHints":{"allow":["GET"]}}],"collection":[{"href":"https:\/\/www.soval.fr\/fr\/wp-json\/wp\/v2\/product"}],"about":[{"href":"https:\/\/www.soval.fr\/fr\/wp-json\/wp\/v2\/types\/product"}],"wp:featuredmedia":[{"embeddable":true,"href":"https:\/\/www.soval.fr\/fr\/wp-json\/wp\/v2\/media\/3738"}],"wp:attachment":[{"href":"https:\/\/www.soval.fr\/fr\/wp-json\/wp\/v2\/media?parent=778"}],"wp:term":[{"taxonomy":"product_brand","embeddable":true,"href":"https:\/\/www.soval.fr\/fr\/wp-json\/wp\/v2\/product_brand?post=778"},{"taxonomy":"product_cat","embeddable":true,"href":"https:\/\/www.soval.fr\/fr\/wp-json\/wp\/v2\/product_cat?post=778"},{"taxonomy":"product_tag","embeddable":true,"href":"https:\/\/www.soval.fr\/fr\/wp-json\/wp\/v2\/product_tag?post=778"}],"curies":[{"name":"wp","href":"https:\/\/api.w.org\/{rel}","templated":true}]}}